{"id":7920,"date":"2021-11-12T21:21:40","date_gmt":"2021-11-12T20:21:40","guid":{"rendered":"https:\/\/www.rosgartenmuseum.de\/visites-guidees-offres\/"},"modified":"2024-01-24T13:54:29","modified_gmt":"2024-01-24T12:54:29","slug":"visites-guidees-offres","status":"publish","type":"page","link":"https:\/\/www.rosgartenmuseum.de\/fr\/visites-guidees-offres\/","title":{"rendered":"VISITES GUID\u00c9ES \/ OFFRES"},"content":{"rendered":"&#13;\n<p>\u00a0<\/p>&#13;\n&#13;\n<h3 class=\"wp-block-heading\">INFORMATIONS G\u00c9N\u00c9RALES SUR NOS VISITES GUID\u00c9ES<\/h3>&#13;\n&#13;\n<p>\u00a0<\/p>&#13;\n\r\n<div class=\"wp-block-columns is-layout-flex wp-container-core-columns-is-layout-9d6595d7 wp-block-columns-is-layout-flex\">\r\n<div class=\"wp-block-column is-layout-flow wp-block-column-is-layout-flow\">&#13;\n<figure class=\"wp-block-image size-large\"><img loading=\"lazy\" decoding=\"async\" width=\"1024\" height=\"614\" class=\"wp-image-1680\" src=\"https:\/\/www.rosgartenmuseum.de\/wp-content\/uploads\/2016\/07\/Vermittlung.web_-1024x614.jpg\" alt=\"\" srcset=\"https:\/\/www.rosgartenmuseum.de\/wp-content\/uploads\/2016\/07\/Vermittlung.web_.jpg 1024w, https:\/\/www.rosgartenmuseum.de\/wp-content\/uploads\/2016\/07\/Vermittlung.web_-300x180.jpg 300w\" sizes=\"auto, (max-width: 1024px) 100vw, 1024px\" \/><\/figure>&#13;\n\r\n\r\n&#13;\n<p><strong>Si vous \u00eates int\u00e9ress\u00e9es ou avez des questions concernant nos visites guid\u00e9es, veuillez vous adresser \u00e0:<\/strong>&#13;\n&#13;\nDr. Lisa Foege&#13;\nTelefon +49 (0)7531 900-2851&#13;\n<a href=\"mailto:Lisa.Foege@konstanz.de\">Lisa.Foege@konstanz.de<\/a><\/p>&#13;\n<\/div>\r\n\r\n\r\n\r\n<div class=\"wp-block-column is-layout-flow wp-block-column-is-layout-flow\">&#13;\n<p><strong>Les co\u00fbts des visites guid\u00e9es sont compos\u00e9s du tarif de la visite guid\u00e9e ainsi que du tarif d\u2019entr\u00e9e.<\/strong>&#13;\n&#13;\n(Tarif par personne dans le Rosgartenmuseum 5,00 \u20ac, tarif r\u00e9duit 3,00\u20ac; le prix peut varier pour les expositions temporaires)<\/p>&#13;\n\r\n\r\n&#13;\n<p>Les visites guid\u00e9es doivent \u00eatre r\u00e9serv\u00e9es en avance.<\/p>&#13;\n\r\n\r\n&#13;\n<p>Visites guid\u00e9es en\u00a0<strong>langues \u00e9trang\u00e8res<\/strong>\u00a0disponibles sur demande.<\/p>&#13;\n\r\n\r\n&#13;\n<p>\u00a0<\/p>&#13;\n\r\n\r\n&#13;\n<p>Pour des raisons pratiques, il n\u2019est pas possible de mener deux visites guid\u00e9es sur le m\u00eame sujet en m\u00eame temps. N\u2019h\u00e9sitez pas \u00e0 nous contacter, nous trouverons une solution.<\/p>&#13;\n\r\n\r\n&#13;\n<p>Des visites guid\u00e9es effectu\u00e9es par des guides ext\u00e9rieurs ne sont pas autoris\u00e9es.<\/p>&#13;\n\r\n\r\n&#13;\n<p>Veuillez prendre en compte que nous commen\u00e7ons les visites \u00e0 l\u2019heure. Pour un retard de quinze minutes, l\u2019heure entam\u00e9e sera factur\u00e9e avec 20 \u20ac suppl\u00e9mentaires.<\/p>&#13;\n\r\n\r\n&#13;\n<p>La taille maximale des groupes est de\u00a0<strong>25 personnes<\/strong>\u00a0(pour des visites guid\u00e9es r\u00e9serv\u00e9es et publiques)<\/p>&#13;\n\r\n\r\n&#13;\n<p>\u00a0<\/p>&#13;\n\r\n\r\n&#13;\n<p>Vous pouvez consulter la vari\u00e9t\u00e9 th\u00e9matique de nos visites dans notre\u00a0\u00a0<a href=\"https:\/\/rosgartenmuseum.de\/wp-content\/uploads\/2019\/12\/F%C3%BChrungsangebot_Rosgartenmuseum-f%C3%BCr-Homepage.pdf\" target=\"_blank\" rel=\"noopener\">Flyer.<\/a><\/p>&#13;\n\r\n\r\n&#13;\n<p>La disponibilit\u00e9 des th\u00e8mes ne peut pas \u00eatre garantie, car elle d\u00e9pend de la disponibilit\u00e9 du personnel.<\/p>&#13;\n\r\n\r\n&#13;\n<p>Vous pouvez trouver des informations r\u00e9sum\u00e9es dans cette compilation:\u00a0<a href=\"https:\/\/www.rosgartenmuseum.de\/wp-content\/uploads\/2024\/01\/Information-Visites-guidees-FR.pdf\" target=\"_blank\" rel=\"noopener\">Information Visites guid\u00e9es<\/a><\/p>&#13;\n<\/div>\r\n<\/div>\r\n&#13;\n<p>\u00a0<\/p>&#13;\n&#13;\n<h2 class=\"wp-block-heading\">VISITES DU MUS\u00c9E (POUR DES GROUPES)<\/h2>&#13;\n&#13;\n<p>\u00a0<\/p>&#13;\n\r\n<div class=\"wp-block-columns is-layout-flex wp-container-core-columns-is-layout-9d6595d7 wp-block-columns-is-layout-flex\">\r\n<div class=\"wp-block-column is-layout-flow wp-block-column-is-layout-flow\">&#13;\n<p>JOURS DE LA SEMAINE<\/p>&#13;\n\r\n\r\n&#13;\n<figure class=\"wp-block-table\">&#13;\n<table class=\"table\">&#13;\n<tbody>&#13;\n<tr>&#13;\n<td>Visite guid\u00e9e<\/td>&#13;\n<td><mark class=\"has-inline-color has-rosered-color\" style=\"background-color: rgba(0, 0, 0, 0);\">80 \u20ac<\/mark><\/td>&#13;\n<\/tr>&#13;\n<tr>&#13;\n<td>Visite guid\u00e9e langue \u00e9trang\u00e8re<\/td>&#13;\n<td><mark class=\"has-inline-color has-rosered-color\" style=\"background-color: rgba(0, 0, 0, 0);\">110 \u20ac<\/mark><\/td>&#13;\n<\/tr>&#13;\n<\/tbody>&#13;\n<\/table>&#13;\n<\/figure>&#13;\n\r\n\r\n&#13;\n<p>WEEK-END + \u00c0 PARTIR DE 18 H<\/p>&#13;\n\r\n\r\n&#13;\n<figure class=\"wp-block-table\">&#13;\n<table class=\"table\">&#13;\n<tbody>&#13;\n<tr>&#13;\n<td>Visite guid\u00e9e<\/td>&#13;\n<td><span class=\"has-inline-color has-rosered-color\">90 \u20ac<\/span><\/td>&#13;\n<\/tr>&#13;\n<tr>&#13;\n<td>Visite guid\u00e9e langue \u00e9trang\u00e8re<\/td>&#13;\n<td><mark class=\"has-inline-color has-rosered-color\" style=\"background-color: rgba(0, 0, 0, 0);\">120 \u20ac<\/mark><\/td>&#13;\n<\/tr>&#13;\n<\/tbody>&#13;\n<\/table>&#13;\n<\/figure>&#13;\n\r\n\r\n&#13;\n<p>La dur\u00e9e des visites guid\u00e9es est d&rsquo;une heure, peut varier l\u00e9g\u00e8rement.<\/p>&#13;\n<\/div>\r\n\r\n\r\n\r\n<div class=\"wp-block-column is-layout-flow wp-block-column-is-layout-flow\">&#13;\n<p>Nous proposons aux groupes des visites guid\u00e9es individuelles de notre exposition permanente et de notre exposition temporaire. Le th\u00e8me de la visite est d\u00e9termin\u00e9 \u00e0 l&rsquo;avance en fonction du domaine d&rsquo;int\u00e9r\u00eat de votre groupe.<\/p>&#13;\n\r\n\r\n&#13;\n<p>Nous nous ferons un plaisir d&rsquo;organiser un ap\u00e9ritif pour clore votre visite. Pour un ap\u00e9ro, nous vous soumettons une offre individuelle.<\/p>&#13;\n<\/div>\r\n<\/div>\r\n&#13;\n<p>\u00a0<\/p>&#13;\n<hr class=\"wp-block-separator has-css-opacity\" \/>&#13;\n<p>\u00a0<\/p>&#13;\n\r\n<div class=\"wp-block-columns is-layout-flex wp-container-core-columns-is-layout-9d6595d7 wp-block-columns-is-layout-flex\">\r\n<div class=\"wp-block-column is-layout-flow wp-block-column-is-layout-flow\">&#13;\n<h5 class=\"wp-block-heading\">VISITES GUID\u00c9ES POUR DES CLASSES D\u2018\u00c9COLIERS<\/h5>&#13;\n\r\n\r\n&#13;\n<p>Classes du district de Constance <span class=\"has-inline-color has-rosered-color\">\u00a03 \u20ac<\/span> \/ \u00e9l\u00e8ve&#13;\nAutres classes en dehors du district de Constance <span class=\"has-inline-color has-rosered-color\">80 \u20ac<\/span><\/p>&#13;\n\r\n\r\n&#13;\n<p>Le cas \u00e9ch\u00e9ant, plus \u00e9lev\u00e9 pour les expositions sp\u00e9ciales<\/p>&#13;\n<\/div>\r\n\r\n\r\n\r\n<div class=\"wp-block-column is-layout-flow wp-block-column-is-layout-flow\">&#13;\n<h5 class=\"wp-block-heading\">VISITES GUID\u00c9ES TH\u00c9MATIQUES<\/h5>&#13;\n\r\n\r\n&#13;\n<p>Nous proposons plusieurs visites guid\u00e9es \u00e0 travers nos expositions temporaire et permanente pouvant \u00eatre adapt\u00e9es \u00e0 chaque classe d\u2019\u00e2ge.&#13;\n&#13;\n<a href=\"https:\/\/www.rosgartenmuseum.de\/wp-content\/uploads\/2018\/05\/FuehrungsangebotRM.pdf\" target=\"_blank\" rel=\"noopener\">&gt; En savoir plus<\/a><\/p>&#13;\n<\/div>\r\n<\/div>\r\n&#13;\n<p>\u00a0<\/p>&#13;\n&#13;\n<h2 class=\"wp-block-heading\">PROMENADE EN VILLE GUID\u00c9ES (POUR DES GROUPES)<\/h2>&#13;\n&#13;\n<p>\u00a0<\/p>&#13;\n\r\n<div class=\"wp-block-columns is-layout-flex wp-container-core-columns-is-layout-9d6595d7 wp-block-columns-is-layout-flex\">\r\n<div class=\"wp-block-column is-layout-flow wp-block-column-is-layout-flow\">&#13;\n<h5 class=\"wp-block-heading\">JOURS DE LA SEMAINE<\/h5>&#13;\n\r\n\r\n&#13;\n<figure class=\"wp-block-table\">&#13;\n<table class=\"table\">&#13;\n<tbody>&#13;\n<tr>&#13;\n<td>Promenade en ville<\/td>&#13;\n<td><mark class=\"has-inline-color has-rosered-color\" style=\"background-color: rgba(0, 0, 0, 0);\">130 \u20ac<\/mark><\/td>&#13;\n<\/tr>&#13;\n<tr>&#13;\n<td>Promenade en ville Langue \u00e9trang\u00e8re<\/td>&#13;\n<td><mark class=\"has-inline-color has-rosered-color\" style=\"background-color: rgba(0, 0, 0, 0);\">160 \u20ac<\/mark><\/td>&#13;\n<\/tr>&#13;\n<\/tbody>&#13;\n<\/table>&#13;\n<\/figure>&#13;\n\r\n\r\n&#13;\n<h5 class=\"wp-block-heading\">WEEK-END + \u00c0 PARTIR DE 18 H<\/h5>&#13;\n\r\n\r\n&#13;\n<figure class=\"wp-block-table\">&#13;\n<table class=\"table\">&#13;\n<tbody>&#13;\n<tr>&#13;\n<td>Promenade en ville<\/td>&#13;\n<td><mark class=\"has-inline-color has-rosered-color\" style=\"background-color: rgba(0, 0, 0, 0);\">150 \u20ac<\/mark><\/td>&#13;\n<\/tr>&#13;\n<tr>&#13;\n<td>Promenade en ville Langue \u00e9trang\u00e8re<\/td>&#13;\n<td><mark class=\"has-inline-color has-rosered-color\" style=\"background-color: rgba(0, 0, 0, 0);\">170 \u20ac<\/mark><\/td>&#13;\n<\/tr>&#13;\n<\/tbody>&#13;\n<\/table>&#13;\n<\/figure>&#13;\n\r\n\r\n&#13;\n<p>\u00a0<\/p>&#13;\n\r\n\r\n&#13;\n<h5 class=\"wp-block-heading\">POUR DES \u00c9COLIERS EN CLASSE<\/h5>&#13;\n\r\n\r\n&#13;\n<p>Classes du district de Constance <span class=\"has-inline-color has-rosered-color\">4 \u20ac<\/span> \/ \u00e9l\u00e8ve&#13;\nAutres classes en dehors du ditrict de Constance <span class=\"has-inline-color has-rosered-color\">100 \u20ac<\/span><\/p>&#13;\n<\/div>\r\n\r\n\r\n\r\n<div class=\"wp-block-column is-layout-flow wp-block-column-is-layout-flow\">&#13;\n<figure class=\"wp-block-image size-large\"><img loading=\"lazy\" decoding=\"async\" width=\"1024\" height=\"768\" class=\"wp-image-3551\" src=\"https:\/\/www.rosgartenmuseum.de\/wp-content\/uploads\/2019\/01\/friends2-1024x768.jpg\" alt=\"\" srcset=\"https:\/\/www.rosgartenmuseum.de\/wp-content\/uploads\/2019\/01\/friends2-1024x768.jpg 1024w, https:\/\/www.rosgartenmuseum.de\/wp-content\/uploads\/2019\/01\/friends2-300x225.jpg 300w, https:\/\/www.rosgartenmuseum.de\/wp-content\/uploads\/2019\/01\/friends2.jpg 1280w\" sizes=\"auto, (max-width: 1024px) 100vw, 1024px\" \/><\/figure>&#13;\n\r\n\r\n&#13;\n<p>Nos guides vous guideront \u00e0 travers la ville de Constance de mani\u00e8re divertissante. Au cours de notre promenade d\u2019environ une heure et demie, vous apprendrez des choses int\u00e9ressantes et curieuses sur les diff\u00e9rentes \u00e9poques de la ville. En plus d\u2019une visite g\u00e9n\u00e9rale, nous proposons \u00e9galement des promenades th\u00e9matiques.&#13;\n&#13;\n<strong>Dur\u00e9e: environ une heure et demie<\/strong><\/p>&#13;\n<\/div>\r\n<\/div>\r\n&#13;\n<h2 class=\"wp-block-heading\">OFFRES \u00c9DUCATIVES<\/h2>&#13;\n&#13;\n<p>\u00a0<\/p>&#13;\n\r\n<div class=\"wp-block-columns is-layout-flex wp-container-core-columns-is-layout-9d6595d7 wp-block-columns-is-layout-flex\">\r\n<div class=\"wp-block-column is-layout-flow wp-block-column-is-layout-flow\">&#13;\n<h5 class=\"wp-block-heading\">THEMA DES MONATS<\/h5>&#13;\n\r\n\r\n&#13;\n<p>Des objets et des objets d&rsquo;art pr\u00e9cieux, rares, curieux, issus des riches collections des mus\u00e9es municipaux et des th\u00e8mes passionnants sur l&rsquo;histoire de la ville et de la r\u00e9gion, pr\u00e9sent\u00e9s chaque mois dans un cadre \u00e9l\u00e9gant, suivis d&rsquo;un ap\u00e9ritif au caf\u00e9 du mus\u00e9e.<\/p>&#13;\n\r\n\r\n&#13;\n<p>Programm- <a href=\"https:\/\/www.rosgartenmuseum.de\/wp-content\/uploads\/2023\/11\/11xstaunen_2024_FINAL_WEB.pdf\" target=\"_blank\" rel=\"noopener\">Flyer 2024<\/a><\/p>&#13;\n<\/div>\r\n\r\n\r\n\r\n<div class=\"wp-block-column is-layout-flow wp-block-column-is-layout-flow\">&#13;\n<h5 class=\"wp-block-heading\">MUS\u00c9NIORS (G\u00e9n\u00e9ration 60+)<\/h5>&#13;\n\r\n\r\n&#13;\n<p>Le Rosgartenmuseum propose une fois par mois un apr\u00e8s-midi divertissant au mus\u00e9e pour la g\u00e9n\u00e9ration 60+. Apr\u00e8s une visite guid\u00e9e d\u2019environ une heure, des g\u00e2teaux et du caf\u00e9 seront servis dans le cadre agr\u00e1ble du caf\u00e9 du mus\u00e9e.<\/p>&#13;\n\r\n\r\n&#13;\n<p>15\u20ac\/ personne ; inscription obligatoire \u00e0 : ines.stadie@konstanz.de ou 07531\/900-2914.<\/p>&#13;\n\r\n\r\n&#13;\n<p>Vous trouverez \u00e9galement toutes les dates actuelles dans notre\u00a0 <a href=\"https:\/\/www.rosgartenmuseum.de\/informationen\/agenda\/\" target=\"_blank\" rel=\"noreferrer noopener\" data-type=\"URL\" data-id=\"https:\/\/www.rosgartenmuseum.de\/informationen\/agenda\/\">Calendrier<\/a>.<\/p>&#13;\n<\/div>\r\n<\/div>\r\n&#13;\n<p>\u00a0<\/p>&#13;\n<hr class=\"wp-block-separator has-css-opacity\" \/>\r\n<div class=\"wp-block-columns is-layout-flex wp-container-core-columns-is-layout-9d6595d7 wp-block-columns-is-layout-flex\">\r\n<div class=\"wp-block-column is-layout-flow wp-block-column-is-layout-flow\">&#13;\n<h5 class=\"wp-block-heading\">\u201eENFANT \u00c0 SUCETTES\u201c \u2013 Visites guid\u00e9es pour parents avec b\u00e9b\u00e9<\/h5>&#13;\n\r\n\r\n&#13;\n<p>Avec l\u2019offre \u201eEnfant \u00e0 sucettes\u201c, nous proposons \u00e0 des parents avec b\u00e9b\u00e9 (jusqu\u2019\u00e0 deux ans) la possibilit\u00e9 de visiter notre mus\u00e9e dans une atmosph\u00e8re d\u00e9tendue et de d\u00e9couvrir la diversit\u00e9 des th\u00e9matiques pr\u00e9sentes dans le Rosgartenmuseum \u00e0 travers des visites guid\u00e9es.<\/p>&#13;\n\r\n\r\n&#13;\n<p>Vous trouverez \u00e9galement toutes les dates actuelles dans notre <a href=\"https:\/\/www.rosgartenmuseum.de\/informationen\/agenda\/\" target=\"_blank\" rel=\"noreferrer noopener\" data-type=\"URL\" data-id=\"https:\/\/www.rosgartenmuseum.de\/informationen\/agenda\/\">Calendrier<\/a>.<\/p>&#13;\n<\/div>\r\n\r\n\r\n\r\n<div class=\"wp-block-column is-layout-flow wp-block-column-is-layout-flow\">&#13;\n<h5 class=\"wp-block-heading\">VISITES GUID\u00c9ES POUR AVEUGLES ET MALVOYANTS<\/h5>&#13;\n\r\n\r\n&#13;\n<p>Faire l\u2019exp\u00e9rience du Rosgartenmuseum avec tous ses sens! Nous proposons des visites guid\u00e9es dans nos deux salles, le Leinersaal et le Zunftsaal, \u00e0 nos visiteurs aveugles et malvoyants, sur demande. La visite guid\u00e9e dure environ une heure. De plus, nous proposons \u00e9galement une visite d\u2019\u0153uvres d\u2019art s\u00e9lectionn\u00e9es de notre inventaire d\u2019art. Nous rendons l\u2019art tangible avec des peintures et des objets en relief.<\/p>&#13;\n\r\n\r\n&#13;\n<p>&gt;\u00a0<a href=\"https:\/\/www.rosgartenmuseum.de\/wp-content\/uploads\/2018\/05\/FlyerBlindenfuehrungRM.pdf\" target=\"_blank\" rel=\"noopener\">En savoir plus<\/a><\/p>&#13;\n<\/div>\r\n<\/div>\r\n&#13;\n<p>\u00a0<\/p>&#13;\n<hr class=\"wp-block-separator has-css-opacity\" \/>\r\n<div class=\"wp-block-columns is-layout-flex wp-container-core-columns-is-layout-9d6595d7 wp-block-columns-is-layout-flex\">\r\n<div class=\"wp-block-column is-layout-flow wp-block-column-is-layout-flow\">&#13;\n<h5 class=\"wp-block-heading\">OFFRES FAMILIAUX<\/h5>&#13;\n\r\n\r\n&#13;\n<p>Partez \u00e0 la d\u00e9couverte des si\u00e8cles et d\u00e9couvrez des choses passionnantes sur l\u2019histoire du mus\u00e9e et de la ville de Constance. Nous allons au fond de l\u2019histoire dans des visites guid\u00e9es et des ateliers.<\/p>&#13;\n\r\n\r\n&#13;\n<p>Pour les dates, veuillez consulter notre <a href=\"https:\/\/www.rosgartenmuseum.de\/informationen\/agenda\/\" target=\"_blank\" rel=\"noreferrer noopener\">calendrier<\/a> presse quotidienne.<\/p>&#13;\n<\/div>\r\n\r\n\r\n\r\n<div class=\"wp-block-column is-layout-flow wp-block-column-is-layout-flow\">&#13;\n<h5 class=\"wp-block-heading\">LE KUNSTCLUB ! &#8211; La vie est une toile<\/h5>&#13;\n\r\n\r\n&#13;\n<p>\u00catre cr\u00e9atif, tout simplement ? Inventer de nouveaux mondes avec de la peinture et des pinceaux ? Et apprendre en m\u00eame temps l&rsquo;histoire de l&rsquo;art et les diff\u00e9rentes techniques ? Alors, vous \u00eates \u00e0 la bonne adresse. Le \u00ab\u00a0Kunstclub !\u00a0\u00bb est une coop\u00e9ration entre le Rosgartenmuseum et l&rsquo;\u00e9cole d&rsquo;art de Constance et propose \u00e0 six reprises une introduction \u00e0 une technique artistique ou \u00e0 un th\u00e8me. Ensuite, nous devenons nous-m\u00eames cr\u00e9atifs et mettons en \u0153uvre ce th\u00e8me ou cette technique. Des connaissances pr\u00e9alables ne sont pas n\u00e9cessaires, mais la curiosit\u00e9 est indispensable.<\/p>&#13;\n\r\n\r\n&#13;\n<p>20\u20ac\/personne et date (mat\u00e9riel inclus)<\/p>&#13;\n\r\n\r\n&#13;\n<p>Inscription sur : ines.stadie@konstanz.de ou 07531\/900-2914.<\/p>&#13;\n<\/div>\r\n<\/div>\r\n&#13;\n<p>\u00a0<\/p>&#13;\n<hr class=\"wp-block-separator has-css-opacity\" \/>&#13;\n<p>\u00a0<\/p>&#13;\n\r\n<div class=\"wp-block-columns is-layout-flex wp-container-core-columns-is-layout-9d6595d7 wp-block-columns-is-layout-flex\">\r\n<div class=\"wp-block-column is-layout-flow wp-block-column-is-layout-flow\">&#13;\n<h5 class=\"wp-block-heading\">Anniversaire des enfants<\/h5>&#13;\n\r\n\r\n&#13;\n<p>Partez \u00e0 la d\u00e9couverte avec nous. Le mus\u00e9e Rosgarten avec ses histoires passionnantes est parfait pour c\u00e9l\u00e9brer votre anniversaire ici. Nous adaptons l\u2019atelier \u00e0 votre sujet pr\u00e9f\u00e9r\u00e9 dans notre maison. <\/p>&#13;\n\r\n\r\n&#13;\n<p>Le cacao et le g\u00e2teau devraient compl\u00e9ter votre f\u00eate? Nous serions heureux de vous faire une offre.<\/p>&#13;\n\r\n\r\n&#13;\n<p><span lang=\"fr\">Vous pouvez trouver des informations<\/span>\u00a0<a href=\"https:\/\/rosgartenmuseum.de\/wp-content\/uploads\/2020\/02\/Infoblatt_Kindergeburtstag_Museum.pdf\" target=\"_blank\" rel=\"noopener\">ici.<\/a><\/p>&#13;\n<\/div>\r\n\r\n\r\n\r\n<div class=\"wp-block-column is-layout-flow wp-block-column-is-layout-flow\">&#13;\n<h5 class=\"wp-block-heading\">Atelier de travail : CE QUE LES OS NOUS DISENT<\/h5>&#13;\n\r\n\r\nLes ruines de la forteresse Constantia datant de l&rsquo;Antiquit\u00e9 tardive, situ\u00e9e sous la place de la cath\u00e9drale, sont un signe visible que les Romains ont laiss\u00e9 leur empreinte ici. Mais qui \u00e9taient les habitants ? Le squelette d&rsquo;une s\u00e9pulture antique &#8211; expos\u00e9 au Rosgartenmuseum &#8211; raconte la vie quotidienne d&rsquo;une femme romaine de l&rsquo;\u00e9poque. Des \u00e9tudes anthropologiques et arch\u00e9ologiques mettent en lumi\u00e8re non seulement l&rsquo;esp\u00e9rance de vie, les maladies et le mode de vie de la population de l&rsquo;\u00e9poque, mais aussi la vie civile pr\u00e8s du fort frontalier romain. Informations sous : Ines.Stadie@konstanz.de ou t\u00e9l. 07531\/ 900 2914.\n<\/div>\r\n<\/div>\r\n\r\n<div class=\"wp-block-columns is-layout-flex wp-container-core-columns-is-layout-9d6595d7 wp-block-columns-is-layout-flex\">\r\n<div class=\"wp-block-column is-layout-flow wp-block-column-is-layout-flow\">\u00a0<\/div>\r\n\r\n\r\n\r\n<div class=\"wp-block-column is-layout-flow wp-block-column-is-layout-flow\">\u00a0<\/div>\r\n<\/div>\r\n<hr class=\"wp-block-separator has-css-opacity\" \/>\r\n<div class=\"wp-block-columns is-layout-flex wp-container-core-columns-is-layout-9d6595d7 wp-block-columns-is-layout-flex\">\r\n<div class=\"wp-block-column is-layout-flow wp-block-column-is-layout-flow\">&#13;\n<p><strong>Si vous \u00eates int\u00e9ress\u00e9es ou avez des questions, veuillez vous adresser \u00e0:<\/strong>&#13;\n&#13;\nInes Stadie&#13;\nTel. 07531\/900-2914&#13;\n<a href=\"mailto:Ines.Stadie@konstanz.de\">Ines.Stadie@konstanz.de<\/a><\/p>&#13;\n<\/div>\r\n\r\n\r\n\r\n<div class=\"wp-block-column is-layout-flow wp-block-column-is-layout-flow\">\u00a0<\/div>\r\n<\/div>\r\n","protected":false},"excerpt":{"rendered":"<p>&#13; \u00a0 &#13; &#13; INFORMATIONS G\u00c9N\u00c9RALES SUR NOS VISITES GUID\u00c9ES &#13; &#13; \u00a0 &#13; &#13; Si vous \u00eates int\u00e9ress\u00e9es ou avez des questions concernant nos visites guid\u00e9es, veuillez vous adresser \u00e0:&#13; &#13; Dr. Lisa Foege&#13; Telefon +49 (0)7531 900-2851&#13; Lisa.Foege@konstanz.de &#13; &#13; Les co\u00fbts des visites guid\u00e9es sont compos\u00e9s du tarif de la visite guid\u00e9e ainsi que du tarif d\u2019entr\u00e9e.&#13;<a class=\"readmore\" href=\"https:\/\/www.rosgartenmuseum.de\/fr\/visites-guidees-offres\/\"><\/p>\n<p>lire la suite<\/a><\/p>\n","protected":false},"author":2,"featured_media":0,"parent":0,"menu_order":0,"comment_status":"closed","ping_status":"closed","template":"","meta":{"_acf_changed":false,"_vp_format_video_url":"","_vp_image_focal_point":[],"footnotes":""},"class_list":["post-7920","page","type-page","status-publish","hentry"],"acf":[],"_links":{"self":[{"href":"https:\/\/www.rosgartenmuseum.de\/fr\/wp-json\/wp\/v2\/pages\/7920","targetHints":{"allow":["GET"]}}],"collection":[{"href":"https:\/\/www.rosgartenmuseum.de\/fr\/wp-json\/wp\/v2\/pages"}],"about":[{"href":"https:\/\/www.rosgartenmuseum.de\/fr\/wp-json\/wp\/v2\/types\/page"}],"author":[{"embeddable":true,"href":"https:\/\/www.rosgartenmuseum.de\/fr\/wp-json\/wp\/v2\/users\/2"}],"replies":[{"embeddable":true,"href":"https:\/\/www.rosgartenmuseum.de\/fr\/wp-json\/wp\/v2\/comments?post=7920"}],"version-history":[{"count":6,"href":"https:\/\/www.rosgartenmuseum.de\/fr\/wp-json\/wp\/v2\/pages\/7920\/revisions"}],"predecessor-version":[{"id":10229,"href":"https:\/\/www.rosgartenmuseum.de\/fr\/wp-json\/wp\/v2\/pages\/7920\/revisions\/10229"}],"wp:attachment":[{"href":"https:\/\/www.rosgartenmuseum.de\/fr\/wp-json\/wp\/v2\/media?parent=7920"}],"curies":[{"name":"wp","href":"https:\/\/api.w.org\/{rel}","templated":true}]}}