{"id":6073,"date":"2020-05-20T09:41:24","date_gmt":"2020-05-20T07:41:24","guid":{"rendered":"https:\/\/www.rosgartenmuseum.de\/corona\/"},"modified":"2021-11-12T17:16:50","modified_gmt":"2021-11-12T16:16:50","slug":"corona","status":"publish","type":"page","link":"https:\/\/www.rosgartenmuseum.de\/fr\/corona\/","title":{"rendered":"Corona"},"content":{"rendered":"\n<p><strong>Le mus\u00e9e Rosgarten est ouvert.<\/strong> L&rsquo;ouverture est soumise \u00e0 des exigences strictes en mati\u00e8re d&rsquo;hygi\u00e8ne et de protection. Nous suivons les recommandations du minist\u00e8re des sciences, de la recherche et des arts du Bade-Wurtemberg.<\/p>\n\n\n\n<p><\/p>\n\n\n\n<!--more-->\n\n\n\n<p>Le nombre de visiteurs est limit\u00e9 en fonction de la taille de la zone d&rsquo;exposition respective.<br>Tous les visiteurs doivent porter un masque. Veuillez apporter votre propre masque !<br>En entrant dans le mus\u00e9e, il faut utiliser le poste de d\u00e9sinfection des mains.<br>Une distance minimale de 1,5 m\u00e8tre doit \u00eatre respect\u00e9e dans toutes les zones. Veuillez faire preuve de consid\u00e9ration pour les autres visiteurs et notre personnel : Attendez dans les escaliers et les passages \u00e9troits jusqu&rsquo;\u00e0 ce que la zone soit d\u00e9gag\u00e9e. Soyez patient si des salles d&rsquo;exposition plus petites sont d\u00e9j\u00e0 visit\u00e9es par d&rsquo;autres invit\u00e9s. Veuillez \u00e9galement respecter les r\u00e8gles de distance lorsque vous utilisez l&rsquo;ascenseur : laissez les passagers descendre en premier avant de monter. C\u00e9der la place aux visiteurs \u00e0 mobilit\u00e9 r\u00e9duite.<br>Les visites peuvent \u00eatre effectu\u00e9es avec un maximum de 9 personnes. Veuillez consulter le calendrier pour obtenir des informations sur nos offres.<br>Les offres \u00e9ducatives des mus\u00e9es se d\u00e9roulent avec des plans d&rsquo;hygi\u00e8ne distincts.<br>Des affiches informent sur les r\u00e8gles d&rsquo;hygi\u00e8ne et de distance. Veuillez respecter les r\u00e8gles et suivre les instructions de notre personnel.<\/p>\n\n\n\n<p><strong>Toutefois, il n&rsquo;y a pas de restrictions sur les heures d&rsquo;ouverture :<\/strong><\/p>\n\n\n\n<p>Du mardi au vendredi de 10h \u00e0 18h<\/p>\n\n\n\n<p>Samedi, dimanche et les jours f\u00e9ri\u00e9s de 10 h \u00e0 17 h.<\/p>\n\n\n\n<p>Toujours ferm\u00e9 le lundi<\/p>\n\n\n\n<p><strong>Le caf\u00e9 du mus\u00e9e est \u00e9galement ouvert.<\/strong> Bien entendu, nous suivons les directives relatives au suivi des contacts et \u00e0 la d\u00e9sinfection et nous gardons la distance requise. Nous ventilons r\u00e9guli\u00e8rement &#8211; veuillez comprendre que les pi\u00e8ces peuvent parfois \u00eatre froides. Le port du masque de tous les jours est obligatoire dans tout le caf\u00e9 du mus\u00e9e. Lorsque vous \u00eates \u00e0 votre place, vous pouvez retirer le masque.<\/p>\n","protected":false},"excerpt":{"rendered":"<p>Le mus\u00e9e Rosgarten est ouvert. L&rsquo;ouverture est soumise \u00e0 des exigences strictes en mati\u00e8re d&rsquo;hygi\u00e8ne et de protection. Nous suivons les recommandations du minist\u00e8re des sciences, de la recherche et des arts du Bade-Wurtemberg.<\/p>\n","protected":false},"author":2,"featured_media":0,"parent":0,"menu_order":0,"comment_status":"closed","ping_status":"closed","template":"","meta":{"_acf_changed":false,"_vp_format_video_url":"","_vp_image_focal_point":[],"footnotes":""},"class_list":["post-6073","page","type-page","status-publish","hentry"],"acf":[],"_links":{"self":[{"href":"https:\/\/www.rosgartenmuseum.de\/fr\/wp-json\/wp\/v2\/pages\/6073","targetHints":{"allow":["GET"]}}],"collection":[{"href":"https:\/\/www.rosgartenmuseum.de\/fr\/wp-json\/wp\/v2\/pages"}],"about":[{"href":"https:\/\/www.rosgartenmuseum.de\/fr\/wp-json\/wp\/v2\/types\/page"}],"author":[{"embeddable":true,"href":"https:\/\/www.rosgartenmuseum.de\/fr\/wp-json\/wp\/v2\/users\/2"}],"replies":[{"embeddable":true,"href":"https:\/\/www.rosgartenmuseum.de\/fr\/wp-json\/wp\/v2\/comments?post=6073"}],"version-history":[{"count":3,"href":"https:\/\/www.rosgartenmuseum.de\/fr\/wp-json\/wp\/v2\/pages\/6073\/revisions"}],"predecessor-version":[{"id":7909,"href":"https:\/\/www.rosgartenmuseum.de\/fr\/wp-json\/wp\/v2\/pages\/6073\/revisions\/7909"}],"wp:attachment":[{"href":"https:\/\/www.rosgartenmuseum.de\/fr\/wp-json\/wp\/v2\/media?parent=6073"}],"curies":[{"name":"wp","href":"https:\/\/api.w.org\/{rel}","templated":true}]}}