{"id":5992,"date":"2020-04-23T10:00:21","date_gmt":"2020-04-23T10:00:21","guid":{"rendered":"https:\/\/www.rosgartenmuseum.de\/maison-jan-hus\/"},"modified":"2020-06-26T09:15:43","modified_gmt":"2020-06-26T07:15:43","slug":"maison-jan-hus","status":"publish","type":"page","link":"https:\/\/www.rosgartenmuseum.de\/fr\/maison-jan-hus\/","title":{"rendered":"Maison Jan Hus"},"content":{"rendered":"<p><strong><img loading=\"lazy\" decoding=\"async\" class=\"alignright wp-image-1738 size-thumbnail\" src=\"https:\/\/www.rosgartenmuseum.de\/wp-content\/uploads\/2016\/07\/Logo_Hus-Haus-150x150.jpg\" alt=\"\" width=\"150\" height=\"150\" data-mce-src=\"https:\/\/www.rosgartenmuseum.de\/wp-content\/uploads\/2016\/07\/Logo_Hus-Haus-150x150.jpg\" srcset=\"https:\/\/www.rosgartenmuseum.de\/wp-content\/uploads\/2016\/07\/Logo_Hus-Haus-150x150.jpg 150w, https:\/\/www.rosgartenmuseum.de\/wp-content\/uploads\/2016\/07\/Logo_Hus-Haus-300x300.jpg 300w, https:\/\/www.rosgartenmuseum.de\/wp-content\/uploads\/2016\/07\/Logo_Hus-Haus.jpg 940w\" sizes=\"auto, (max-width: 150px) 100vw, 150px\" \/>Hus-Haus<\/strong><\/p>\n<p>Hussenstra\u00dfe 64<\/p>\n<p>78462 Konstanz<\/p>\n<p><\/p>\n<p><\/p>\n<p><\/p>\n<div>\n<hr>\n<\/div>\n<h4>T\u00e1bor hussite &#8211; 600 ans \/ Husitsk\u00fd T\u00e1bor \u2013 600 let<\/h4>\n<p>La ville tch\u00e8que de T\u00e1bor, ville jumelle de la ville de Constance, c\u00e9l\u00e8bre cette ann\u00e9e son 600e anniversaire de fondation.<\/p>\n<p>23. juin bis 1. novembre 2020<\/p>\n<hr>\n<p>Depuis plus de 200 ans, la maison Hus \u00e0 Constance est le centre de v\u00e9n\u00e9ration du savant et r\u00e9formateur tch\u00e8que Johannes Hus. En raison de la critique des conditions de l&rsquo;\u00e9glise \u00e0 cette \u00e9poque, Johannes Hus a d\u00fb d\u00e9fendre ses enseignements devant le Conseil de Constance, mais en tant qu&rsquo;h\u00e9r\u00e9tique, il a \u00e9t\u00e9 condamn\u00e9 \u00e0 la mort sur le b\u00fbcher le 6.7.1415.<\/p>\n<p class=\"p1\"><a href=\"\/wp-content\/uploads\/2016\/07\/Flyer_Hus_final_2_web.pdf\" target=\"_blank\" rel=\"noopener noreferrer\" data-mce-href=\"\/wp-content\/uploads\/2016\/07\/Flyer_Hus_final_2_web.pdf\"><span class=\"s1\">Plus d&rsquo;informations<\/span><\/a><\/p>\n<hr>\n<p><strong>Heures d&rsquo;ouverture et prix<\/strong><br \/>1er avril &#8211; 30 septembre<br \/>Mardi &#8211; Dimanche : 11:00 &#8211; 17:00<\/p>\n<p>1er octobre &#8211; 31 mars<br \/>Mardi &#8211; Dimanche : 11:00 &#8211; 16:00<\/p>\n<p>Lundi : ferm\u00e9<br \/>Toujours ferm\u00e9 : 24.12., 25.12., 31.12., 01.01., Vendredi saint, lundi de P\u00e2ques, lundi de Pentec\u00f4te<\/p>\n<p>L&rsquo;entr\u00e9e est gratuite<\/p>\n<hr>\n<div class=\"row\">\n<div class=\"col-md-4\">\n<p><img loading=\"lazy\" decoding=\"async\" class=\"wp-image-5446 size-medium\" src=\"http:\/\/rosgartenmuseum.de\/wp-content\/uploads\/2020\/02\/L.R\u00f6sch-300x300.jpg\" alt=\"\" width=\"300\" height=\"300\" data-mce-src=\"http:\/\/rosgartenmuseum.de\/wp-content\/uploads\/2020\/02\/L.R\u00f6sch-300x300.jpg\"><\/p>\n<\/div>\n<div class=\"col-md-8\"><strong>Contact et Direction<\/strong><\/div>\n<div class=\"col-md-8\">Dr. Libuse R\u00f6sch<\/div>\n<div class=\"col-md-8\">Telefon +49 (0)7531 290 42<\/div>\n<div class=\"col-md-8\"><a href=\"mailto:hus-museum@t-online.de\" data-mce-href=\"mailto:hus-museum@t-online.de\">hus-museum@t-online.de<\/a><\/div>\n<div><\/div>\n<div class=\"col-md-8\"><a href=\"https:\/\/www.konstanz.de\/start\/kultur+_+freizeit\/hus-haus.html\" target=\"_blank\" rel=\"noopener noreferrer\" data-mce-href=\"https:\/\/www.konstanz.de\/start\/kultur+_+freizeit\/hus-haus.html\">Vers le site Hus-Haus<\/a><\/div>\n<div><\/div>\n<\/div>\n<div style=\"border: 1px solid #d1d1d1; margin: 10px 0 10px 0;\" data-mce-style=\"border: 1px solid #d1d1d1; margin: 10px 0 10px 0;\"><\/div>\n<div class=\"row\"><\/div>\n","protected":false},"excerpt":{"rendered":"<p>Hus-Haus Hussenstra\u00dfe 64 78462 Konstanz T\u00e1bor hussite &#8211; 600 ans \/ Husitsk\u00fd T\u00e1bor \u2013 600 let La ville tch\u00e8que de T\u00e1bor, ville jumelle de la ville de Constance, c\u00e9l\u00e8bre cette ann\u00e9e son 600e anniversaire de fondation. 23. juin bis 1. novembre 2020 Depuis plus de 200 ans, la maison Hus \u00e0 Constance est le centre de v\u00e9n\u00e9ration du savant et<a class=\"readmore\" href=\"https:\/\/www.rosgartenmuseum.de\/fr\/maison-jan-hus\/\"><\/p>\n<p>lire la suite<\/a><\/p>\n","protected":false},"author":2,"featured_media":0,"parent":0,"menu_order":0,"comment_status":"closed","ping_status":"closed","template":"","meta":{"_acf_changed":false,"_vp_format_video_url":"","_vp_image_focal_point":[],"footnotes":""},"class_list":["post-5992","page","type-page","status-publish","hentry"],"acf":[],"_links":{"self":[{"href":"https:\/\/www.rosgartenmuseum.de\/fr\/wp-json\/wp\/v2\/pages\/5992","targetHints":{"allow":["GET"]}}],"collection":[{"href":"https:\/\/www.rosgartenmuseum.de\/fr\/wp-json\/wp\/v2\/pages"}],"about":[{"href":"https:\/\/www.rosgartenmuseum.de\/fr\/wp-json\/wp\/v2\/types\/page"}],"author":[{"embeddable":true,"href":"https:\/\/www.rosgartenmuseum.de\/fr\/wp-json\/wp\/v2\/users\/2"}],"replies":[{"embeddable":true,"href":"https:\/\/www.rosgartenmuseum.de\/fr\/wp-json\/wp\/v2\/comments?post=5992"}],"version-history":[{"count":3,"href":"https:\/\/www.rosgartenmuseum.de\/fr\/wp-json\/wp\/v2\/pages\/5992\/revisions"}],"predecessor-version":[{"id":6160,"href":"https:\/\/www.rosgartenmuseum.de\/fr\/wp-json\/wp\/v2\/pages\/5992\/revisions\/6160"}],"wp:attachment":[{"href":"https:\/\/www.rosgartenmuseum.de\/fr\/wp-json\/wp\/v2\/media?parent=5992"}],"curies":[{"name":"wp","href":"https:\/\/api.w.org\/{rel}","templated":true}]}}