{"id":5907,"date":"2016-07-12T17:31:52","date_gmt":"2016-07-12T17:31:52","guid":{"rendered":"https:\/\/www.rosgartenmuseum.de\/impressum\/"},"modified":"2023-01-13T13:13:30","modified_gmt":"2023-01-13T12:13:30","slug":"impressum","status":"publish","type":"page","link":"https:\/\/www.rosgartenmuseum.de\/fr\/impressum\/","title":{"rendered":"Mentions l\u00e9gales"},"content":{"rendered":"<p><strong>Responsable du contenu<\/strong><\/p>\n<p>Soci\u00e9t\u00e9 des amis du mus\u00e9e Rosgarten<br \/>\nTobias Engelsing<br \/>\nRosgartenstrasse 3-5<br \/>\nD-78459 Constance<\/p>\n<p><strong>Conception et programmation de sites web<\/strong><\/p>\n<p>bbv nuber<br \/>\n78462 Constance<br \/>\nwww.bbv-design.com<\/p>\n<p><strong>Clause de non-responsabilit\u00e9<\/strong><\/p>\n<p>La Soci\u00e9t\u00e9 des Amis du Mus\u00e9e Rosgarten s&rsquo;efforce de s&rsquo;assurer que toutes les informations et donn\u00e9es contenues sur son site web sont correctes et \u00e0 jour. Toutefois, aucune responsabilit\u00e9 ou garantie n&rsquo;est accept\u00e9e quant \u00e0 l&rsquo;actualit\u00e9, l&rsquo;exactitude et l&rsquo;exhaustivit\u00e9 des informations et donn\u00e9es fournies. La Soci\u00e9t\u00e9 des Amis du Mus\u00e9e Rosgarten se r\u00e9serve le droit d&rsquo;apporter des modifications ou des ajouts aux informations ou aux donn\u00e9es fournies sans avis pr\u00e9alable.<\/p>\n<p>Toutes les informations et donn\u00e9es de ce site web, son utilisation, ainsi que la connexion au site web et toutes les actions, tol\u00e9rances ou omissions li\u00e9es au site web sont soumises exclusivement au droit allemand. Le lieu d&rsquo;ex\u00e9cution et la juridiction comp\u00e9tente sont Constance.<\/p>\n<p>Malgr\u00e9 un contr\u00f4le minutieux du contenu, la Soci\u00e9t\u00e9 des Amis du Mus\u00e9e Rosgarten d\u00e9cline toute responsabilit\u00e9 quant au contenu des liens externes. Les exploitants des sites li\u00e9s sont seuls responsables du contenu de leurs sites. Les expressions d&rsquo;opinion ou les affirmations de fait reproduites sur les pages li\u00e9es sont de la seule responsabilit\u00e9 des auteurs et ne refl\u00e8tent pas l&rsquo;opinion de la Soci\u00e9t\u00e9 des Amis du Mus\u00e9e Rosgarten.<\/p>\n","protected":false},"excerpt":{"rendered":"<p>Responsable du contenu Soci\u00e9t\u00e9 des amis du mus\u00e9e Rosgarten Tobias Engelsing Rosgartenstrasse 3-5 D-78459 Constance Conception et programmation de sites web bbv nuber 78462 Constance www.bbv-design.com Clause de non-responsabilit\u00e9 La Soci\u00e9t\u00e9 des Amis du Mus\u00e9e Rosgarten s&rsquo;efforce de s&rsquo;assurer que toutes les informations et donn\u00e9es contenues sur son site web sont correctes et \u00e0 jour. Toutefois, aucune responsabilit\u00e9 ou garantie<a class=\"readmore\" href=\"https:\/\/www.rosgartenmuseum.de\/fr\/impressum\/\"><\/p>\n<p>lire la suite<\/a><\/p>\n","protected":false},"author":1,"featured_media":0,"parent":0,"menu_order":0,"comment_status":"closed","ping_status":"closed","template":"","meta":{"_acf_changed":false,"_vp_format_video_url":"","_vp_image_focal_point":[],"footnotes":""},"class_list":["post-5907","page","type-page","status-publish","hentry"],"acf":[],"_links":{"self":[{"href":"https:\/\/www.rosgartenmuseum.de\/fr\/wp-json\/wp\/v2\/pages\/5907","targetHints":{"allow":["GET"]}}],"collection":[{"href":"https:\/\/www.rosgartenmuseum.de\/fr\/wp-json\/wp\/v2\/pages"}],"about":[{"href":"https:\/\/www.rosgartenmuseum.de\/fr\/wp-json\/wp\/v2\/types\/page"}],"author":[{"embeddable":true,"href":"https:\/\/www.rosgartenmuseum.de\/fr\/wp-json\/wp\/v2\/users\/1"}],"replies":[{"embeddable":true,"href":"https:\/\/www.rosgartenmuseum.de\/fr\/wp-json\/wp\/v2\/comments?post=5907"}],"version-history":[{"count":2,"href":"https:\/\/www.rosgartenmuseum.de\/fr\/wp-json\/wp\/v2\/pages\/5907\/revisions"}],"predecessor-version":[{"id":8968,"href":"https:\/\/www.rosgartenmuseum.de\/fr\/wp-json\/wp\/v2\/pages\/5907\/revisions\/8968"}],"wp:attachment":[{"href":"https:\/\/www.rosgartenmuseum.de\/fr\/wp-json\/wp\/v2\/media?parent=5907"}],"curies":[{"name":"wp","href":"https:\/\/api.w.org\/{rel}","templated":true}]}}