{"id":5896,"date":"2016-07-23T08:52:13","date_gmt":"2016-07-23T08:52:13","guid":{"rendered":"https:\/\/www.rosgartenmuseum.de\/shop\/"},"modified":"2020-10-23T16:00:08","modified_gmt":"2020-10-23T14:00:08","slug":"shop","status":"publish","type":"page","link":"https:\/\/www.rosgartenmuseum.de\/fr\/shop\/","title":{"rendered":"Notre boutique du mus\u00e9e"},"content":{"rendered":"<div class=\"container-fluid \">\n<div class=\"ddl-full-width-row row  ddl-frontend-editor-row ddl-frontend-editor-editable\"   data-id='' data-name='Row 2' data-type='row' data-layout_slug='' data-kind='Row' >\n<div class=\"col-sm-6 ddl-frontend-editor-cell ddl-frontend-editor-editable js-ddl-frontend-editor-cell\" data-id='' data-name='Visual Editor' data-type='cell-text' data-layout_slug='' data-kind='Cell'>\n<p><strong>Bienvenue dans notre boutique du mus\u00e9e !<\/strong><\/p>\n<p>Ici, vous pouvez toujours d\u00e9couvrir de belles petites choses.<\/p>\n<p>Notre assortiment change avec les saisons et il y en a pour tous les go\u00fbts : La mode, les accessoires, les cadeaux, les cartes postales et aussi les publications pour nos expositions sp\u00e9ciales.<\/p>\n<p>Jetez un coup d&rsquo;\u0153il !<\/p>\n<\/div>\n<div class=\"col-sm-6 ddl-frontend-editor-cell ddl-frontend-editor-editable js-ddl-frontend-editor-cell\" data-id='' data-name='Bild' data-type='imagebox-cell' data-layout_slug='' data-kind='Cell'>\n<div class=\"thumbnail\">\n<p>                                        <img decoding=\"async\" src=\"https:\/\/www.rosgartenmuseum.de\/wp-content\/uploads\/2020\/10\/Foyerkl.jpg\" class=\" img-responsive alignnone\"    \/><\/p><\/div>\n<\/p><\/div>\n<\/div>\n<\/div>\n","protected":false},"excerpt":{"rendered":"<p>Bienvenue dans notre boutique du mus\u00e9e ! Ici, vous pouvez toujours d\u00e9couvrir de belles petites choses. Notre assortiment change avec les saisons et il y en a pour tous les go\u00fbts : La mode, les accessoires, les cadeaux, les cartes postales et aussi les publications pour nos expositions sp\u00e9ciales. Jetez un coup d&rsquo;\u0153il !<\/p>\n","protected":false},"author":1,"featured_media":6682,"parent":0,"menu_order":0,"comment_status":"closed","ping_status":"closed","template":"","meta":{"_acf_changed":false,"_vp_format_video_url":"","_vp_image_focal_point":[],"footnotes":""},"class_list":["post-5896","page","type-page","status-publish","has-post-thumbnail","hentry"],"acf":[],"_links":{"self":[{"href":"https:\/\/www.rosgartenmuseum.de\/fr\/wp-json\/wp\/v2\/pages\/5896","targetHints":{"allow":["GET"]}}],"collection":[{"href":"https:\/\/www.rosgartenmuseum.de\/fr\/wp-json\/wp\/v2\/pages"}],"about":[{"href":"https:\/\/www.rosgartenmuseum.de\/fr\/wp-json\/wp\/v2\/types\/page"}],"author":[{"embeddable":true,"href":"https:\/\/www.rosgartenmuseum.de\/fr\/wp-json\/wp\/v2\/users\/1"}],"replies":[{"embeddable":true,"href":"https:\/\/www.rosgartenmuseum.de\/fr\/wp-json\/wp\/v2\/comments?post=5896"}],"version-history":[{"count":3,"href":"https:\/\/www.rosgartenmuseum.de\/fr\/wp-json\/wp\/v2\/pages\/5896\/revisions"}],"predecessor-version":[{"id":6686,"href":"https:\/\/www.rosgartenmuseum.de\/fr\/wp-json\/wp\/v2\/pages\/5896\/revisions\/6686"}],"wp:featuredmedia":[{"embeddable":true,"href":"https:\/\/www.rosgartenmuseum.de\/fr\/wp-json\/wp\/v2\/media\/6682"}],"wp:attachment":[{"href":"https:\/\/www.rosgartenmuseum.de\/fr\/wp-json\/wp\/v2\/media?parent=5896"}],"curies":[{"name":"wp","href":"https:\/\/api.w.org\/{rel}","templated":true}]}}