{"id":5869,"date":"2016-06-23T10:50:01","date_gmt":"2016-06-23T10:50:01","guid":{"rendered":"https:\/\/www.rosgartenmuseum.de\/mitgliedschaft\/"},"modified":"2020-04-18T15:43:21","modified_gmt":"2020-04-18T15:43:21","slug":"mitgliedschaft","status":"publish","type":"page","link":"https:\/\/www.rosgartenmuseum.de\/fr\/mitgliedschaft\/","title":{"rendered":"DEVENIR MEMBRE"},"content":{"rendered":"<p><strong>En tant que membre, vous b\u00e9n\u00e9ficiez des avantages suivants:<\/strong><\/p>\n<ul>\n<li>Invitations et informations pr\u00e9alables concernant diff\u00e9rents \u00e9v\u00e9nements du Rosgartenmuseum, de la galerie Wessenberg et du mus\u00e9e de la nature de la r\u00e9gion du lac de Constance<\/li>\n<li>Entr\u00e9e libre dans l\u2019exposition permanente du Rosgartenmuseum<\/li>\n<li>Avant-premi\u00e8res et visites guid\u00e9es des expositions temporaires actuelles gratuites<\/li>\n<li>Excursions organis\u00e9es dans des mus\u00e9es de la r\u00e9gion et voyages d\u2019\u00e9tudes en histoire de l\u2019art de plusieurs jours aussi \u00e0 l\u2019\u00e9tranger<\/li>\n<li>Renseignements et conseils pour des questions pr\u00e9cises Fachfrage par des emplo\u00e9.e.s scientifiques du mus\u00e9e<\/li>\n<\/ul>\n<p><em><a href=\"https:\/\/www.rosgartenmuseum.de\/wp-content\/uploads\/2016\/07\/Beitrittserkla%CC%88rung_2015_FINAL_web.pdf\">Formulaire d\u2019adh\u00e9sion \u00e0 t\u00e9l\u00e9charger au format PDF<\/a><\/em><\/p>\n<p><strong>\u00a0<\/strong><\/p>\n<p><strong>Cotisations<\/strong><\/p>\n<table class=\"table\" style=\"width: 555px; height: 123px;\">\n<tbody>\n<tr style=\"height: 24px;\">\n<td style=\"width: 196px; height: 24px;\">15\u20ac par an<\/td>\n<td style=\"width: 354px; height: 24px;\">\u00c9tudiants, adolescents<\/td>\n<\/tr>\n<tr style=\"height: 24px;\">\n<td style=\"width: 196px; height: 24px;\">30\u20ac par an<\/td>\n<td style=\"width: 354px; height: 24px;\">Tarif standard<\/td>\n<\/tr>\n<tr style=\"height: 22px;\">\n<td style=\"width: 196px; height: 22px;\">45\u20ac par an<\/td>\n<td style=\"width: 354px; height: 22px;\">Tarif de couple<\/td>\n<\/tr>\n<tr style=\"height: 24px;\">\n<td style=\"width: 196px; height: 24px;\">50\u20ac par an<\/td>\n<td style=\"width: 354px; height: 24px;\">Personnes juridiques (cotisation d\u2019entreprise)<\/td>\n<\/tr>\n<\/tbody>\n<\/table>\n<p><strong>Cotisations de m\u00e9c\u00e9nat<\/strong><\/p>\n<table class=\"table\" style=\"width: 555px; height: 196px;\">\n<tbody>\n<tr style=\"height: 24px;\">\n<td style=\"width: 193px; height: 24px;\">100-200\u20ac par an<\/td>\n<td style=\"width: 360px; height: 24px;\"><strong>M\u00e9c\u00e8ne de bronze<\/strong><\/p>\n<p>(Entr\u00e9e libre dans toutes les expositions des mus\u00e9es, plus un catalogue)<\/td>\n<\/tr>\n<tr style=\"height: 24px;\">\n<td style=\"width: 193px; height: 24px;\">201-500\u20ac par an<\/td>\n<td style=\"width: 360px; height: 24px;\"><strong>M\u00e9c\u00e8ne d\u2019argent<\/strong><\/p>\n<p>(Entr\u00e9e libre dans toutes les expositions des mus\u00e9es, plus deux catalogues)<\/td>\n<\/tr>\n<tr style=\"height: 20px;\">\n<td style=\"width: 193px; height: 20px;\">\u00c0 partir de 501\u20ac par an<\/td>\n<td style=\"width: 360px; height: 20px;\"><strong>M\u00e9c\u00e8ne d\u2019or<\/strong><\/p>\n<p>(Entr\u00e9e libre dans toutes les expositions, deux catalogues et un \u00e9v\u00e9nement sp\u00e9cial pour les \u201em\u00e9c\u00e8nes d\u2019or\u201c)<\/td>\n<\/tr>\n<\/tbody>\n<\/table>\n<p>Nous vous serions reconnaissants de bien vouloir payer votere cotisation par autorisation de pr\u00e9l\u00e8vement automatique. Vous trouverez toutes les informations n\u00e9essaires dans le document PDF. La soci\u00e9t\u00e9 des amis du Rosgartenmuseum est reconnue en tant qu\u2019association d\u2019utilit\u00e9 publique \u00e0 but non lucratif, vous pouvez b\u00e9n\u00e9ficier de retous d\u2019imp\u00f4ts sur votre don.<\/p>\n<p>&nbsp;<\/p>\n<p><strong>Contact<\/strong><\/p>\n<p><em>Gesellschaft der Freunde des Rosgartenmuseums e.V.<\/em><br \/>\n<em>Gesch\u00e4ftsstelle c\/o Rosgartenmuseum<\/em><br \/>\nRosgartenstr. 3-5<br \/>\n78462 Konstanz<br \/>\nTelefon +49 (0)7531\/900-2246<br \/>\nEmail: Lucia.Bradler@konstanz.de<\/p>\n","protected":false},"excerpt":{"rendered":"<p>En tant que membre, vous b\u00e9n\u00e9ficiez des avantages suivants: Invitations et informations pr\u00e9alables concernant diff\u00e9rents \u00e9v\u00e9nements du Rosgartenmuseum, de la galerie Wessenberg et du mus\u00e9e de la nature de la r\u00e9gion du lac de Constance Entr\u00e9e libre dans l\u2019exposition permanente du Rosgartenmuseum Avant-premi\u00e8res et visites guid\u00e9es des expositions temporaires actuelles gratuites Excursions organis\u00e9es dans des mus\u00e9es de la r\u00e9gion et<a class=\"readmore\" href=\"https:\/\/www.rosgartenmuseum.de\/fr\/mitgliedschaft\/\"><\/p>\n<p>lire la suite<\/a><\/p>\n","protected":false},"author":1,"featured_media":5870,"parent":0,"menu_order":0,"comment_status":"closed","ping_status":"closed","template":"template-default.php","meta":{"_acf_changed":false,"_vp_format_video_url":"","_vp_image_focal_point":[],"footnotes":""},"class_list":["post-5869","page","type-page","status-publish","has-post-thumbnail","hentry"],"acf":[],"_links":{"self":[{"href":"https:\/\/www.rosgartenmuseum.de\/fr\/wp-json\/wp\/v2\/pages\/5869","targetHints":{"allow":["GET"]}}],"collection":[{"href":"https:\/\/www.rosgartenmuseum.de\/fr\/wp-json\/wp\/v2\/pages"}],"about":[{"href":"https:\/\/www.rosgartenmuseum.de\/fr\/wp-json\/wp\/v2\/types\/page"}],"author":[{"embeddable":true,"href":"https:\/\/www.rosgartenmuseum.de\/fr\/wp-json\/wp\/v2\/users\/1"}],"replies":[{"embeddable":true,"href":"https:\/\/www.rosgartenmuseum.de\/fr\/wp-json\/wp\/v2\/comments?post=5869"}],"version-history":[{"count":1,"href":"https:\/\/www.rosgartenmuseum.de\/fr\/wp-json\/wp\/v2\/pages\/5869\/revisions"}],"predecessor-version":[{"id":5871,"href":"https:\/\/www.rosgartenmuseum.de\/fr\/wp-json\/wp\/v2\/pages\/5869\/revisions\/5871"}],"wp:featuredmedia":[{"embeddable":true,"href":"https:\/\/www.rosgartenmuseum.de\/fr\/wp-json\/wp\/v2\/media\/5870"}],"wp:attachment":[{"href":"https:\/\/www.rosgartenmuseum.de\/fr\/wp-json\/wp\/v2\/media?parent=5869"}],"curies":[{"name":"wp","href":"https:\/\/api.w.org\/{rel}","templated":true}]}}