{"id":5864,"date":"2016-07-11T13:32:05","date_gmt":"2016-07-11T13:32:05","guid":{"rendered":"https:\/\/www.rosgartenmuseum.de\/geschichte-verein\/"},"modified":"2020-04-18T15:23:55","modified_gmt":"2020-04-18T15:23:55","slug":"geschichte-verein","status":"publish","type":"page","link":"https:\/\/www.rosgartenmuseum.de\/fr\/geschichte-verein\/","title":{"rendered":"SOCI\u00c9T\u00c9 DU MUS\u00c9E"},"content":{"rendered":"<p><strong>Un mus\u00e9e a besoin d&rsquo;amis<\/strong><\/p>\n<p>Notre soci\u00e9t\u00e9 des amis du Rosgartenmuseum offre un soutien financiel et intellectuel au mus\u00e9e et remplit un r\u00f4le de plus en plus important pour son d\u00e9veleppement \u00e0 venir: nous nous engageons activement pour la conservation de biens culturels en encourageant l\u2019extension des collections par des achats et nous investissons dans leur conservation; nous permettons l\u2019impression de publications, plaidons pour les int\u00e9r\u00eats du mus\u00e9e et militons pour sa persistance dans l\u2019espace public.<\/p>\n<p>Nous sommes des amoureu.x.ses d\u2019art et d\u2019histoire, entreprenons des voyages de groupes et des excursions sur des th\u00e8mes d\u2019histoire et d\u2019histoire de l\u2019art. Nous organisons \u00e9galement des \u00e9v\u00e9nements au profit du Rosgartenmuseum.<\/p>\n<p>Vous aussi, devenez membre de la soci\u00e9t\u00e9 des amis du Rosgartenmuseum, nous nous r\u00e9jouissons de vous rencontrer!<\/p>\n<p><a href=\"http:\/\/rosgartenmuseum.de\/wp-content\/uploads\/2020\/01\/Beitrittserkl\u00e4rung_2019_FINAL.pdf\" target=\"_blank\" rel=\"noopener noreferrer\">Formulaire d\u2019adh\u00e9sion \u00e0 t\u00e9l\u00e9charger au format PDF<\/a><\/p>\n<p><strong><br \/>\nContact<\/strong><\/p>\n<p>Gesellschaft der Freunde des Rosgartenmuseums e.V.<br \/>\nGesch\u00e4ftsstelle<br \/>\nc\/o Rosgartenmuseum<br \/>\nRosgartenstr. 3-5<br \/>\n78462 Konstanz<br \/>\nTelefon +49 (0)7531 900-2246<br \/>\nEmail: Lucia.Bradler@konstanz.de<\/p>\n","protected":false},"excerpt":{"rendered":"<p>Un mus\u00e9e a besoin d&rsquo;amis Notre soci\u00e9t\u00e9 des amis du Rosgartenmuseum offre un soutien financiel et intellectuel au mus\u00e9e et remplit un r\u00f4le de plus en plus important pour son d\u00e9veleppement \u00e0 venir: nous nous engageons activement pour la conservation de biens culturels en encourageant l\u2019extension des collections par des achats et nous investissons dans leur conservation; nous permettons l\u2019impression<a class=\"readmore\" href=\"https:\/\/www.rosgartenmuseum.de\/fr\/geschichte-verein\/\"><\/p>\n<p>lire la suite<\/a><\/p>\n","protected":false},"author":1,"featured_media":5865,"parent":0,"menu_order":0,"comment_status":"closed","ping_status":"closed","template":"template-default.php","meta":{"_acf_changed":false,"_vp_format_video_url":"","_vp_image_focal_point":[],"footnotes":""},"class_list":["post-5864","page","type-page","status-publish","has-post-thumbnail","hentry"],"acf":[],"_links":{"self":[{"href":"https:\/\/www.rosgartenmuseum.de\/fr\/wp-json\/wp\/v2\/pages\/5864","targetHints":{"allow":["GET"]}}],"collection":[{"href":"https:\/\/www.rosgartenmuseum.de\/fr\/wp-json\/wp\/v2\/pages"}],"about":[{"href":"https:\/\/www.rosgartenmuseum.de\/fr\/wp-json\/wp\/v2\/types\/page"}],"author":[{"embeddable":true,"href":"https:\/\/www.rosgartenmuseum.de\/fr\/wp-json\/wp\/v2\/users\/1"}],"replies":[{"embeddable":true,"href":"https:\/\/www.rosgartenmuseum.de\/fr\/wp-json\/wp\/v2\/comments?post=5864"}],"version-history":[{"count":1,"href":"https:\/\/www.rosgartenmuseum.de\/fr\/wp-json\/wp\/v2\/pages\/5864\/revisions"}],"predecessor-version":[{"id":5866,"href":"https:\/\/www.rosgartenmuseum.de\/fr\/wp-json\/wp\/v2\/pages\/5864\/revisions\/5866"}],"wp:featuredmedia":[{"embeddable":true,"href":"https:\/\/www.rosgartenmuseum.de\/fr\/wp-json\/wp\/v2\/media\/5865"}],"wp:attachment":[{"href":"https:\/\/www.rosgartenmuseum.de\/fr\/wp-json\/wp\/v2\/media?parent=5864"}],"curies":[{"name":"wp","href":"https:\/\/api.w.org\/{rel}","templated":true}]}}