{"id":5853,"date":"2016-07-11T16:31:31","date_gmt":"2016-07-11T16:31:31","guid":{"rendered":"https:\/\/www.rosgartenmuseum.de\/bodensee-naturmuseum\/"},"modified":"2020-04-18T15:03:53","modified_gmt":"2020-04-18T15:03:53","slug":"bodensee-naturmuseum","status":"publish","type":"page","link":"https:\/\/www.rosgartenmuseum.de\/fr\/bodensee-naturmuseum\/","title":{"rendered":"MUS\u00c9E DE LA NATURE DE LA R\u00c9GION DU LAC DE CONSTANCE"},"content":{"rendered":"<div><strong><img loading=\"lazy\" decoding=\"async\" class=\"alignright wp-image-1741 \" src=\"https:\/\/www.rosgartenmuseum.de\/wp-content\/uploads\/2016\/07\/bnm-300x227.png\" alt=\"\" width=\"177\" height=\"134\" srcset=\"https:\/\/www.rosgartenmuseum.de\/wp-content\/uploads\/2016\/07\/bnm-300x227.png 300w, https:\/\/www.rosgartenmuseum.de\/wp-content\/uploads\/2016\/07\/bnm.png 760w\" sizes=\"auto, (max-width: 177px) 100vw, 177px\" \/>Bodensee-Naturmuseum<br \/>\n<\/strong>Hafenstr. 9<\/div>\n<div>78462 Konstanz<\/div>\n<div><\/div>\n<div><\/div>\n<div><\/div>\n<div><\/div>\n<div><\/div>\n<div><\/div>\n<div><\/div>\n<div><\/div>\n<div><span style=\"color: #ffffff;\">\u00a0k<\/span><\/div>\n<div>\n<hr \/>\n<\/div>\n<h4>Tr\u00e9sors sous sapin fonc\u00e9.<\/h4>\n<p>Min\u00e9raux de la For\u00eat-Noire pour les enfants et les jeunes de c\u0153ur<\/p>\n<p class=\"basecontent-sub-heading\">28 mars 2020 au 7 mars 2021<\/p>\n<div style=\"border: 1px solid #d1d1d1; margin: 10px 0 10px 0;\"><\/div>\n<p><em>Le mus\u00e9e de la nature de la r\u00e9gion du lac de Constance pr\u00e9sente en tant que \u201efen\u00eatre sur le lac\u201c son paysage unique. Le c\u0153ur de l\u2019exposition traite de l\u2019origine du lac de Constance et de la diversit\u00e9 de ses biotopes, avec des maquettes informatives et des animaux expos\u00e9s avec soin. S\u2019y ajoutent des expositions temporaires ainsi que le terrain de jeu et d\u2019apprentissage \u201epierres dans le lac\u201c, librement accessible, se trouvant devant le mus\u00e9e.<\/em><\/p>\n<p><em>Le mus\u00e9e de la nature de la r\u00e9gion du lac de Constance est adpt\u00e9 aux handicap\u00e9.e.s et aux familles. Le mus\u00e9e de la nature de la r\u00e9gion du lac de Constance pr\u00e9sente l\u2019histoire du lac de Constance depuis ses origines, l\u2019exposition hydrographique sur le lac et son environnement ainsi que la faune et la flore pr\u00e9sente dans les biotopes du lac et des paysages entourant celui-ci. \u00c0 l\u2019ext\u00e9rieur se trouve\u00a0 l\u2019exposition-exp\u00e9rience \u201epierres dans le lac\u201c.<\/em><\/p>\n<div style=\"border: 1px solid #d1d1d1; margin: 10px 0 10px 0;\"><\/div>\n<p><strong>Horaires d\u2019ouverture et tarifs:<\/strong><\/p>\n<p>Janvier \u00e0 juin: 10h \u2013 17h<br \/>\nJuillet et Ao\u00fbt: 10h \u2013 18h<br \/>\nSeptembre \u00e0 d\u00e9cembre: 10h \u2013 17h<br \/>\nNo\u00ebl (24 d\u00e9cembre): ferm\u00e9<br \/>\nSaint-Sylvestre: 10h \u2013 15h<br \/>\nNouvel An: 11h \u2013 17h<\/p>\n<p>Adultes: 2 \u20ac<br \/>\nEnfants (entre 4 et 14 ans): 1 \u20ac<br \/>\nFamilles: 4,50 \u20ac<br \/>\n\u00c9coliers, \u00e9tudiants, s\u00e9niors: 1,50 \u20ac<br \/>\ngroupes d eplus de 15 personnes: 1,50 \u20ac par personne<br \/>\nClasses: 1 \u20ac par enfant<br \/>\nVisite guid\u00e9e pour des groupes \u00e0 partir de 15 personnes: 30 \u20ac en plus de l\u2018entr\u00e9e<br \/>\nVisite guid\u00e9e pour une classe \u00e0 partir de 15 personnes:17,50 \u20ac en plus de l\u2018entr\u00e9e<\/p>\n<div style=\"border: 1px solid #d1d1d1; margin: 10px 0 10px 0;\"><\/div>\n<div class=\"row\">\n<div class=\"col-md-4\"><img loading=\"lazy\" decoding=\"async\" width=\"400\" height=\"400\" class=\"alignnone size-medium wp-image-419\" src=\"\/wp-content\/uploads\/2016\/07\/Kroth_Martina.jpg\" alt=\"Kroth_Martina\" srcset=\"https:\/\/www.rosgartenmuseum.de\/wp-content\/uploads\/2016\/07\/Kroth_Martina.jpg 400w, https:\/\/www.rosgartenmuseum.de\/wp-content\/uploads\/2016\/07\/Kroth_Martina-150x150.jpg 150w, https:\/\/www.rosgartenmuseum.de\/wp-content\/uploads\/2016\/07\/Kroth_Martina-300x300.jpg 300w\" sizes=\"auto, (max-width: 400px) 100vw, 400px\" \/><\/div>\n<div class=\"col-md-8\"><strong>Contact et direction<\/strong><br \/>\nMartina Kroth<br \/>\nT\u00e9l\u00e9phone +49 (0)7531 900-2915<br \/>\n<a href=\"mailto:Martina.Kroth@konstanz.de\">Martina.Kroth@konstanz.de<\/a><\/div>\n<div class=\"col-md-8\"><\/div>\n<\/div>\n<div class=\"col-md-8\"><a href=\"https:\/\/www.konstanz.de\/,Lde\/start\/kultur+_+freizeit\/bodensee-naturmuseum.html\" target=\"_blank\" rel=\"noopener noreferrer\">Site internet du mus\u00e9e de la nature de la r\u00e9gion du lac de Constance<\/a><\/div>\n","protected":false},"excerpt":{"rendered":"<p>Bodensee-Naturmuseum Hafenstr. 9 78462 Konstanz \u00a0k Tr\u00e9sors sous sapin fonc\u00e9. Min\u00e9raux de la For\u00eat-Noire pour les enfants et les jeunes de c\u0153ur 28 mars 2020 au 7 mars 2021 Le mus\u00e9e de la nature de la r\u00e9gion du lac de Constance pr\u00e9sente en tant que \u201efen\u00eatre sur le lac\u201c son paysage unique. Le c\u0153ur de l\u2019exposition traite de l\u2019origine du<a class=\"readmore\" href=\"https:\/\/www.rosgartenmuseum.de\/fr\/bodensee-naturmuseum\/\"><\/p>\n<p>lire la suite<\/a><\/p>\n","protected":false},"author":1,"featured_media":5855,"parent":0,"menu_order":0,"comment_status":"closed","ping_status":"closed","template":"","meta":{"_acf_changed":false,"_vp_format_video_url":"","_vp_image_focal_point":[],"footnotes":""},"class_list":["post-5853","page","type-page","status-publish","has-post-thumbnail","hentry"],"acf":[],"_links":{"self":[{"href":"https:\/\/www.rosgartenmuseum.de\/fr\/wp-json\/wp\/v2\/pages\/5853","targetHints":{"allow":["GET"]}}],"collection":[{"href":"https:\/\/www.rosgartenmuseum.de\/fr\/wp-json\/wp\/v2\/pages"}],"about":[{"href":"https:\/\/www.rosgartenmuseum.de\/fr\/wp-json\/wp\/v2\/types\/page"}],"author":[{"embeddable":true,"href":"https:\/\/www.rosgartenmuseum.de\/fr\/wp-json\/wp\/v2\/users\/1"}],"replies":[{"embeddable":true,"href":"https:\/\/www.rosgartenmuseum.de\/fr\/wp-json\/wp\/v2\/comments?post=5853"}],"version-history":[{"count":1,"href":"https:\/\/www.rosgartenmuseum.de\/fr\/wp-json\/wp\/v2\/pages\/5853\/revisions"}],"predecessor-version":[{"id":5856,"href":"https:\/\/www.rosgartenmuseum.de\/fr\/wp-json\/wp\/v2\/pages\/5853\/revisions\/5856"}],"wp:featuredmedia":[{"embeddable":true,"href":"https:\/\/www.rosgartenmuseum.de\/fr\/wp-json\/wp\/v2\/media\/5855"}],"wp:attachment":[{"href":"https:\/\/www.rosgartenmuseum.de\/fr\/wp-json\/wp\/v2\/media?parent=5853"}],"curies":[{"name":"wp","href":"https:\/\/api.w.org\/{rel}","templated":true}]}}