{"id":5834,"date":"2020-04-18T13:15:37","date_gmt":"2020-04-18T13:15:37","guid":{"rendered":"https:\/\/www.rosgartenmuseum.de\/galerie-municipale-wessenberg\/"},"modified":"2020-04-18T15:07:33","modified_gmt":"2020-04-18T15:07:33","slug":"galerie-municipale-wessenberg","status":"publish","type":"page","link":"https:\/\/www.rosgartenmuseum.de\/fr\/galerie-municipale-wessenberg\/","title":{"rendered":"GALERIE MUNICIPALE WESSENBERG"},"content":{"rendered":"<p><strong>Adresse de la Galerie:<\/strong><br \/>\nWessenbergstra\u00dfe 43<br \/>\n78462 Konstanz<br \/>\nT\u00e9l\u00e9phone +49 (0)7531 900-2921<\/p>\n<p><strong>Adresse postale:<\/strong><br \/>\nSt\u00e4dtische Museen Konstanz<br \/>\nFrau Dr. Stark<br \/>\nRosgartenstra\u00dfe 3-5<br \/>\n78462 Konstanz<\/p>\n<hr \/>\n<h4>Profession: artiste! Dix peintres allemands au bord du lac de Constance<\/h4>\n<p><strong>9. Mai bis 30. Ao\u00fbt 2020<\/strong><\/p>\n<p><a href=\"https:\/\/www.rosgartenmuseum.de\/wp-content\/uploads\/2020\/04\/Beruf_Kuenstlerin_Flyer_FINAL.pdf\" target=\"_blank\" rel=\"noopener noreferrer\"> Ici vous pouvez trouver le flyer de l&rsquo;exposition.<\/a><\/p>\n<p><a href=\"http:\/\/rosgartenmuseum.de\/wp-content\/uploads\/2019\/11\/jahresvorschau_2020_FINAL_WEB.pdf\" target=\"_blank\" rel=\"noopener noreferrer\">Retrouvez l&rsquo;int\u00e9gralit\u00e9 du programme annuel 2020 ici.<\/a><\/p>\n<hr \/>\n<p><strong>Horaires d\u2019ouverture et tarifs<\/strong><\/p>\n<p>Mardi \u2013 vendredi: 10h \u2013 18h<br \/>\nSamedi, dimanche et jours f\u00e9ri\u00e9s; 10h \u2013 17h<br \/>\nFerm\u00e9 le lundi<\/p>\n<p>La galerie est ferm\u00e9e pendant le d\u00e9m\u00e9nagement de l\u2019exposition.<\/p>\n<p>Tarif r\u00e9gulier: 3\u20ac<br \/>\nTarif r\u00e9duit (\u00e0 partir de 6 ans, groupes \u00e0 partir de 10 personnes): 2\u20ac<br \/>\nClasses: gratuit<\/p>\n<p>Le premier dimanche de chaque mois, l\u2019entr\u00e9e dans toutes les institutions du centre culturel est gratuite.<\/p>\n<p>Un tarif plus \u00e9lev\u00e9 peut \u00eatre demand\u00e9 dans le cadre d\u2019une exposition temporaire.<\/p>\n<hr \/>\n<p><em>La galerie municipale Wessenberg est issue de la collection du dernier administrateur de l\u2019\u00e9v\u00each\u00e9 de Constance, le baron Ignace Henri de Wessenberg (mort en 1860). Par la suite, la collection f\u00fbt compl\u00e9t\u00e9e par des achats de la ville comme par des dons priv\u00e9s.<\/em><\/p>\n<p>L\u2019accent th\u00e9matique est mis sur l\u2019art du sud-ouest de l\u2019Allemagne des 19\u00e8me et 20\u00e8me si\u00e8cles, c\u2019est-\u00e0-dire l\u2019art de la r\u00dfegion du lac de Constance, jusqu\u2019\u00e0 aujourd\u2019hui. Les fonds propres de la galerie alternent avec des expositions temporaires dans les salles d\u2019exposition.<\/p>\n<p>La galerie Wessenberg dispose d\u2019un espace restreint. Une exposition permanente de la collection n\u2019est pas possible. Cependant, la galerie Wessenberg s\u2019oriente dans la conception de ses expositions \u00e0 ses propres fonds et cherche \u00e0 les int\u00e9grer dans les expositions temporaires correspondantes, ou du moins de les traiter de mani\u00e8re sysst\u00e9matique.<\/p>\n<hr \/>\n<p><strong><img loading=\"lazy\" decoding=\"async\" class=\"wp-image-3372 alignleft\" src=\"https:\/\/www.rosgartenmuseum.de\/wp-content\/uploads\/2018\/10\/Stark_Barbara.jpg\" alt=\"\" width=\"185\" height=\"185\" \/><\/strong><\/p>\n<p><strong>Contact et direction<br \/>\nDr. Barbara Stark<br \/>\nTelefon +49 (0)7531 900-2376<br \/>\n<a href=\"mailto:Barbara.Stark@konstanz.de\">Barbara.Stark@konstanz.de<\/a><\/strong><\/p>\n<div class=\"col-md-8\"><a href=\"https:\/\/www.konstanz.de\/,Lde\/start\/kultur+_+freizeit\/wessenberg-galerie.html\" target=\"_blank\" rel=\"noopener noreferrer\">Site internet de la galerie Wessenberg.<\/a><\/div>\n&#13;\n<p>\u00a0<\/p>&#13;\n","protected":false},"excerpt":{"rendered":"<p>Adresse de la Galerie: Wessenbergstra\u00dfe 43 78462 Konstanz T\u00e9l\u00e9phone +49 (0)7531 900-2921 Adresse postale: St\u00e4dtische Museen Konstanz Frau Dr. Stark Rosgartenstra\u00dfe 3-5 78462 Konstanz Profession: artiste! Dix peintres allemands au bord du lac de Constance 9. Mai bis 30. Ao\u00fbt 2020 Ici vous pouvez trouver le flyer de l&rsquo;exposition. Retrouvez l&rsquo;int\u00e9gralit\u00e9 du programme annuel 2020 ici. Horaires d\u2019ouverture et tarifs<a class=\"readmore\" href=\"https:\/\/www.rosgartenmuseum.de\/fr\/galerie-municipale-wessenberg\/\"><\/p>\n<p>lire la suite<\/a><\/p>\n","protected":false},"author":1,"featured_media":5860,"parent":0,"menu_order":0,"comment_status":"closed","ping_status":"closed","template":"","meta":{"_acf_changed":false,"_vp_format_video_url":"","_vp_image_focal_point":[],"footnotes":""},"class_list":["post-5834","page","type-page","status-publish","has-post-thumbnail","hentry"],"acf":[],"_links":{"self":[{"href":"https:\/\/www.rosgartenmuseum.de\/fr\/wp-json\/wp\/v2\/pages\/5834","targetHints":{"allow":["GET"]}}],"collection":[{"href":"https:\/\/www.rosgartenmuseum.de\/fr\/wp-json\/wp\/v2\/pages"}],"about":[{"href":"https:\/\/www.rosgartenmuseum.de\/fr\/wp-json\/wp\/v2\/types\/page"}],"author":[{"embeddable":true,"href":"https:\/\/www.rosgartenmuseum.de\/fr\/wp-json\/wp\/v2\/users\/1"}],"replies":[{"embeddable":true,"href":"https:\/\/www.rosgartenmuseum.de\/fr\/wp-json\/wp\/v2\/comments?post=5834"}],"version-history":[{"count":5,"href":"https:\/\/www.rosgartenmuseum.de\/fr\/wp-json\/wp\/v2\/pages\/5834\/revisions"}],"predecessor-version":[{"id":5861,"href":"https:\/\/www.rosgartenmuseum.de\/fr\/wp-json\/wp\/v2\/pages\/5834\/revisions\/5861"}],"wp:featuredmedia":[{"embeddable":true,"href":"https:\/\/www.rosgartenmuseum.de\/fr\/wp-json\/wp\/v2\/media\/5860"}],"wp:attachment":[{"href":"https:\/\/www.rosgartenmuseum.de\/fr\/wp-json\/wp\/v2\/media?parent=5834"}],"curies":[{"name":"wp","href":"https:\/\/api.w.org\/{rel}","templated":true}]}}