{"id":5562,"date":"2016-07-11T17:21:06","date_gmt":"2016-07-11T17:21:06","guid":{"rendered":"http:\/\/rosgartenmuseum.de\/bildbestellungen\/"},"modified":"2020-02-14T16:22:44","modified_gmt":"2020-02-14T16:22:44","slug":"bildbestellungen","status":"publish","type":"page","link":"https:\/\/www.rosgartenmuseum.de\/fr\/bildbestellungen\/","title":{"rendered":"COMMANDES D\u2018IMAGES"},"content":{"rendered":"<p>Les mus\u00e9es municipaux de Constance ou bien une personne mandat\u00e9e par nous peut effectuer des reproductions d\u2019images et d\u2019objets se trouvant dans sa collection sur demande. Cette d\u00e9marche entra\u00eenera des frais.<\/p>\n<p><strong>Nos prestations:<br \/>\n<\/strong><\/p>\n<ul style=\"list-style-type: disc;\">\n<li>Reproductions digitales<\/li>\n<li>Reproductions photographiques<\/li>\n<\/ul>\n<p><strong>Pr\u00e9cision de nature juridique:<br \/>\n<\/strong><\/p>\n<p>Veuillez prendre en compte que toute reproduction sous forme d\u2019impression ou sous une autre forme doit faire l\u2019objet d\u2019une hablitation pr\u00e9alable par le Rosgartenmuseum. Vous trouverez les d\u00e9tails des conditions correspondantes en pi\u00e8ce jointe du \u201eFormulaire de demande de cr\u00e9ation et d\u2019utilisation de reproductions issues des collections des mus\u00e9es municipaux de Constance\u201c.<\/p>\n<p><strong>Co\u00fbts:<\/strong><\/p>\n<p>Droit d\u2019usage 50\u20ac par image; frais de traitement 25 \u20ac<\/p>\n<p><a href=\"https:\/\/www.rosgartenmuseum.de\/wp-content\/uploads\/2018\/10\/Anfrage-Nutzungsrechte_2018.pdf\" target=\"_blank\" rel=\"noopener noreferrer\">Request Picture Formulaire de demande des droits d\u2019usage<\/a><\/p>\n<p><a href=\"https:\/\/www.rosgartenmuseum.de\/wp-content\/uploads\/2018\/10\/Request-Picture-Utilisation_2018.pdf\" target=\"_blank\" rel=\"noopener noreferrer\">Request Picture Utilisation English<\/a><\/p>\n<p><strong>Contact:<br \/>\n<\/strong>Katharina Schlude<br \/>\n<a href=\"mailto:Katharina.Schlude@konstanz.de\">Katharina.Schlude@konstanz.de<br \/>\n<\/a>Telefon +49 (0)7531 900-2913<\/p>\n","protected":false},"excerpt":{"rendered":"<p>Les mus\u00e9es municipaux de Constance ou bien une personne mandat\u00e9e par nous peut effectuer des reproductions d\u2019images et d\u2019objets se trouvant dans sa collection sur demande. Cette d\u00e9marche entra\u00eenera des frais. Nos prestations: Reproductions digitales Reproductions photographiques Pr\u00e9cision de nature juridique: Veuillez prendre en compte que toute reproduction sous forme d\u2019impression ou sous une autre forme doit faire l\u2019objet d\u2019une<a class=\"readmore\" href=\"https:\/\/www.rosgartenmuseum.de\/fr\/bildbestellungen\/\"><\/p>\n<p>lire la suite<\/a><\/p>\n","protected":false},"author":1,"featured_media":5564,"parent":0,"menu_order":0,"comment_status":"closed","ping_status":"closed","template":"template-default.php","meta":{"_acf_changed":false,"_vp_format_video_url":"","_vp_image_focal_point":[],"footnotes":""},"class_list":["post-5562","page","type-page","status-publish","has-post-thumbnail","hentry"],"acf":[],"_links":{"self":[{"href":"https:\/\/www.rosgartenmuseum.de\/fr\/wp-json\/wp\/v2\/pages\/5562","targetHints":{"allow":["GET"]}}],"collection":[{"href":"https:\/\/www.rosgartenmuseum.de\/fr\/wp-json\/wp\/v2\/pages"}],"about":[{"href":"https:\/\/www.rosgartenmuseum.de\/fr\/wp-json\/wp\/v2\/types\/page"}],"author":[{"embeddable":true,"href":"https:\/\/www.rosgartenmuseum.de\/fr\/wp-json\/wp\/v2\/users\/1"}],"replies":[{"embeddable":true,"href":"https:\/\/www.rosgartenmuseum.de\/fr\/wp-json\/wp\/v2\/comments?post=5562"}],"version-history":[{"count":1,"href":"https:\/\/www.rosgartenmuseum.de\/fr\/wp-json\/wp\/v2\/pages\/5562\/revisions"}],"predecessor-version":[{"id":5565,"href":"https:\/\/www.rosgartenmuseum.de\/fr\/wp-json\/wp\/v2\/pages\/5562\/revisions\/5565"}],"wp:featuredmedia":[{"embeddable":true,"href":"https:\/\/www.rosgartenmuseum.de\/fr\/wp-json\/wp\/v2\/media\/5564"}],"wp:attachment":[{"href":"https:\/\/www.rosgartenmuseum.de\/fr\/wp-json\/wp\/v2\/media?parent=5562"}],"curies":[{"name":"wp","href":"https:\/\/api.w.org\/{rel}","templated":true}]}}