{"id":5529,"date":"2016-07-11T13:23:33","date_gmt":"2016-07-11T13:23:33","guid":{"rendered":"http:\/\/rosgartenmuseum.de\/kunstvermittlung\/"},"modified":"2021-08-19T10:52:11","modified_gmt":"2021-08-19T08:52:11","slug":"kunstvermittlung","status":"publish","type":"page","link":"https:\/\/www.rosgartenmuseum.de\/fr\/kunstvermittlung\/","title":{"rendered":"VISITES GUID\u00c9ES \/ OFFRES"},"content":{"rendered":"<div class=\"container-fluid \">\n<div class=\"ddl-full-width-row row  ddl-frontend-editor-row ddl-frontend-editor-editable\"   data-id='' data-name='Row 1' data-type='row' data-layout_slug='' data-kind='Row' >\n<div class=\"col-sm-12 ddl-frontend-editor-cell ddl-frontend-editor-editable js-ddl-frontend-editor-cell\" data-id='' data-name='Visual Editor 4' data-type='cell-text' data-layout_slug='' data-kind='Cell'>\n<h2><span style=\"color: #e00613;\">INFORMATIONS G\u00c9N\u00c9RALES SUR NOS VISITES GUID\u00c9ES<\/span><\/h2>\n<\/div>\n<\/div>\n<\/div>\n<div class=\"container-fluid \">\n<div class=\"ddl-full-width-row row  ddl-frontend-editor-row ddl-frontend-editor-editable\"   data-id='' data-name='Row 2' data-type='row' data-layout_slug='' data-kind='Row' >\n<div class=\"col-sm-6 ddl-frontend-editor-cell ddl-frontend-editor-editable js-ddl-frontend-editor-cell\" data-id='' data-name='Grid of cells' data-type='container' data-layout_slug='' data-kind='Container'>\n<div class=\"row  ddl-frontend-editor-row ddl-frontend-editor-editable\"   data-id='' data-name='Row 1' data-type='row' data-layout_slug='' data-kind='Row' >\n<div class=\"col-sm-12 ddl-frontend-editor-cell ddl-frontend-editor-editable js-ddl-frontend-editor-cell\" data-id='' data-name='Bild 2' data-type='imagebox-cell' data-layout_slug='' data-kind='Cell'>\n<div class=\"thumbnail\">\n<p>                                        <img decoding=\"async\" src=\"http:\/\/www.rosgartenmuseum.de\/wp-content\/uploads\/2016\/07\/Vermittlung.web_.jpg\" class=\" img-responsive alignnone\"    \/><\/p><\/div>\n<\/p><\/div>\n<\/div>\n<div class=\"row  ddl-frontend-editor-row ddl-frontend-editor-editable\"   data-id='' data-name='Row 2' data-type='row' data-layout_slug='' data-kind='Row' >\n<div class=\"col-sm-12 ddl-frontend-editor-cell ddl-frontend-editor-editable js-ddl-frontend-editor-cell\" data-id='' data-name='Visual Editor 2' data-type='cell-text' data-layout_slug='' data-kind='Cell'>\n<p><strong>Si vous \u00eates int\u00e9ress\u00e9es ou avez des questions concernant nos visites guid\u00e9es, veuillez vous adresser \u00e0:<\/strong><\/p>\n<p>Dr. Lisa Foege<br \/>\nTelefon +49 (0)7531 900-2851<br \/>\n<a href=\"mailto:Lisa.Foege@konstanz.de\"><span style=\"color: #e00613;\">Lisa.Foege@konstanz.de<\/span><\/a><\/p>\n<\/div>\n<\/div>\n<\/div>\n<div class=\"col-sm-6 ddl-frontend-editor-cell ddl-frontend-editor-editable js-ddl-frontend-editor-cell\" data-id='' data-name='Visual Editor' data-type='cell-text' data-layout_slug='' data-kind='Cell'>\n<p><strong>Les co\u00fbts des visites guid\u00e9es sont compos\u00e9s du tarif de la visite guid\u00e9e ainsi que du tarif d\u2019entr\u00e9e.<\/strong><\/p>\n<p>(Tarif par personne dans le Rosgartenmuseum 3,00 \u20ac, tarif r\u00e9duit 1,50\u20ac; le prix peut varier pour les expositions temporaires)<\/p>\n<p>Les visites guid\u00e9es doivent \u00eatre r\u00e9serv\u00e9es en avance.<\/p>\n<p>Visites guid\u00e9es en <strong>langues \u00e9trang\u00e8res<\/strong> disponibles sur demande.<\/p>\n<p>Veuillez prendre note que nous ne pouvons actuellement proposer des visites guid\u00e9es en <strong>anglais<\/strong> et en <strong>espagnol<\/strong> uniquement.<\/p>\n<p>Pour des raisons pratiques, il n\u2019est pas possible de mener deux visites guid\u00e9es sur le m\u00eame sujet en m\u00eame temps. N\u2019h\u00e9sitez pas \u00e0 nous contacter, nous trouverons une solution.<\/p>\n<p>Des visites guid\u00e9es effectu\u00e9es par des guides ext\u00e9rieurs ne sont pas autoris\u00e9es.<\/p>\n<p>Veuillez prendre en compte que nous commen\u00e7ons les visites \u00e0 l\u2019heure. Pour un retard de quinze minutes, l\u2019heure entam\u00e9e sera factur\u00e9e avec 20 \u20ac suppl\u00e9mentaires.<\/p>\n<p>La taille maximale des groupes est de <strong>25 personnes<\/strong> (pour des visites guid\u00e9es r\u00e9serv\u00e9es et publiques)<\/p>\n<p>Le nombre minimal de participants pour une visite guid\u00e9e publique est de 3 personnes.<\/p>\n<p>Le nombre minimal de participants pour une promenade urbaine guid\u00e9e est de 5 personnes.<\/p>\n<p>&nbsp;<\/p>\n<p>Vous pouvez consulter la vari\u00e9t\u00e9 th\u00e9matique de nos visites dans notre\u00a0 <a href=\"http:\/\/rosgartenmuseum.de\/wp-content\/uploads\/2019\/12\/F\u00fchrungsangebot_Rosgartenmuseum-f\u00fcr-Homepage.pdf\" target=\"_blank\" rel=\"noopener\">Flyer.<\/a><\/p>\n<p>Vous pouvez trouver des informations r\u00e9sum\u00e9es dans cette compilation: <a href=\"http:\/\/rosgartenmuseum.de\/wp-content\/uploads\/2019\/12\/F\u00fchrungen-im-Rosgartenmuseum.pdf\">F\u00fchrungen im Rosgartenmuseum<\/a><\/p>\n<\/div>\n<\/div>\n<\/div>\n<div class=\"container-fluid \">\n<div class=\"ddl-full-width-row row  ddl-frontend-editor-row ddl-frontend-editor-editable\"   data-id='' data-name='Row 3' data-type='row' data-layout_slug='' data-kind='Row' >\n<div class=\"col-sm-12 ddl-frontend-editor-cell ddl-frontend-editor-editable js-ddl-frontend-editor-cell\" data-id='' data-name='Visual Editor 3' data-type='cell-text' data-layout_slug='' data-kind='Cell'>\n<h2><span style=\"color: #e00613;\">VISITES DU MUS\u00c9E (POUR DES GROUPES)<\/span><\/h2>\n<\/div>\n<\/div>\n<\/div>\n<div class=\"container-fluid \">\n<div class=\"ddl-full-width-row row  ddl-frontend-editor-row ddl-frontend-editor-editable\"   data-id='' data-name='Row 4' data-type='row' data-layout_slug='' data-kind='Row' >\n<div class=\"col-sm-6 ddl-frontend-editor-cell ddl-frontend-editor-editable js-ddl-frontend-editor-cell\" data-id='' data-name='Visual Editor 5' data-type='cell-text' data-layout_slug='' data-kind='Cell'>\n<h5>JOURS DE LA SEMAINE<\/h5>\n<p>1 h <span style=\"color: #e00613;\">60 \u20ac<\/span><br \/>\n1,5 h <span style=\"color: #e00613;\">90 \u20ac<\/span><br \/>\n1 h langue \u00e9trang\u00e8re <span style=\"color: #e00613;\">90 \u20ac<\/span><br \/>\n1,5 h langue \u00e9trang\u00e8re <span style=\"color: #e00613;\">135 \u20ac<\/span><\/p>\n<h5><\/h5>\n<h5><strong>WEEK-END + \u00c0 PARTIR DE 18 H<\/strong><\/h5>\n<p>1 h <span style=\"color: #e00613;\">70 \u20ac<\/span><br \/>\n1,5 h <span style=\"color: #e00613;\">105 \u20ac<\/span><br \/>\n1 h langue \u00e9trang\u00e8re <span style=\"color: #e00613;\">100 \u20ac<\/span><br \/>\n1,5 h, langue \u00e9trang\u00e8re <span style=\"color: #e00613;\">150 \u20ac<\/span><\/p>\n<p>&nbsp;<\/p>\n<p>La dur\u00e9e des visites guid\u00e9es peut varier l\u00e9g\u00e8rement:<\/p>\n<\/div>\n<div class=\"col-sm-6 ddl-frontend-editor-cell ddl-frontend-editor-editable js-ddl-frontend-editor-cell\" data-id='' data-name='Visual Editor 6' data-type='cell-text' data-layout_slug='' data-kind='Cell'>\n<p>Nous proposons aux groupes de r\u00e9server des visites guid\u00e9es de nos expositions permanente et temporaire. La visite sera ajust\u00e9e th\u00e9matiquement aux int\u00e9r\u00eats du groupe au pr\u00e9alable. C\u2019est avec plaisir que nous pouvons \u00e9galement vous organiser un ap\u00e9ro par lequel finir la visite. Nous vous transmettrons un devis individuel pour en ce qui concerne l\u2019ap\u00e9ro.<\/p>\n<\/div>\n<\/div>\n<\/div>\n<div class=\"container-fluid \">\n<div class=\"ddl-full-width-row row  ddl-frontend-editor-row ddl-frontend-editor-editable\"   data-id='' data-name='Row 11' data-type='row' data-layout_slug='' data-kind='Row' >\n<div class=\"col-sm-12 ddl-frontend-editor-cell ddl-frontend-editor-editable js-ddl-frontend-editor-cell\" data-id='' data-name='Visual Editor 20' data-type='cell-text' data-layout_slug='' data-kind='Cell'>\n<hr \/>\n<\/div>\n<\/div>\n<\/div>\n<div class=\"container-fluid \">\n<div class=\"ddl-full-width-row row  ddl-frontend-editor-row ddl-frontend-editor-editable\"   data-id='' data-name='Row 9' data-type='row' data-layout_slug='' data-kind='Row' >\n<div class=\"col-sm-6 ddl-frontend-editor-cell ddl-frontend-editor-editable js-ddl-frontend-editor-cell\" data-id='' data-name='Visual Editor 12' data-type='cell-text' data-layout_slug='' data-kind='Cell'>\n<h5><strong>VISITES GUID\u00c9ES POUR DES CLASSES D\u2018\u00c9COLIERS<\/strong><\/h5>\n<p>Classes du district de Constance <span style=\"color: #e00613;\">1,50 \u20ac<\/span> \/ \u00e9l\u00e8ve<br \/>\nAutres classes en dehors du district de Constance\u00a0 <span style=\"color: #e00613;\">85 \u20ac<\/span><\/p>\n<\/div>\n<div class=\"col-sm-6 ddl-frontend-editor-cell ddl-frontend-editor-editable js-ddl-frontend-editor-cell\" data-id='' data-name='Visual Editor 16' data-type='cell-text' data-layout_slug='' data-kind='Cell'>\n<h5><strong>VISITES GUID\u00c9ES TH\u00c9MATIQUES<\/strong><\/h5>\n<p>Nous proposons plusieurs visites guid\u00e9es \u00e0 travers nos expositions temporaire et permanente pouvant \u00eatre adapt\u00e9es \u00e0 chaque classe d\u2019\u00e2ge.<\/p>\n<p><a href=\"http:\/\/www.rosgartenmuseum.de\/wp-content\/uploads\/2018\/05\/FuehrungsangebotRM.pdf\" target=\"_blank\" rel=\"noopener\"><span style=\"color: #e00613;\">&gt; En savoir plus<\/span><\/a><\/p>\n<p>&nbsp;<\/p>\n<\/div>\n<\/div>\n<\/div>\n<div class=\"container-fluid \">\n<div class=\"ddl-full-width-row row  ddl-frontend-editor-row ddl-frontend-editor-editable\"   data-id='' data-name='Row 5' data-type='row' data-layout_slug='' data-kind='Row' >\n<div class=\"col-sm-12 ddl-frontend-editor-cell ddl-frontend-editor-editable js-ddl-frontend-editor-cell\" data-id='' data-name='Visual Editor 7' data-type='cell-text' data-layout_slug='' data-kind='Cell'>\n<h2><span style=\"color: #e00613;\">PROMENADES URBAINES GUID\u00c9ES (POUR DES GROUPES)<\/span><\/h2>\n<\/div>\n<\/div>\n<\/div>\n<div class=\"container-fluid \">\n<div class=\"ddl-full-width-row row  ddl-frontend-editor-row ddl-frontend-editor-editable\"   data-id='' data-name='Row 6' data-type='row' data-layout_slug='' data-kind='Row' >\n<div class=\"col-sm-6 ddl-frontend-editor-cell ddl-frontend-editor-editable js-ddl-frontend-editor-cell\" data-id='' data-name='Visual Editor 8' data-type='cell-text' data-layout_slug='' data-kind='Cell'>\n<div class=\"page\" title=\"Page 1\">\n<div class=\"layoutArea\">\n<div class=\"column\">\n<h5>JOURS DE LA SEMAINE<\/h5>\n<p><span style=\"color: #e00613;\">110 \u20ac<\/span><br \/>\nEn langue \u00e9trang\u00e8re\u00a0 <span style=\"color: #e00613;\">140 \u20ac<\/span><\/p>\n<h5>WEEK-END + \u00c0 PARTIR DE 18 H<\/h5>\n<p><span style=\"color: #e00613;\">130 \u20ac<\/span><br \/>\nEn langue \u00e9trang\u00e8re\u00a0 <span style=\"color: #e00613;\">150 \u20ac<\/span><\/p>\n<hr \/>\n<h5>POUR DES \u00c9COLIERS EN CLASSE<\/h5>\n<div class=\"page\" title=\"Page 1\">\n<div class=\"layoutArea\">\n<div class=\"column\">\n<p>Classes du district de Constance <span style=\"color: #e00613;\">4 \u20ac<\/span> \/ \u00e9l\u00e8ve<br \/>\nAutres classes en dehors du ditrict de Constance <span style=\"color: #e00613;\">100 \u20ac<\/span><\/p>\n<\/div>\n<\/div>\n<\/div>\n<p>&nbsp;<\/p>\n<\/div>\n<\/div>\n<\/div>\n<\/div>\n<div class=\"col-sm-6 ddl-frontend-editor-cell ddl-frontend-editor-editable js-ddl-frontend-editor-cell\" data-id='' data-name='Grid of cells 2' data-type='container' data-layout_slug='' data-kind='Container'>\n<div class=\"row  ddl-frontend-editor-row ddl-frontend-editor-editable\"   data-id='' data-name='Row 1' data-type='row' data-layout_slug='' data-kind='Row' >\n<div class=\"col-sm-6 ddl-frontend-editor-cell ddl-frontend-editor-editable js-ddl-frontend-editor-cell\" data-id='' data-name='Bild' data-type='imagebox-cell' data-layout_slug='' data-kind='Cell'>\n<div class=\"thumbnail\">\n<p>                                        <img loading=\"lazy\" decoding=\"async\" src=\"https:\/\/www.rosgartenmuseum.de\/wp-content\/uploads\/2019\/01\/friends2-1024x768.jpg\" width=\"1024\" height=\"768\" class=\" img-responsive alignnone\"     \/><\/p><\/div>\n<\/p><\/div>\n<\/div>\n<div class=\"row  ddl-frontend-editor-row ddl-frontend-editor-editable\"   data-id='' data-name='Row 2' data-type='row' data-layout_slug='' data-kind='Row' >\n<div class=\"col-sm-12 ddl-frontend-editor-cell ddl-frontend-editor-editable js-ddl-frontend-editor-cell\" data-id='' data-name='Visual Editor 9' data-type='cell-text' data-layout_slug='' data-kind='Cell'>\n<p>Nos guides vous guideront \u00e0 travers la ville de Constance de mani\u00e8re divertissante. Au cours de notre promenade d\u2019environ une heure et demie, vous apprendrez des choses int\u00e9ressantes et curieuses sur les diff\u00e9rentes \u00e9poques de la ville. En plus d\u2019une visite g\u00e9n\u00e9rale, nous proposons \u00e9galement des promenades th\u00e9matiques.<\/p>\n<p><strong>Dur\u00e9e: environ une heure et demie<\/strong><\/p>\n<\/div>\n<\/div>\n<\/div>\n<\/div>\n<\/div>\n<div class=\"container-fluid \">\n<div class=\"ddl-full-width-row row  ddl-frontend-editor-row ddl-frontend-editor-editable\"   data-id='' data-name='Row 7' data-type='row' data-layout_slug='' data-kind='Row' >\n<div class=\"col-sm-12 ddl-frontend-editor-cell ddl-frontend-editor-editable js-ddl-frontend-editor-cell\" data-id='' data-name='Visual Editor 10' data-type='cell-text' data-layout_slug='' data-kind='Cell'>\n<h2><span style=\"color: #e00613;\">OFFRES \u00c9DUCATIVES<\/span><\/h2>\n<\/div>\n<\/div>\n<\/div>\n<div class=\"container-fluid \">\n<div class=\"ddl-full-width-row row  ddl-frontend-editor-row ddl-frontend-editor-editable\"   data-id='' data-name='Row 8' data-type='row' data-layout_slug='' data-kind='Row' >\n<div class=\"col-sm-12 ddl-frontend-editor-cell ddl-frontend-editor-editable js-ddl-frontend-editor-cell\" data-id='' data-name='Grid of cells 3' data-type='container' data-layout_slug='' data-kind='Container'>\n<div class=\"row  ddl-frontend-editor-row ddl-frontend-editor-editable\"   data-id='' data-name='Row 1' data-type='row' data-layout_slug='' data-kind='Row' >\n<div class=\"col-sm-6 ddl-frontend-editor-cell ddl-frontend-editor-editable js-ddl-frontend-editor-cell\" data-id='' data-name='Visual Editor 11' data-type='cell-text' data-layout_slug='' data-kind='Cell'>\n<h5><span style=\"color: #808080;\">THEMA DES MONATS<\/span><\/h5>\n<p><span style=\"color: #808080; font-family: Arial;\">Wertvolle, seltene, kuriose Objekte und Kunstgegenst\u00e4nde aus den reichen Sammlungen der St\u00e4dtischen Museen und spannende Themen zur Stadt- und Regionalgeschichte, monatlich pr\u00e4sentiert in stilvollem Rahmen mit anschlie\u00dfendem Aperitif im Museumscaf\u00e9. <\/span><\/p>\n<p><span style=\"color: #808080; font-family: Arial;\">Alle Informationen finden Sie im <a href=\"https:\/\/www.rosgartenmuseum.de\/wp-content\/uploads\/2020\/12\/11xstaunen_2021_FINAL.pdf\" target=\"_blank\" rel=\"noopener\">Flyer.<\/a><\/span><\/p>\n<\/div>\n<div class=\"col-sm-6 ddl-frontend-editor-cell ddl-frontend-editor-editable js-ddl-frontend-editor-cell\" data-id='' data-name='Visual Editor 15' data-type='cell-text' data-layout_slug='' data-kind='Cell'>\n<h5>MUS\u00c9NIORS (G\u00e9n\u00e9ration 60+)<\/h5>\n<p>Le Rosgartenmuseum propose une fois par mois un apr\u00e8s-midi divertissant au mus\u00e9e pour la g\u00e9n\u00e9ration 60+. Apr\u00e8s une visite guid\u00e9e d\u2019environ une heure, des g\u00e2teaux et du caf\u00e9 seront servis dans le cadre agr\u00e1ble du caf\u00e9 du mus\u00e9e.<\/p>\n<p>10\u20ac\/personne; inscription obligatoire.<\/p>\n<p><a href=\"http:\/\/rosgartenmuseum.de\/wp-content\/uploads\/2019\/12\/Museenioren_RM_Halbjahr1_2020_FINAL_WEB.pdf\" target=\"_blank\" rel=\"noopener\"><span style=\"color: #808080;\">&gt; En savoir plus<\/span><\/a><\/p>\n<\/div>\n<\/div>\n<div class=\"row  ddl-frontend-editor-row ddl-frontend-editor-editable\"   data-id='' data-name='Row 2' data-type='row' data-layout_slug='' data-kind='Row' >\n<div class=\"col-sm-12 ddl-frontend-editor-cell ddl-frontend-editor-editable js-ddl-frontend-editor-cell\" data-id='' data-name='Visual Editor 19' data-type='cell-text' data-layout_slug='' data-kind='Cell'>\n<hr \/>\n<\/div>\n<\/div>\n<div class=\"row  ddl-frontend-editor-row ddl-frontend-editor-editable\"   data-id='' data-name='Row 3' data-type='row' data-layout_slug='' data-kind='Row' >\n<div class=\"col-sm-6 ddl-frontend-editor-cell ddl-frontend-editor-editable js-ddl-frontend-editor-cell\" data-id='' data-name='Visual Editor 13' data-type='cell-text' data-layout_slug='' data-kind='Cell'>\n<h5>\u201eENFANT \u00c0 SUCETTES\u201c \u2013 Visites guid\u00e9es pour parents avec b\u00e9b\u00e9<\/h5>\n<p>Avec l\u2019offre \u201eEnfant \u00e0 sucettes\u201c, nous proposons \u00e0 des parents avec b\u00e9b\u00e9 (jusqu\u2019\u00e0 deux ans) la possibilit\u00e9 de visiter notre mus\u00e9e dans une atmosph\u00e8re d\u00e9tendue et de d\u00e9couvrir la diversit\u00e9 des th\u00e9matiques pr\u00e9sentes dans le Rosgartenmuseum \u00e0 travers des visites guid\u00e9es.<\/p>\n<p><a href=\"http:\/\/rosgartenmuseum.de\/wp-content\/uploads\/2019\/12\/Schnullerkind_A6_2020_WEB.pdf\" target=\"_blank\" rel=\"noopener\">Le flyer concernant cette offre se trouve ici<\/a>.<\/p>\n<\/div>\n<div class=\"col-sm-6 ddl-frontend-editor-cell ddl-frontend-editor-editable js-ddl-frontend-editor-cell\" data-id='' data-name='Visual Editor 17' data-type='cell-text' data-layout_slug='' data-kind='Cell'>\n<h5>VISITES GUID\u00c9ES POUR AVEUGLES ET MALVOYANTS<\/h5>\n<p>Faire l\u2019exp\u00e9rience du Rosgartenmuseum avec tous ses sens! Nous proposons des visites guid\u00e9es dans nos deux salles, le Leinersaal et le Zunftsaal, \u00e0 nos visiteurs aveugles et malvoyants, sur demande. La visite guid\u00e9e dure environ une heure. De plus, nous proposons \u00e9galement une visite d&rsquo;\u0153uvres d&rsquo;art s\u00e9lectionn\u00e9es de notre inventaire d&rsquo;art. Nous rendons l&rsquo;art tangible avec des peintures et des objets en relief.<\/p>\n<p><span style=\"color: #808080;\">&gt; <a style=\"color: #808080;\" href=\"http:\/\/www.rosgartenmuseum.de\/wp-content\/uploads\/2018\/05\/FlyerBlindenfuehrungRM.pdf\" target=\"_blank\" rel=\"noopener\">En savoir plus<\/a><\/span><\/p>\n<\/div>\n<\/div>\n<div class=\"row  ddl-frontend-editor-row ddl-frontend-editor-editable\"   data-id='' data-name='Row 5' data-type='row' data-layout_slug='' data-kind='Row' >\n<div class=\"col-sm-12 ddl-frontend-editor-cell ddl-frontend-editor-editable js-ddl-frontend-editor-cell\" data-id='' data-name='Visual Editor 21' data-type='cell-text' data-layout_slug='' data-kind='Cell'>\n<hr \/>\n<\/div>\n<\/div>\n<div class=\"row  ddl-frontend-editor-row ddl-frontend-editor-editable\"   data-id='' data-name='Row 6' data-type='row' data-layout_slug='' data-kind='Row' >\n<div class=\"col-sm-6 ddl-frontend-editor-cell ddl-frontend-editor-editable js-ddl-frontend-editor-cell\" data-id='' data-name='Visual Editor 22' data-type='cell-text' data-layout_slug='' data-kind='Cell'>\n<h5>OFFRES FAMILIAUX<\/h5>\n<p>Partez \u00e0 la d\u00e9couverte des si\u00e8cles et d\u00e9couvrez des choses passionnantes sur l&rsquo;histoire du mus\u00e9e et de la ville de Constance. Nous allons au fond de l&rsquo;histoire dans des visites guid\u00e9es et des ateliers.<\/p>\n<p>Pour les dates veuillez garder un \u0153il sur notre calendrier et la presse quotidienne, toutes les dates sont \u00e9galement list\u00e9es sur la page <a href=\"http:\/\/www.hermine-termine.de\/\" target=\"_blank\" rel=\"noopener\">\u00ab\u00a0Hermine Termine\u00a0\u00bb.<\/a><\/p>\n<\/div>\n<div class=\"col-sm-6 ddl-frontend-editor-cell ddl-frontend-editor-editable js-ddl-frontend-editor-cell\" data-id='' data-name='Visual Editor 23' data-type='cell-text' data-layout_slug='' data-kind='Cell'>\n<h5>KUNSTCLUB! &#8211; Das Leben ist eine Leinwand<\/h5>\n<p>Einfach mal wieder kreativ sein? Mit Farbe und Pinsel neue Weltern erfinden? Und nebenbei etwas \u00fcber Kunstgeschichte und einzelne Techniken erfahren? Dann sind Sie bei uns genau richtig. Der \u00ab\u00a0Kunstclub!\u00a0\u00bb ist eine Kooperation zwischen Rosgartenmuseum und der Kunstschule Konstanz und bietet an sechs Terminen eine Einf\u00fchrung in eine Kunsttechnik oder ein Thema an. Im Anschluss werden wir selbst kreativ und setzen dieses Thema oder diese Technik um. Vorkenntnisse sind nicht n\u00f6tig, Neugier aber unbedingt.<\/p>\n<p>20\u20ac\/Person und Termin (inkl. Material)<\/p>\n<p>Anmeldung unter: ines.stadie@konstanz.de oder 07531\/900-2914.<\/p>\n<p>&nbsp;<\/p>\n<\/div>\n<\/div>\n<div class=\"row  ddl-frontend-editor-row ddl-frontend-editor-editable\"   data-id='' data-name='Row 7' data-type='row' data-layout_slug='' data-kind='Row' >\n<div class=\"col-sm-12 ddl-frontend-editor-cell ddl-frontend-editor-editable js-ddl-frontend-editor-cell\" data-id='' data-name='Visual Editor 24' data-type='cell-text' data-layout_slug='' data-kind='Cell'>\n<hr \/>\n<\/div>\n<\/div>\n<div class=\"row  ddl-frontend-editor-row ddl-frontend-editor-editable\"   data-id='' data-name='Row 6' data-type='row' data-layout_slug='' data-kind='Row' >\n<div class=\"col-sm-6 ddl-frontend-editor-cell ddl-frontend-editor-editable js-ddl-frontend-editor-cell\" data-id='' data-name='Visual Editor 22' data-type='cell-text' data-layout_slug='' data-kind='Cell'>\n<h5 id=\"tw-target-text\" class=\"tw-data-text tw-text-large tw-ta\" dir=\"ltr\" data-placeholder=\"\u00dcbersetzung\"><span lang=\"fr\">Anniversaire des enfants<\/span><\/h5>\n<p id=\"tw-target-text\" class=\"tw-data-text tw-text-large tw-ta\" dir=\"ltr\" data-placeholder=\"\u00dcbersetzung\"><span lang=\"fr\">Partez \u00e0 la d\u00e9couverte avec nous. Le mus\u00e9e Rosgarten avec ses histoires passionnantes est parfait pour c\u00e9l\u00e9brer votre anniversaire ici. Nous adaptons l&rsquo;atelier \u00e0 votre sujet pr\u00e9f\u00e9r\u00e9 dans notre maison. Le cacao et le g\u00e2teau devraient compl\u00e9ter votre f\u00eate? Nous serions heureux de vous faire une offre. Vous pouvez trouver des informations<\/span> <a href=\"http:\/\/rosgartenmuseum.de\/wp-content\/uploads\/2020\/02\/Infoblatt_Kindergeburtstag_Museum.pdf\" target=\"_blank\" rel=\"noopener\">ici.<\/a><\/p>\n<\/div>\n<div class=\"col-sm-6 ddl-frontend-editor-cell ddl-frontend-editor-editable js-ddl-frontend-editor-cell\" data-id='' data-name='Visual Editor 23' data-type='cell-text' data-layout_slug='' data-kind='Cell'><\/div>\n<\/div>\n<div class=\"row  ddl-frontend-editor-row ddl-frontend-editor-editable\"   data-id='' data-name='Row 7' data-type='row' data-layout_slug='' data-kind='Row' >\n<div class=\"col-sm-12 ddl-frontend-editor-cell ddl-frontend-editor-editable js-ddl-frontend-editor-cell\" data-id='' data-name='Visual Editor 24' data-type='cell-text' data-layout_slug='' data-kind='Cell'>\n<p>&nbsp;<\/p>\n<hr \/>\n<\/div>\n<\/div>\n<div class=\"row  ddl-frontend-editor-row ddl-frontend-editor-editable\"   data-id='' data-name='Row 4' data-type='row' data-layout_slug='' data-kind='Row' >\n<div class=\"col-sm-6 ddl-frontend-editor-cell ddl-frontend-editor-editable js-ddl-frontend-editor-cell\" data-id='' data-name='Visual Editor 18' data-type='cell-text' data-layout_slug='' data-kind='Cell'>\n<p><span style=\"color: #ffffff;\">o<\/span><\/p>\n<\/div>\n<div class=\"col-sm-6 ddl-frontend-editor-cell ddl-frontend-editor-editable js-ddl-frontend-editor-cell\" data-id='' data-name='Visual Editor 14' data-type='cell-text' data-layout_slug='' data-kind='Cell'>\n<div class=\"page\" title=\"Page 1\">\n<div class=\"layoutArea\">\n<div class=\"column\">\n<p><strong>Si vous \u00eates int\u00e9ress\u00e9es ou avez des questions, veuillez vous adresser \u00e0:<\/strong><\/p>\n<p>Ines Stadie<br \/>\nTel. 07531\/900-2914<br \/>\n<a href=\"mailto:Ines.Stadie@konstanz.de\"><span style=\"color: #e00613;\">Ines.Stadie@konstanz.de<\/span><\/a><\/p>\n<hr \/>\n<p>&nbsp;<\/p>\n<\/div>\n<\/div>\n<\/div>\n<\/div>\n<\/div>\n<\/div>\n<\/div>\n<\/div>\n","protected":false},"excerpt":{"rendered":"<p>INFORMATIONS G\u00c9N\u00c9RALES SUR NOS VISITES GUID\u00c9ES Si vous \u00eates int\u00e9ress\u00e9es ou avez des questions concernant nos visites guid\u00e9es, veuillez vous adresser \u00e0: Dr. Lisa Foege Telefon +49 (0)7531 900-2851 Lisa.Foege@konstanz.de Les co\u00fbts des visites guid\u00e9es sont compos\u00e9s du tarif de la visite guid\u00e9e ainsi que du tarif d\u2019entr\u00e9e. (Tarif par personne dans le Rosgartenmuseum 3,00 \u20ac, tarif r\u00e9duit 1,50\u20ac; le<a class=\"readmore\" href=\"https:\/\/www.rosgartenmuseum.de\/fr\/kunstvermittlung\/\"><\/p>\n<p>lire la suite<\/a><\/p>\n","protected":false},"author":1,"featured_media":5531,"parent":0,"menu_order":0,"comment_status":"closed","ping_status":"closed","template":"","meta":{"_acf_changed":false,"_vp_format_video_url":"","_vp_image_focal_point":[],"footnotes":""},"class_list":["post-5529","page","type-page","status-publish","has-post-thumbnail","hentry"],"acf":[],"_links":{"self":[{"href":"https:\/\/www.rosgartenmuseum.de\/fr\/wp-json\/wp\/v2\/pages\/5529","targetHints":{"allow":["GET"]}}],"collection":[{"href":"https:\/\/www.rosgartenmuseum.de\/fr\/wp-json\/wp\/v2\/pages"}],"about":[{"href":"https:\/\/www.rosgartenmuseum.de\/fr\/wp-json\/wp\/v2\/types\/page"}],"author":[{"embeddable":true,"href":"https:\/\/www.rosgartenmuseum.de\/fr\/wp-json\/wp\/v2\/users\/1"}],"replies":[{"embeddable":true,"href":"https:\/\/www.rosgartenmuseum.de\/fr\/wp-json\/wp\/v2\/comments?post=5529"}],"version-history":[{"count":15,"href":"https:\/\/www.rosgartenmuseum.de\/fr\/wp-json\/wp\/v2\/pages\/5529\/revisions"}],"predecessor-version":[{"id":7505,"href":"https:\/\/www.rosgartenmuseum.de\/fr\/wp-json\/wp\/v2\/pages\/5529\/revisions\/7505"}],"wp:featuredmedia":[{"embeddable":true,"href":"https:\/\/www.rosgartenmuseum.de\/fr\/wp-json\/wp\/v2\/media\/5531"}],"wp:attachment":[{"href":"https:\/\/www.rosgartenmuseum.de\/fr\/wp-json\/wp\/v2\/media?parent=5529"}],"curies":[{"name":"wp","href":"https:\/\/api.w.org\/{rel}","templated":true}]}}