{"id":5493,"date":"2016-07-11T13:08:12","date_gmt":"2016-07-11T13:08:12","guid":{"rendered":"http:\/\/rosgartenmuseum.de\/museumscafe\/"},"modified":"2020-02-14T10:48:06","modified_gmt":"2020-02-14T10:48:06","slug":"museumscafe","status":"publish","type":"page","link":"https:\/\/www.rosgartenmuseum.de\/fr\/museumscafe\/","title":{"rendered":"CAF\u00c9 DU MUS\u00c9E"},"content":{"rendered":"<p>Le caf\u00e9 du mus\u00e9e est attenant aux salles d\u2019exposition. Dans une atmosph\u00e8re historique pleine de style avec des images de la villes et d\u2019autres rappelant des personnalit\u00e9s connues de l\u2019histoire de la ville, on peut y appr\u00e9cier des rafra\u00eechissements, du caf\u00e9, du th\u00e9 et des g\u00e2teaux, des vins, de la bi\u00e8re et de petits en-cas. Dans la p\u00e9riode plus chaude de l\u2019ann\u00e9e, la cour int\u00e9rieure permet de se d\u00e9tendre loin du stress quotidien, du bruit et de l\u2019agitation.<\/p>\n<p>&nbsp;<\/p>\n<p><strong>Horaires d\u2019ouverture du caf\u00e9 du mus\u00e9e<\/strong><\/p>\n<table class=\"table\" width=\"0\">\n<tbody>\n<tr>\n<td width=\"185\">Mardi \u00e0 vendredi<\/td>\n<td width=\"277\">10 \u2013 17:30h<\/td>\n<\/tr>\n<tr>\n<td width=\"185\">Samedi et dimanche<\/td>\n<td width=\"277\">10 \u2013 16:30h<\/td>\n<\/tr>\n<\/tbody>\n<\/table>\n<p>&nbsp;<\/p>\n<p><strong>Pour toute question concernant le caf\u00e9, veuillez vous adresser \u00e0:<\/strong><br \/>\nLina Balatska<br \/>\nT\u00e9l. 07531\/900-2861<\/p>\n<p>Vous souhaitez f\u00eater votre anniversaire au mus\u00e9e autour d\u2019un verre de champagne? Vous pr\u00e9voyez une excursion, pour une occasion priv\u00e9e ou dans le cadre d\u2019une entreprise, par exemple avec une visie guid\u00e9e, une promenade urbaine guid\u00e9e et un ap\u00e9ro final? Nous nous ferons un plaisir de vous faire parvenir un devis.<\/p>\n<p><strong>Pour effectuer des r\u00e9servations, veuillez vous adresser \u00e0:<\/strong><br \/>\nDr. Lisa Foege<br \/>\nT\u00e9l. 07531\/900-2851<br \/>\n<a href=\"mailto:Lisa.Foege@konstanz.de\" target=\"_blank\" rel=\"noopener noreferrer\">Lisa.Foege@konstanz.de<\/a><\/p>\n","protected":false},"excerpt":{"rendered":"<p>Le caf\u00e9 du mus\u00e9e est attenant aux salles d\u2019exposition. Dans une atmosph\u00e8re historique pleine de style avec des images de la villes et d\u2019autres rappelant des personnalit\u00e9s connues de l\u2019histoire de la ville, on peut y appr\u00e9cier des rafra\u00eechissements, du caf\u00e9, du th\u00e9 et des g\u00e2teaux, des vins, de la bi\u00e8re et de petits en-cas. Dans la p\u00e9riode plus chaude<a class=\"readmore\" href=\"https:\/\/www.rosgartenmuseum.de\/fr\/museumscafe\/\"><\/p>\n<p>lire la suite<\/a><\/p>\n","protected":false},"author":1,"featured_media":0,"parent":0,"menu_order":0,"comment_status":"closed","ping_status":"closed","template":"template-default.php","meta":{"_acf_changed":false,"_vp_format_video_url":"","_vp_image_focal_point":[],"footnotes":""},"class_list":["post-5493","page","type-page","status-publish","hentry"],"acf":[],"_links":{"self":[{"href":"https:\/\/www.rosgartenmuseum.de\/fr\/wp-json\/wp\/v2\/pages\/5493","targetHints":{"allow":["GET"]}}],"collection":[{"href":"https:\/\/www.rosgartenmuseum.de\/fr\/wp-json\/wp\/v2\/pages"}],"about":[{"href":"https:\/\/www.rosgartenmuseum.de\/fr\/wp-json\/wp\/v2\/types\/page"}],"author":[{"embeddable":true,"href":"https:\/\/www.rosgartenmuseum.de\/fr\/wp-json\/wp\/v2\/users\/1"}],"replies":[{"embeddable":true,"href":"https:\/\/www.rosgartenmuseum.de\/fr\/wp-json\/wp\/v2\/comments?post=5493"}],"version-history":[{"count":2,"href":"https:\/\/www.rosgartenmuseum.de\/fr\/wp-json\/wp\/v2\/pages\/5493\/revisions"}],"predecessor-version":[{"id":5495,"href":"https:\/\/www.rosgartenmuseum.de\/fr\/wp-json\/wp\/v2\/pages\/5493\/revisions\/5495"}],"wp:attachment":[{"href":"https:\/\/www.rosgartenmuseum.de\/fr\/wp-json\/wp\/v2\/media?parent=5493"}],"curies":[{"name":"wp","href":"https:\/\/api.w.org\/{rel}","templated":true}]}}