{"id":5488,"date":"2016-07-11T12:51:34","date_gmt":"2016-07-11T12:51:34","guid":{"rendered":"http:\/\/rosgartenmuseum.de\/sammlung\/"},"modified":"2020-10-23T16:03:59","modified_gmt":"2020-10-23T14:03:59","slug":"sammlung","status":"publish","type":"page","link":"https:\/\/www.rosgartenmuseum.de\/fr\/sammlung\/","title":{"rendered":"COLLECTION"},"content":{"rendered":"<p>En tant que mus\u00e9e d\u2019histoire de l\u2019art et culturelle, le Rosgartenmuseum met l\u2019accent dans sa collection sur des objets, \u0153uvres d\u2019art et t\u00e9moignanges de l\u2019histoire de la ville de Constance et de la r\u00e9gion du lac de Constance.<\/p>\n<p>La base de ce fonds est constitu\u00e9e par la collection du fondateur du mus\u00e9e Ludwig Leiner, ainsi que d\u2019autres collections priv\u00e9es, qui furent rassembl\u00e9es en 1870 avec la fondation du Rosgartenmuseum en tant que mus\u00e9e de la ville.<\/p>\n<p>Au fil des si\u00e8cles, la collection s\u2019est constamment agrandie et comprend actuellement environ 200 000 objets. L\u2019envergure de la collection s\u2018\u00e9tend de trouvailles arch\u00e9ologiques du n\u00e9olithique en passant par des peintures d\u2019autels du Moyen-\u00c2ge et des sculptures sur bois sacr\u00e9es, des peintures d\u2019artistes constan\u00e7ois et des objets du quotidien des 19e et 20e si\u00e8cles jusau\u2019\u00e0 des correspondances priv\u00e9es et des photos de personnalit\u00e9s historiques.<\/p>\n<p>La collection est constamment enrichie par des objets et des \u0153uvres d\u2019art ayant un rapport avec l\u2019histoire et la culture de la ville de Constance.<\/p>\n<p><strong>Si vous avez des questions concernant la collection, veuillez vous adresser \u00e0:<\/strong><\/p>\n<p>Dr. Lisa Foege<br \/>\nT\u00e9l\u00e9phone +49 (0)7531 900-2851<br \/>\n<a href=\"mailto:lisa.foege@konstanz.de\">Lisa.Foege@konstanz.de<\/a><\/p>\n<p><strong>Responsable du d\u00e9p\u00f4t d&rsquo;art et de l&rsquo;atelier de restauration:<\/strong><\/p>\n<p>Dipl. Restauratorin Rosa-Maria Pitt\u00e0-Settelmeyer<br \/>\nTelefon +49 (0)7531 900-2924<br \/>\n<a href=\"mailto:rosa.pitta-settelmeyer@konstanz.de\">Rosa.Pitta-Settelmeyer@konstanz.de<\/a><\/p>\n","protected":false},"excerpt":{"rendered":"<p>En tant que mus\u00e9e d\u2019histoire de l\u2019art et culturelle, le Rosgartenmuseum met l\u2019accent dans sa collection sur des objets, \u0153uvres d\u2019art et t\u00e9moignanges de l\u2019histoire de la ville de Constance et de la r\u00e9gion du lac de Constance. La base de ce fonds est constitu\u00e9e par la collection du fondateur du mus\u00e9e Ludwig Leiner, ainsi que d\u2019autres collections priv\u00e9es, qui<a class=\"readmore\" href=\"https:\/\/www.rosgartenmuseum.de\/fr\/sammlung\/\"><\/p>\n<p>lire la suite<\/a><\/p>\n","protected":false},"author":1,"featured_media":6430,"parent":0,"menu_order":0,"comment_status":"closed","ping_status":"closed","template":"template-default.php","meta":{"_acf_changed":false,"_vp_format_video_url":"","_vp_image_focal_point":[],"footnotes":""},"class_list":["post-5488","page","type-page","status-publish","has-post-thumbnail","hentry"],"acf":[],"_links":{"self":[{"href":"https:\/\/www.rosgartenmuseum.de\/fr\/wp-json\/wp\/v2\/pages\/5488","targetHints":{"allow":["GET"]}}],"collection":[{"href":"https:\/\/www.rosgartenmuseum.de\/fr\/wp-json\/wp\/v2\/pages"}],"about":[{"href":"https:\/\/www.rosgartenmuseum.de\/fr\/wp-json\/wp\/v2\/types\/page"}],"author":[{"embeddable":true,"href":"https:\/\/www.rosgartenmuseum.de\/fr\/wp-json\/wp\/v2\/users\/1"}],"replies":[{"embeddable":true,"href":"https:\/\/www.rosgartenmuseum.de\/fr\/wp-json\/wp\/v2\/comments?post=5488"}],"version-history":[{"count":3,"href":"https:\/\/www.rosgartenmuseum.de\/fr\/wp-json\/wp\/v2\/pages\/5488\/revisions"}],"predecessor-version":[{"id":6688,"href":"https:\/\/www.rosgartenmuseum.de\/fr\/wp-json\/wp\/v2\/pages\/5488\/revisions\/6688"}],"wp:featuredmedia":[{"embeddable":true,"href":"https:\/\/www.rosgartenmuseum.de\/fr\/wp-json\/wp\/v2\/media\/6430"}],"wp:attachment":[{"href":"https:\/\/www.rosgartenmuseum.de\/fr\/wp-json\/wp\/v2\/media?parent=5488"}],"curies":[{"name":"wp","href":"https:\/\/api.w.org\/{rel}","templated":true}]}}