{"id":5482,"date":"2016-07-11T12:50:16","date_gmt":"2016-07-11T12:50:16","guid":{"rendered":"http:\/\/rosgartenmuseum.de\/museumsgruender\/"},"modified":"2020-04-19T11:39:55","modified_gmt":"2020-04-19T11:39:55","slug":"museumsgruender","status":"publish","type":"page","link":"https:\/\/www.rosgartenmuseum.de\/fr\/museumsgruender\/","title":{"rendered":"FONDATEUR DU MUS\u00c9E"},"content":{"rendered":"<p>Ludwig Leiner, n\u00e9 en 1830 \u00e0 Constance, \u00e9tait la force motrice derri\u00e8re l\u2019installation d\u2019un mus\u00e9e dans la ville. Il \u00e9tait pharmacien et conseiller municipal \u00e0 Constance, et s\u2019est \u00e9galement fait un nom en tant que botaniste, collectionneur et protecteurs des monuments historiques. La famille Leiner \u00e9tait une vieille famille \u00e9tablie de patriciens, qui avait construit sa r\u00e9putation et sa prosp\u00e9rit\u00e9 sur le commerce du lin et \u00e9tait membre du conseil municipal depusi plusieurs g\u00e9n\u00e9rations.<\/p>\n<p>La direction du mus\u00e9e \u00e9choua apr\u00e8s la mort de Ludwig Leiner en 1901 \u00e0 son fils Otto. Celui-ci f\u00fbt \u00e0 son tour suivi par son fils Bruno en 1932 en tant que directeur du mus\u00e9e. \u00c0 partir de 1942, sa fille Sigrid \u00e9tait employ\u00e9e en tant que chercheuse ind\u00e9pendante au mus\u00e9e. Apr\u00e8s la mort de son p\u00e8re, Sigrid von Blankenhagen, n\u00e9e Leiner, prit la direction du Rosgartenmuseum.<\/p>\n<p>Plusieurs directeurs de mus\u00e9e se sont succ\u00e9d\u00e9s \u00e0 la suite de la dynastie Leiner. Depuis 2006, Dr. Tobias Engelsing est directeur des mus\u00e9es municipaux de Constance.<\/p>\n<p>Vous trouverez plus d\u2019informations sur le Rosgartenmuseum et la famille Liner dans: Tatiana Sfedu: \u201eEin Konstanzer B\u00fcrgerwerk. Das Rosgartenmuseum seit Ludwig Leiner, Konstanz, 2007.\u201c<\/p>\n<p><a href=\"http:\/\/www.uvk.de\/buecher\/alle\/db\/titel\/details\/titel\/ein-konstanzer-buergerwerk\/ch\/0d3175dc95c56786a9ca0595ed4adfb4\/\" target=\"_blank\" rel=\"noopener noreferrer\">Ein Konstanzer B\u00fcrgerwerk<\/a><\/p>\n","protected":false},"excerpt":{"rendered":"<p>Ludwig Leiner, n\u00e9 en 1830 \u00e0 Constance, \u00e9tait la force motrice derri\u00e8re l\u2019installation d\u2019un mus\u00e9e dans la ville. Il \u00e9tait pharmacien et conseiller municipal \u00e0 Constance, et s\u2019est \u00e9galement fait un nom en tant que botaniste, collectionneur et protecteurs des monuments historiques. La famille Leiner \u00e9tait une vieille famille \u00e9tablie de patriciens, qui avait construit sa r\u00e9putation et sa prosp\u00e9rit\u00e9<a class=\"readmore\" href=\"https:\/\/www.rosgartenmuseum.de\/fr\/museumsgruender\/\"><\/p>\n<p>lire la suite<\/a><\/p>\n","protected":false},"author":1,"featured_media":5483,"parent":0,"menu_order":0,"comment_status":"closed","ping_status":"closed","template":"template-default.php","meta":{"_acf_changed":false,"_vp_format_video_url":"","_vp_image_focal_point":[],"footnotes":""},"class_list":["post-5482","page","type-page","status-publish","has-post-thumbnail","hentry"],"acf":[],"_links":{"self":[{"href":"https:\/\/www.rosgartenmuseum.de\/fr\/wp-json\/wp\/v2\/pages\/5482","targetHints":{"allow":["GET"]}}],"collection":[{"href":"https:\/\/www.rosgartenmuseum.de\/fr\/wp-json\/wp\/v2\/pages"}],"about":[{"href":"https:\/\/www.rosgartenmuseum.de\/fr\/wp-json\/wp\/v2\/types\/page"}],"author":[{"embeddable":true,"href":"https:\/\/www.rosgartenmuseum.de\/fr\/wp-json\/wp\/v2\/users\/1"}],"replies":[{"embeddable":true,"href":"https:\/\/www.rosgartenmuseum.de\/fr\/wp-json\/wp\/v2\/comments?post=5482"}],"version-history":[{"count":1,"href":"https:\/\/www.rosgartenmuseum.de\/fr\/wp-json\/wp\/v2\/pages\/5482\/revisions"}],"predecessor-version":[{"id":5484,"href":"https:\/\/www.rosgartenmuseum.de\/fr\/wp-json\/wp\/v2\/pages\/5482\/revisions\/5484"}],"wp:featuredmedia":[{"embeddable":true,"href":"https:\/\/www.rosgartenmuseum.de\/fr\/wp-json\/wp\/v2\/media\/5483"}],"wp:attachment":[{"href":"https:\/\/www.rosgartenmuseum.de\/fr\/wp-json\/wp\/v2\/media?parent=5482"}],"curies":[{"name":"wp","href":"https:\/\/api.w.org\/{rel}","templated":true}]}}