{"id":5479,"date":"2016-06-06T14:03:17","date_gmt":"2016-06-06T14:03:17","guid":{"rendered":"http:\/\/rosgartenmuseum.de\/geschichte\/"},"modified":"2020-02-14T10:30:13","modified_gmt":"2020-02-14T10:30:13","slug":"geschichte","status":"publish","type":"page","link":"https:\/\/www.rosgartenmuseum.de\/fr\/geschichte\/","title":{"rendered":"HISTOIRE DU MUS\u00c9E"},"content":{"rendered":"<p>Le mus\u00e9e Rosgarten de Constance poss\u00e8de une longue tradition en tant que mus\u00e9e d\u2019histoire de l\u2019art et d\u2019histoire culturelle de la ville de Constance et de la r\u00e9gion du lac de Constance. Depuis sa fondation en 1870 par le pharmacien et conseiller municipal Ludwig Leiner, on peut y voir les riches collections concernant l\u2019histoire de la ville et de la r\u00e9gion. La maison \u201eZum Rosgarten\u201c (Au jardin des roses) \u00e9tait pendant le Moyen-\u00c2ge le si\u00e8ge des corporations des bouchers, \u00e9piciers, pharmaciens, fumistes, potiers et cordiers. Elle est mentionn\u00e9e pour la premi\u00e8re fois en 1324 et fusionna avec la maison adjacente \u201eZum Schwarzen Widder\u201c (Au b\u00e9lier noir) en 1454. Aujourd\u2019hui encore, les armoiries des deux maisons d\u00e9corent le portail du mus\u00e9e.<\/p>\n<p>Des expositions temporaires annuelles sur les th\u00e9matiques de l\u2019histoire de l\u2019art et de l\u2019histoire culturelle de la r\u00e9gion compl\u00e8tent l\u2019exposition permanente.<\/p>\n<p><a href=\"https:\/\/www.rosgartenmuseum.de\/ausstellungen\/sonderausstellung\/\" target=\"_blank\" rel=\"noopener noreferrer\">Informations sur l&rsquo;exposition sp\u00e9ciale<\/a><\/p>\n","protected":false},"excerpt":{"rendered":"<p>Le mus\u00e9e Rosgarten de Constance poss\u00e8de une longue tradition en tant que mus\u00e9e d\u2019histoire de l\u2019art et d\u2019histoire culturelle de la ville de Constance et de la r\u00e9gion du lac de Constance. Depuis sa fondation en 1870 par le pharmacien et conseiller municipal Ludwig Leiner, on peut y voir les riches collections concernant l\u2019histoire de la ville et de la<a class=\"readmore\" href=\"https:\/\/www.rosgartenmuseum.de\/fr\/geschichte\/\"><\/p>\n<p>lire la suite<\/a><\/p>\n","protected":false},"author":1,"featured_media":5480,"parent":0,"menu_order":0,"comment_status":"closed","ping_status":"closed","template":"template-default.php","meta":{"_acf_changed":false,"_vp_format_video_url":"","_vp_image_focal_point":[],"footnotes":""},"class_list":["post-5479","page","type-page","status-publish","has-post-thumbnail","hentry"],"acf":[],"_links":{"self":[{"href":"https:\/\/www.rosgartenmuseum.de\/fr\/wp-json\/wp\/v2\/pages\/5479","targetHints":{"allow":["GET"]}}],"collection":[{"href":"https:\/\/www.rosgartenmuseum.de\/fr\/wp-json\/wp\/v2\/pages"}],"about":[{"href":"https:\/\/www.rosgartenmuseum.de\/fr\/wp-json\/wp\/v2\/types\/page"}],"author":[{"embeddable":true,"href":"https:\/\/www.rosgartenmuseum.de\/fr\/wp-json\/wp\/v2\/users\/1"}],"replies":[{"embeddable":true,"href":"https:\/\/www.rosgartenmuseum.de\/fr\/wp-json\/wp\/v2\/comments?post=5479"}],"version-history":[{"count":1,"href":"https:\/\/www.rosgartenmuseum.de\/fr\/wp-json\/wp\/v2\/pages\/5479\/revisions"}],"predecessor-version":[{"id":5481,"href":"https:\/\/www.rosgartenmuseum.de\/fr\/wp-json\/wp\/v2\/pages\/5479\/revisions\/5481"}],"wp:featuredmedia":[{"embeddable":true,"href":"https:\/\/www.rosgartenmuseum.de\/fr\/wp-json\/wp\/v2\/media\/5480"}],"wp:attachment":[{"href":"https:\/\/www.rosgartenmuseum.de\/fr\/wp-json\/wp\/v2\/media?parent=5479"}],"curies":[{"name":"wp","href":"https:\/\/api.w.org\/{rel}","templated":true}]}}