{"id":11913,"date":"2025-06-04T15:52:17","date_gmt":"2025-06-04T13:52:17","guid":{"rendered":"https:\/\/www.rosgartenmuseum.de\/le-musee-rosgarten-a-constance\/"},"modified":"2025-06-04T15:56:07","modified_gmt":"2025-06-04T13:56:07","slug":"le-musee-rosgarten-a-constance","status":"publish","type":"page","link":"https:\/\/www.rosgartenmuseum.de\/fr\/le-musee-rosgarten-a-constance\/","title":{"rendered":"Le mus\u00e9e en langage facile"},"content":{"rendered":"\n<h3 class=\"wp-block-heading\">Le mus\u00e9e Rosgarten \u00e0 Constance<\/h3>\n\n<h4 class=\"wp-block-heading\">Qu\u2019est-ce que le mus\u00e9e Rosgarten\u202f?<\/h4>\n\n<p>Le mus\u00e9e Rosgarten est un mus\u00e9e dans la ville de Constance.<br\/>Il montre comment les gens vivaient autrefois.<br\/>Dans le mus\u00e9e, on peut voir beaucoup d\u2019objets anciens.<\/p>\n\n<ul class=\"wp-block-list\">\n<li>Des tableaux<\/li>\n\n\n\n<li>Des meubles<\/li>\n\n\n\n<li>Des objets de la pr\u00e9histoire et de l\u2019\u00e9poque romaine<\/li>\n<\/ul>\n\n<h4 class=\"wp-block-heading\">O\u00f9 se trouve le mus\u00e9e\u202f?<\/h4>\n\n<p><p style=\"padding-left: 40px;\">Le mus\u00e9e se trouve dans une maison tr\u00e8s ancienne.&#13;\nLa maison s\u2019appelle \u00ab\u202fZum Rosgarten\u202f\u00bb.&#13;\nElle est situ\u00e9e dans la vieille ville de Constance.<\/p><\/p>\n\n<h4 class=\"wp-block-heading\">Que peut-on voir dans le mus\u00e9e\u202f?<\/h4>\n\n<p>Il y a beaucoup de choses int\u00e9ressantes \u00e0 voir.<br\/>Par exemple\u202f:<\/p>\n\n<ul class=\"wp-block-list\">\n<li>Une maquette de la ville de Constance<\/li>\n\n\n\n<li>De vieux tableaux d\u2019artistes locaux<\/li>\n\n\n\n<li>Des informations sur le Concile de Constance<\/li>\n\n\n\n<li>Objets anciens de l\u2019\u00e9poque romaine<\/li>\n\n\n\n<li>Des expositions temporaires sur diff\u00e9rents sujets<\/li>\n<\/ul>\n\n<h4 class=\"wp-block-heading\">Qui a fond\u00e9 le mus\u00e9e\u202f?<\/h4>\n\n<p>Un homme nomm\u00e9 Ludwig Leiner a fond\u00e9 le mus\u00e9e.<br\/>C\u2019\u00e9tait en 1870.<br\/>Il \u00e9tait pharmacien et membre du conseil municipal.<br\/><br\/><\/p>\n\n<h4 class=\"wp-block-heading\">Y a-t-il un caf\u00e9\u202f?<\/h4>\n\n<p>Oui.<br\/>Il y a un caf\u00e9 dans le mus\u00e9e.<br\/>On peut y manger et boire quelque chose.<br\/>En \u00e9t\u00e9, on peut aussi s\u2019asseoir dans la cour int\u00e9rieure.<br\/><br\/><\/p>\n\n<h4 class=\"wp-block-heading\">Le mus\u00e9e est-il accessible\u202f?<br\/><\/h4>\n\n<p>Beaucoup de parties du mus\u00e9e sont accessibles.<br\/>Il y a des visites guid\u00e9es en langage simple.<br\/>Les personnes handicap\u00e9es peuvent visiter le mus\u00e9e facilement.<br\/><\/p>\n\n<h4 class=\"wp-block-heading\">Heures d\u2019ouverture<\/h4>\n\n<ul class=\"wp-block-list\">\n<li>Du mardi au vendredi\u202f: 10h00 \u2013 18h00<\/li>\n\n\n\n<li>Le samedi et le dimanche\u202f: 10h00 \u2013 17h00<\/li>\n\n\n\n<li>Ferm\u00e9 le lundi<\/li>\n<\/ul>\n\n<h4 class=\"wp-block-heading\">Contact<\/h4>\n\n<p>Adresse :<br\/>Rosgartenstra\u00dfe 3\u20135<br\/>78462 Constance \u2013 Allemagne<\/p>\n\n<p>T\u00e9l\u00e9phone :<br\/>+49 (0)7531 900-2246<\/p>\n\n<p>E-mail :<br\/>rosgartenmuseum@konstanz.de<\/p>\n","protected":false},"excerpt":{"rendered":"<p>Le mus\u00e9e Rosgarten \u00e0 Constance Qu\u2019est-ce que le mus\u00e9e Rosgarten\u202f? Le mus\u00e9e Rosgarten est un mus\u00e9e dans la ville de Constance.Il montre comment les gens vivaient autrefois.Dans le mus\u00e9e, on peut voir beaucoup d\u2019objets anciens. O\u00f9 se trouve le mus\u00e9e\u202f? Le mus\u00e9e se trouve dans une maison tr\u00e8s ancienne.&#13; La maison s\u2019appelle \u00ab\u202fZum Rosgarten\u202f\u00bb.&#13; Elle est situ\u00e9e dans la vieille<a class=\"readmore\" href=\"https:\/\/www.rosgartenmuseum.de\/fr\/le-musee-rosgarten-a-constance\/\"><\/p>\n<p>lire la suite<\/a><\/p>\n","protected":false},"author":2,"featured_media":0,"parent":0,"menu_order":0,"comment_status":"closed","ping_status":"closed","template":"","meta":{"_acf_changed":false,"_vp_format_video_url":"","_vp_image_focal_point":[],"footnotes":""},"class_list":["post-11913","page","type-page","status-publish","hentry"],"acf":[],"_links":{"self":[{"href":"https:\/\/www.rosgartenmuseum.de\/fr\/wp-json\/wp\/v2\/pages\/11913","targetHints":{"allow":["GET"]}}],"collection":[{"href":"https:\/\/www.rosgartenmuseum.de\/fr\/wp-json\/wp\/v2\/pages"}],"about":[{"href":"https:\/\/www.rosgartenmuseum.de\/fr\/wp-json\/wp\/v2\/types\/page"}],"author":[{"embeddable":true,"href":"https:\/\/www.rosgartenmuseum.de\/fr\/wp-json\/wp\/v2\/users\/2"}],"replies":[{"embeddable":true,"href":"https:\/\/www.rosgartenmuseum.de\/fr\/wp-json\/wp\/v2\/comments?post=11913"}],"version-history":[{"count":2,"href":"https:\/\/www.rosgartenmuseum.de\/fr\/wp-json\/wp\/v2\/pages\/11913\/revisions"}],"predecessor-version":[{"id":11919,"href":"https:\/\/www.rosgartenmuseum.de\/fr\/wp-json\/wp\/v2\/pages\/11913\/revisions\/11919"}],"wp:attachment":[{"href":"https:\/\/www.rosgartenmuseum.de\/fr\/wp-json\/wp\/v2\/media?parent=11913"}],"curies":[{"name":"wp","href":"https:\/\/api.w.org\/{rel}","templated":true}]}}