{"id":11905,"date":"2025-06-04T15:14:53","date_gmt":"2025-06-04T13:14:53","guid":{"rendered":"https:\/\/www.rosgartenmuseum.de\/declaration-daccessibilite\/"},"modified":"2025-06-04T15:14:54","modified_gmt":"2025-06-04T13:14:54","slug":"declaration-daccessibilite","status":"publish","type":"page","link":"https:\/\/www.rosgartenmuseum.de\/fr\/declaration-daccessibilite\/","title":{"rendered":"D\u00e9claration d\u2019accessibilit\u00e9"},"content":{"rendered":"\n<h3 class=\"wp-block-heading\">D\u00e9claration d\u2019accessibilit\u00e9<\/h3>\n\n<p>Le mus\u00e9e Rosgarten de Constance s\u2019efforce de rendre son site Internet <strong><a class=\"\" href=\"http:\/\/www.rosgartenmuseum.de\">www.rosgartenmuseum.de<\/a><\/strong> accessible sans barri\u00e8res, conform\u00e9ment \u00e0 l\u2019article 10, paragraphe 1 de la loi r\u00e9gionale sur l\u2019\u00e9galit\u00e9 des personnes handicap\u00e9es (L-BGG). Le site web suit les exigences de la norme allemande BITV 2.0.<\/p>\n\n<h4 class=\"wp-block-heading\">\u00c9tat de conformit\u00e9 aux exigences<\/h4>\n\n<p>Ce site Internet est <strong>largement accessible<\/strong>. Il a \u00e9t\u00e9 v\u00e9rifi\u00e9 pour son accessibilit\u00e9 \u00e0 l\u2019aide de l\u2019outil d\u2019\u00e9valuation WAVE ainsi que d\u2019autres outils, puis adapt\u00e9 en cons\u00e9quence.<\/p>\n\n<h4 class=\"wp-block-heading\">Contenus non accessibles<\/h4>\n\n<p>Les contenus suivants ne sont actuellement <strong>pas accessibles<\/strong>\u00a0:<\/p>\n\n<ul class=\"wp-block-list\">\n<li><strong>Documents PDF<\/strong> : Beaucoup des fichiers PDF int\u00e9gr\u00e9s sur le site ne sont <strong>pas encore accessibles<\/strong>. Nous travaillons \u00e0 les remplacer progressivement par des versions accessibles.<\/li>\n<\/ul>\n\n<p>Si vous rencontrez des obstacles, nous vous serions reconnaissants de nous en faire part.<\/p>\n\n<h4 class=\"wp-block-heading\">Signaler un obstacle \/ Retour d\u2019information<\/h4>\n\n<p>Si vous constatez des d\u00e9fauts concernant l\u2019accessibilit\u00e9 de notre site Internet ou si vous avez besoin d\u2019informations sur des contenus non accessibles, n\u2019h\u00e9sitez pas \u00e0 nous contacter :<br\/><br\/><\/p>\n\n<p><strong>Contact :<\/strong><br\/>Mus\u00e9e Rosgarten de Constance<br\/>Rosgartenstra\u00dfe 3\u20135<br\/>78462 Constance<br\/>E-mail : <a>rosgartenmuseum@konstanz.de<\/a><br\/>T\u00e9l\u00e9phone : +49 (0)7531 900-2246<\/p>\n\n<h4 class=\"wp-block-heading\">Proc\u00e9dure de recours<\/h4>\n\n<p>Si vous ne recevez pas de r\u00e9ponse satisfaisante \u00e0 votre signalement ou demande dans un d\u00e9lai de quatre semaines, vous pouvez contacter l\u2019organisme de recours de votre Land :<\/p>\n\n<p><strong>Organisme de recours pour l\u2019accessibilit\u00e9 des technologies de l\u2019information<\/strong><br\/>D\u00e9l\u00e9gu\u00e9e r\u00e9gionale aux personnes handicap\u00e9es du Bade-Wurtemberg<br\/>Else-Josenhans-Stra\u00dfe 6<br\/>70173 Stuttgart<br\/>T\u00e9l\u00e9phone : +49 (0)711 279-3360<br\/>E-mail : <a>poststelle@bfbmb.bwl.de<\/a><br\/>Site web : <a>https:\/\/www.bfbmb.bwl.de<\/a><\/p>\n\n<h4 class=\"wp-block-heading\">Date de la pr\u00e9sente d\u00e9claration<\/h4>\n\n<p>Cette d\u00e9claration a \u00e9t\u00e9 r\u00e9dig\u00e9e le <strong>04.06.2025<\/strong> et v\u00e9rifi\u00e9e en dernier lieu \u00e0 l\u2019aide de l\u2019<strong>outil d\u2019\u00e9valuation WAVE<\/strong> ainsi que par des tests manuels.<\/p>\n","protected":false},"excerpt":{"rendered":"<p>D\u00e9claration d\u2019accessibilit\u00e9 Le mus\u00e9e Rosgarten de Constance s\u2019efforce de rendre son site Internet www.rosgartenmuseum.de accessible sans barri\u00e8res, conform\u00e9ment \u00e0 l\u2019article 10, paragraphe 1 de la loi r\u00e9gionale sur l\u2019\u00e9galit\u00e9 des personnes handicap\u00e9es (L-BGG). Le site web suit les exigences de la norme allemande BITV 2.0. \u00c9tat de conformit\u00e9 aux exigences Ce site Internet est largement accessible. Il a \u00e9t\u00e9 v\u00e9rifi\u00e9<a class=\"readmore\" href=\"https:\/\/www.rosgartenmuseum.de\/fr\/declaration-daccessibilite\/\"><\/p>\n<p>lire la suite<\/a><\/p>\n","protected":false},"author":2,"featured_media":0,"parent":0,"menu_order":0,"comment_status":"closed","ping_status":"closed","template":"","meta":{"_acf_changed":false,"_vp_format_video_url":"","_vp_image_focal_point":[],"footnotes":""},"class_list":["post-11905","page","type-page","status-publish","hentry"],"acf":[],"_links":{"self":[{"href":"https:\/\/www.rosgartenmuseum.de\/fr\/wp-json\/wp\/v2\/pages\/11905","targetHints":{"allow":["GET"]}}],"collection":[{"href":"https:\/\/www.rosgartenmuseum.de\/fr\/wp-json\/wp\/v2\/pages"}],"about":[{"href":"https:\/\/www.rosgartenmuseum.de\/fr\/wp-json\/wp\/v2\/types\/page"}],"author":[{"embeddable":true,"href":"https:\/\/www.rosgartenmuseum.de\/fr\/wp-json\/wp\/v2\/users\/2"}],"replies":[{"embeddable":true,"href":"https:\/\/www.rosgartenmuseum.de\/fr\/wp-json\/wp\/v2\/comments?post=11905"}],"version-history":[{"count":1,"href":"https:\/\/www.rosgartenmuseum.de\/fr\/wp-json\/wp\/v2\/pages\/11905\/revisions"}],"predecessor-version":[{"id":11906,"href":"https:\/\/www.rosgartenmuseum.de\/fr\/wp-json\/wp\/v2\/pages\/11905\/revisions\/11906"}],"wp:attachment":[{"href":"https:\/\/www.rosgartenmuseum.de\/fr\/wp-json\/wp\/v2\/media?parent=11905"}],"curies":[{"name":"wp","href":"https:\/\/api.w.org\/{rel}","templated":true}]}}