{"id":7918,"date":"2021-11-12T21:06:44","date_gmt":"2021-11-12T20:06:44","guid":{"rendered":"https:\/\/www.rosgartenmuseum.de\/tours-education\/"},"modified":"2021-11-12T21:06:45","modified_gmt":"2021-11-12T20:06:45","slug":"tours-education","status":"publish","type":"page","link":"https:\/\/www.rosgartenmuseum.de\/en\/tours-education\/","title":{"rendered":"Tours \/ Education"},"content":{"rendered":"\n<p><\/p>\n\n<h3 class=\"wp-block-heading\">GENERAL INFORMATION ON OUR GUIDED TOURS<\/h3>\n\n<p><\/p>\n\n<div class=\"wp-block-columns is-layout-flex wp-container-core-columns-is-layout-9d6595d7 wp-block-columns-is-layout-flex\">\n<div class=\"wp-block-column is-layout-flow wp-block-column-is-layout-flow\">\n<figure class=\"wp-block-image size-large\"><img loading=\"lazy\" decoding=\"async\" width=\"1024\" height=\"614\" src=\"https:\/\/www.rosgartenmuseum.de\/wp-content\/uploads\/2016\/07\/Vermittlung.web_-1024x614.jpg\" alt=\"\" class=\"wp-image-1680\" srcset=\"https:\/\/www.rosgartenmuseum.de\/wp-content\/uploads\/2016\/07\/Vermittlung.web_.jpg 1024w, https:\/\/www.rosgartenmuseum.de\/wp-content\/uploads\/2016\/07\/Vermittlung.web_-300x180.jpg 300w\" sizes=\"auto, (max-width: 1024px) 100vw, 1024px\" \/><\/figure>\n\n\n<p><strong>If you are interested or have any further questions, please contact:<\/strong>&#13;\n&#13;\nDr. Lisa Foege&#13;\nTelefon +49 (0)7531 900-2851&#13;\n<a href=\"mailto:Lisa.Foege@konstanz.de\">Lisa.Foege@konstanz.de<\/a><\/p>\n<\/div>\n\n\n\n<div class=\"wp-block-column is-layout-flow wp-block-column-is-layout-flow\">\n<p><strong>Costs for guided tours include admission and guide fee<\/strong>&#13;\n&#13;\n(admission to Rosgarten Museum 3,00 \u20ac per person, reduced 1,50 \u20ac, groups of 10 persons or over 1,50 \u20ac)&#13;\n&#13;\nGuided tours must be booked in advance.&#13;\n&#13;\n<strong>Foreign language<\/strong>\u00a0tours upon request.&#13;\n&#13;\nPlease note: Only\u00a0<strong>English<\/strong>\u00a0and\u00a0<strong>Spanish<\/strong>\u00a0guided tours are currently available.&#13;\n&#13;\nDue to our limited facilities, it is not possible to simultaneously conduct two guided tours on the same topic. Please feel free to contact us, we will find a solution.&#13;\n&#13;\nGuided tours by external guides are not permitted.&#13;\n&#13;\nPlease make sure that we can start the tour on time. In the event of a delay of 15 minutes or more, the opened hour will be charged an additional 20 euros.&#13;\n&#13;\nGroups are\u00a0<strong>limited to 25 persons<\/strong>\u00a0(for pre-booked as well as public guided tours)&#13;\n&#13;\nMinimum number of participants for public house tours: 3&#13;\n&#13;\nMinimum number of participants for public guided tours across the city: 5&#13;\n&#13;\nFor more information on our range of topics please see our leaflet.&#13;\n&#13;\nYou can find summary information in this compilation&#13;\n&#13;\n<a href=\"https:\/\/rosgartenmuseum.de\/wp-content\/uploads\/2019\/12\/F%C3%BChrungen-im-Rosgartenmuseum.pdf\">F\u00fchrungen im Rosgartenmuseum<\/a><\/p>\n\n\n\n<p>Guided tours must be booked in advance.<\/p>\n\n\n\n<p><strong>Foreign language<\/strong>\u00a0tours upon request.<\/p>\n\n\n\n<p>Please note: Only\u00a0<strong>English<\/strong>\u00a0and\u00a0<strong>Spanish<\/strong>\u00a0guided tours are currently available.<\/p>\n\n\n\n<p>Due to our limited facilities, it is not possible to simultaneously conduct two guided tours on the same topic. Please feel free to contact us, we will find a solution.<\/p>\n\n\n\n<p>Guided tours by external guides are not permitted.<\/p>\n\n\n\n<p>Please make sure that we can start the tour on time. In the event of a delay of 15 minutes or more, the opened hour will be charged an additional 20 euros.<\/p>\n\n\n\n<p>Groups are\u00a0<strong>limited to 25 persons<\/strong>\u00a0(for pre-booked as well as public guided tours)<\/p>\n\n\n\n<p>Minimum number of participants for public house tours: 3<\/p>\n\n\n\n<p>Minimum number of participants for public guided tours across the city: 5<\/p>\n\n\n\n<p>For more information on our range of topics please see our leaflet.<\/p>\n\n\n\n<p>You can find summary information in this compilation&#13;\n<a href=\"\/wp-content\/uploads\/2019\/12\/F%C3%BChrungen-im-Rosgartenmuseum.pdf\">F\u00fchrungen im Rosgartenmuseum<\/a><\/p>\n<\/div>\n<\/div>\n\n<p><\/p>\n\n<h2 class=\"wp-block-heading\">TOURS OF THE HOUSE (FOR GROUPS)<\/h2>\n\n<p><\/p>\n\n<div class=\"wp-block-columns is-layout-flex wp-container-core-columns-is-layout-9d6595d7 wp-block-columns-is-layout-flex\">\n<div class=\"wp-block-column is-layout-flow wp-block-column-is-layout-flow\">\n<p>WEEKDAYS<\/p>\n\n\n\n<figure class=\"wp-block-table\"><table class=\"table\"><tbody><tr><td>1 h<\/td><td><span class=\"has-inline-color has-rosered-color\">60 \u20ac<\/span><\/td><\/tr><tr><td>1,5 h<\/td><td><span class=\"has-inline-color has-rosered-color\">90 \u20ac<\/span><\/td><\/tr><tr><td>1 h foreign language<\/td><td><span class=\"has-inline-color has-rosered-color\">90 \u20ac<\/span><\/td><\/tr><tr><td>1,5 h foreign language<\/td><td><span class=\"has-inline-color has-rosered-color\">135 \u20ac<\/span><\/td><\/tr><\/tbody><\/table><\/figure>\n\n\n<p>WEEKENDS + AFTER 6 P.M.<\/p>\n\n\n\n<figure class=\"wp-block-table\"><table class=\"table\"><tbody><tr><td>1 h<\/td><td><span class=\"has-inline-color has-rosered-color\">70 \u20ac<\/span><\/td><\/tr><tr><td>1,5 h<\/td><td><span class=\"has-inline-color has-rosered-color\">105 \u20ac<\/span><\/td><\/tr><tr><td>1 h foreign language<\/td><td><span class=\"has-inline-color has-rosered-color\">100 \u20ac<\/span><\/td><\/tr><tr><td>1,5 h, foreign language<\/td><td><span class=\"has-inline-color has-rosered-color\">150 \u20ac<\/span><\/td><\/tr><\/tbody><\/table><\/figure>\n\n\n<p>Tour lengths may vary slightly.<\/p>\n<\/div>\n\n\n\n<div class=\"wp-block-column is-layout-flow wp-block-column-is-layout-flow\">\n<p>Wir bieten f\u00fcr Gruppen individuell buchbare F\u00fchrungen durch unsere Dauer- und Sonderausstellung an. Das Thema der F\u00fchrung wird im Vorfeld auf das Interessensgebiet Ihrer Gruppe abgestimmt. Gerne organisieren wir Ihnen im Anschluss einen Ap\u00e9ro, mit dem Sie Ihren Besuch ausklingen lassen k\u00f6nnen. F\u00fcr einen Ap\u00e9ro erstellen wir Ihnen ein individuelles Angebot.<\/p>\n<\/div>\n<\/div>\n\n<p><\/p>\n\n<hr class=\"wp-block-separator\"\/>\n\n<p><\/p>\n\n<div class=\"wp-block-columns is-layout-flex wp-container-core-columns-is-layout-9d6595d7 wp-block-columns-is-layout-flex\">\n<div class=\"wp-block-column is-layout-flow wp-block-column-is-layout-flow\">\n<h5 class=\"wp-block-heading\">GUIDED TOURS FOR SCHOOL CLASSES<\/h5>\n\n\n\n<p>Classes from the Constance district <span class=\"has-inline-color has-rosered-color\">1,50 \u20ac<\/span> \/ pupil&#13;\nClasses from outside the Constance district <span class=\"has-inline-color has-rosered-color\">85 \u20ac<\/span><\/p>\n<\/div>\n\n\n\n<div class=\"wp-block-column is-layout-flow wp-block-column-is-layout-flow\">\n<h5 class=\"wp-block-heading\">THEMATIC TOURS<\/h5>\n\n\n\n<p>Of our permanent and special exhibitions, we offer different thematic tours adapted to the respective age-level.&#13;\n&#13;\n<a href=\"\/wp-content\/uploads\/2018\/05\/FuehrungsangebotRM.pdf\" target=\"_blank\" rel=\"noopener\">&gt; Find out more<\/a><\/p>\n<\/div>\n<\/div>\n\n<p><\/p>\n\n<h2 class=\"wp-block-heading\">WALKS ACROSS TOWN (FOR GROUPS)<\/h2>\n\n<div class=\"wp-block-columns is-layout-flex wp-container-core-columns-is-layout-9d6595d7 wp-block-columns-is-layout-flex\">\n<div class=\"wp-block-column is-layout-flow wp-block-column-is-layout-flow\">\n<h5 class=\"wp-block-heading\">WEEKDAYS<\/h5>\n\n\n\n<p><span class=\"has-inline-color has-rosered-color\">110 \u20ac<\/span>&#13;\n<span class=\"has-inline-color has-rosered-color\">foreign language140 \u20ac<\/span><\/p>\n\n\n\n<h5 class=\"wp-block-heading\">WEEKENDS + AFTER 6 P.M.<\/h5>\n\n\n\n<p><span class=\"has-inline-color has-rosered-color\">130 \u20ac<\/span>&#13;\nforeign language <span class=\"has-inline-color has-rosered-color\">150 \u20ac<\/span><\/p>\n\n\n\n<h5 class=\"wp-block-heading\">FOR SCHOOL CLASSES<\/h5>\n\n\n\n<p>Classes from the Constance district <span class=\"has-inline-color has-rosered-color\">4 \u20ac<\/span> \/ pupil&#13;\nClasses from outside the Constance district <span class=\"has-inline-color has-rosered-color\">100 \u20ac<\/span><\/p>\n<\/div>\n\n\n\n<div class=\"wp-block-column is-layout-flow wp-block-column-is-layout-flow\">\n<figure class=\"wp-block-image size-large\"><img loading=\"lazy\" decoding=\"async\" width=\"1024\" height=\"768\" src=\"https:\/\/www.rosgartenmuseum.de\/wp-content\/uploads\/2019\/01\/friends2-1024x768.jpg\" alt=\"\" class=\"wp-image-3551\" srcset=\"https:\/\/www.rosgartenmuseum.de\/wp-content\/uploads\/2019\/01\/friends2-1024x768.jpg 1024w, https:\/\/www.rosgartenmuseum.de\/wp-content\/uploads\/2019\/01\/friends2-300x225.jpg 300w, https:\/\/www.rosgartenmuseum.de\/wp-content\/uploads\/2019\/01\/friends2.jpg 1280w\" sizes=\"auto, (max-width: 1024px) 100vw, 1024px\" \/><\/figure>\n\n\n<p>Our guides also conduct enjoyable walking tours of the city of Constance. In roughly 1,5 hours, you\u2019ll come across amusing and interesting facts about the city\u2019s different historical periods. Next to the general tour, we also offer different thematic tours.&#13;\n&#13;\n<strong>Duration: about 1,5 h<\/strong><\/p>\n<\/div>\n<\/div>\n\n<h2 class=\"wp-block-heading\">EDUCATIONAL OFFERINGS<\/h2>\n\n<p><\/p>\n\n<div class=\"wp-block-columns is-layout-flex wp-container-core-columns-is-layout-9d6595d7 wp-block-columns-is-layout-flex\">\n<div class=\"wp-block-column is-layout-flow wp-block-column-is-layout-flow\">\n<h5 class=\"wp-block-heading\">THEMA DES MONATS<\/h5>\n\n\n\n<p>Wertvolle, seltene, kuriose Objekte und Kunstgegenst\u00e4nde aus den reichen Sammlungen der St\u00e4dtischen Museen und spannende Themen zur Stadt- und Regionalgeschichte, monatlich pr\u00e4sentiert in stilvollem Rahmen mit anschlie\u00dfendem Aperitif im Museumscaf\u00e9.<\/p>\n\n\n\n<p>Alle Informationen finden Sie im\u00a0<a href=\"\/wp-content\/uploads\/2020\/12\/11xstaunen_2021_FINAL.pdf\" target=\"_blank\" rel=\"noreferrer noopener\">Flyer.<\/a><\/p>\n<\/div>\n\n\n\n<div class=\"wp-block-column is-layout-flow wp-block-column-is-layout-flow\">\n<h5 class=\"wp-block-heading\">MUSEENIOREN (Generation 60+)<\/h5>\n\n\n\n<p>Once a month, for people aged 60 or over, the Rosgarten Museum offers an entertaining afternoon at the museum. After a guided tour of about 1 hour, coffee and cake will be offered in the cosy museum caf\u00e9.<\/p>\n\n\n\n<p>10 \u20ac per person; registration required&#13;\n&#13;\n<a href=\"https:\/\/rosgartenmuseum.de\/wp-content\/uploads\/2019\/12\/Museenioren_RM_Halbjahr1_2020_FINAL_WEB.pdf\" target=\"_blank\" rel=\"noopener\">&gt; Find out more<\/a><\/p>\n<\/div>\n<\/div>\n\n<p><\/p>\n\n<hr class=\"wp-block-separator\"\/>\n\n<div class=\"wp-block-columns is-layout-flex wp-container-core-columns-is-layout-9d6595d7 wp-block-columns-is-layout-flex\">\n<div class=\"wp-block-column is-layout-flow wp-block-column-is-layout-flow\">\n<h5 class=\"wp-block-heading\">SPECIAL GUIDED TOURS FOR PARENTS WITH BABIES<\/h5>\n\n\n\n<p>To parents with babies (up to 2 years), we offer the possibility to visit our museum in a relaxed atmosphere. Special guided tours allow visitors to discover a wide range of topics at Rosgarten Museum.<\/p>\n\n\n\n<p>Find out more in our\u00a0<a href=\"\/wp-content\/uploads\/2019\/12\/Schnullerkind_A6_2020_WEB.pdf\" target=\"_blank\" rel=\"noopener\">leaflet<\/a>.<\/p>\n<\/div>\n\n\n\n<div class=\"wp-block-column is-layout-flow wp-block-column-is-layout-flow\">\n<h5 class=\"wp-block-heading\">GUIDED TOURS FOR BLIND AND PARTIALLY SIGHTED PERSONS<\/h5>\n\n\n\n<p>Explore the Rosgarten Museum with all your senses! For blind and visually impaired guests, upon request, we offer a guided tour of \u201cLeinersaal\u201d and \u201cZunftsaal\u201d. Duration of the tour: roughly 1 hour. In addition, we also offer a tour of selected works of art from our art inventory. We make art tangible with relief paintings and objects.<\/p>\n\n\n\n<p>&gt;\u00a0<a href=\"https:\/\/www.rosgartenmuseum.de\/wp-content\/uploads\/2018\/05\/FlyerBlindenfuehrungRM.pdf\" target=\"_blank\" rel=\"noopener\">Find out more<\/a><\/p>\n<\/div>\n<\/div>\n\n<p><\/p>\n\n<hr class=\"wp-block-separator\"\/>\n\n<div class=\"wp-block-columns is-layout-flex wp-container-core-columns-is-layout-9d6595d7 wp-block-columns-is-layout-flex\">\n<div class=\"wp-block-column is-layout-flow wp-block-column-is-layout-flow\">\n<h5 class=\"wp-block-heading\">FAMILY PROGRAM<\/h5>\n\n\n\n<p>We take you on a journey of discovery through the centuries and you\u2019ll learn exciting things about the history of the museum and the city of Constance. We discover history in guided tours and workshops.<\/p>\n\n\n\n<p>For the dates please keep an eye on our calendar and the daily press, all dates are also listed on the page\u00a0<a href=\"http:\/\/www.hermine-termine.de\/\" target=\"_blank\" rel=\"noopener\">\u201cHermine Termine\u201d<\/a>\u00a0.<\/p>\n<\/div>\n\n\n\n<div class=\"wp-block-column is-layout-flow wp-block-column-is-layout-flow\">\n<h5 class=\"wp-block-heading\">KUNSTCLUB! \u2013 Das Leben ist eine Leinwand<\/h5>\n\n\n\n<p>infach mal wieder kreativ sein? Mit Farbe und Pinsel neue Weltern erfinden? Und nebenbei etwas \u00fcber Kunstgeschichte und einzelne Techniken erfahren? Dann sind Sie bei uns genau richtig. Der \u201eKunstclub!\u201c ist eine Kooperation zwischen Rosgartenmuseum und der Kunstschule Konstanz und bietet an sechs Terminen eine Einf\u00fchrung in eine Kunsttechnik oder ein Thema an. Im Anschluss werden wir selbst kreativ und setzen dieses Thema oder diese Technik um. Vorkenntnisse sind nicht n\u00f6tig, Neugier aber unbedingt.<\/p>\n\n\n\n<p>20\u20ac\/Person und Termin (inkl. Material)<\/p>\n\n\n\n<p>Anmeldung unter: ines.stadie@konstanz.de oder 07531\/900-2914.<\/p>\n<\/div>\n<\/div>\n\n<p><\/p>\n\n<hr class=\"wp-block-separator\"\/>\n\n<p><\/p>\n\n<div class=\"wp-block-columns is-layout-flex wp-container-core-columns-is-layout-9d6595d7 wp-block-columns-is-layout-flex\">\n<div class=\"wp-block-column is-layout-flow wp-block-column-is-layout-flow\">\n<h5 class=\"wp-block-heading\">CHILDREN\u2019S BIRTHDAYS<\/h5>\n\n\n\n<p>Go on a journey of discovery with us. The Rosgarten Museum with its exciting stories is perfect for celebrating your birthday here. We tailor the workshop to your favorite topic in our house. <\/p>\n\n\n\n<p>Hot chocolate and cake should round off your celebration? We would be happy to make you an offer.<\/p>\n\n\n\n<p><span lang=\"en\">You can find information\u00a0<\/span><a href=\"https:\/\/rosgartenmuseum.de\/wp-content\/uploads\/2020\/02\/Infoblatt_Kindergeburtstag_Museum.pdf\" target=\"_blank\" rel=\"noopener\">here.<\/a><\/p>\n<\/div>\n\n\n\n<div class=\"wp-block-column is-layout-flow wp-block-column-is-layout-flow\"><\/div>\n<\/div>\n\n<hr class=\"wp-block-separator\"\/>\n\n<div class=\"wp-block-columns is-layout-flex wp-container-core-columns-is-layout-9d6595d7 wp-block-columns-is-layout-flex\">\n<div class=\"wp-block-column is-layout-flow wp-block-column-is-layout-flow\"><\/div>\n\n\n\n<div class=\"wp-block-column is-layout-flow wp-block-column-is-layout-flow\">\n<p><strong>If you are interested or have any questions, please contact:<\/strong>&#13;\nInes Stadie&#13;\nTel. 07531\/900-2914&#13;\n<a href=\"mailto:Ines.Stadie@konstanz.de\">Ines.Stadie@konstanz.de<\/a><\/p>\n<\/div>\n<\/div>\n","protected":false},"excerpt":{"rendered":"<p>GENERAL INFORMATION ON OUR GUIDED TOURS If you are interested or have any further questions, please contact:&#13; &#13; Dr. Lisa Foege&#13; Telefon +49 (0)7531 900-2851&#13; Lisa.Foege@konstanz.de Costs for guided tours include admission and guide fee&#13; &#13; (admission to Rosgarten Museum 3,00 \u20ac per person, reduced 1,50 \u20ac, groups of 10 persons or over 1,50 \u20ac)&#13; &#13; Guided tours must be<a class=\"readmore\" href=\"https:\/\/www.rosgartenmuseum.de\/en\/tours-education\/\"><\/p>\n<p>read more<\/a><\/p>\n","protected":false},"author":2,"featured_media":0,"parent":0,"menu_order":0,"comment_status":"closed","ping_status":"closed","template":"","meta":{"_acf_changed":false,"_vp_format_video_url":"","_vp_image_focal_point":[],"footnotes":""},"class_list":["post-7918","page","type-page","status-publish","hentry"],"acf":[],"_links":{"self":[{"href":"https:\/\/www.rosgartenmuseum.de\/en\/wp-json\/wp\/v2\/pages\/7918","targetHints":{"allow":["GET"]}}],"collection":[{"href":"https:\/\/www.rosgartenmuseum.de\/en\/wp-json\/wp\/v2\/pages"}],"about":[{"href":"https:\/\/www.rosgartenmuseum.de\/en\/wp-json\/wp\/v2\/types\/page"}],"author":[{"embeddable":true,"href":"https:\/\/www.rosgartenmuseum.de\/en\/wp-json\/wp\/v2\/users\/2"}],"replies":[{"embeddable":true,"href":"https:\/\/www.rosgartenmuseum.de\/en\/wp-json\/wp\/v2\/comments?post=7918"}],"version-history":[{"count":1,"href":"https:\/\/www.rosgartenmuseum.de\/en\/wp-json\/wp\/v2\/pages\/7918\/revisions"}],"predecessor-version":[{"id":7919,"href":"https:\/\/www.rosgartenmuseum.de\/en\/wp-json\/wp\/v2\/pages\/7918\/revisions\/7919"}],"wp:attachment":[{"href":"https:\/\/www.rosgartenmuseum.de\/en\/wp-json\/wp\/v2\/media?parent=7918"}],"curies":[{"name":"wp","href":"https:\/\/api.w.org\/{rel}","templated":true}]}}