{"id":5507,"date":"2016-07-11T13:23:33","date_gmt":"2016-07-11T13:23:33","guid":{"rendered":"http:\/\/rosgartenmuseum.de\/kunstvermittlung\/"},"modified":"2021-11-12T20:53:44","modified_gmt":"2021-11-12T19:53:44","slug":"kunstvermittlung_old","status":"publish","type":"page","link":"https:\/\/www.rosgartenmuseum.de\/en\/kunstvermittlung_old\/","title":{"rendered":"Tours \/ Education"},"content":{"rendered":"<div class=\"container-fluid \">\n<div class=\"ddl-full-width-row row ddl-frontend-editor-row ddl-frontend-editor-editable\" data-id=\"\" data-name=\"Row 1\" data-type=\"row\" data-layout_slug=\"\" data-kind=\"Row\">\n<div class=\"col-sm-12 ddl-frontend-editor-cell ddl-frontend-editor-editable js-ddl-frontend-editor-cell\" data-id=\"\" data-name=\"Visual Editor 4\" data-type=\"cell-text\" data-layout_slug=\"\" data-kind=\"Cell\">\n<h2><span style=\"color: #e00613;\">GENERAL INFORMATION ON OUR GUIDED TOURS<\/span><\/h2>\n<\/div>\n<\/div>\n<\/div>\n<div class=\"container-fluid \">\n<div class=\"ddl-full-width-row row ddl-frontend-editor-row ddl-frontend-editor-editable\" data-id=\"\" data-name=\"Row 2\" data-type=\"row\" data-layout_slug=\"\" data-kind=\"Row\">\n<div class=\"col-sm-6 ddl-frontend-editor-cell ddl-frontend-editor-editable js-ddl-frontend-editor-cell\" data-id=\"\" data-name=\"Grid of cells\" data-type=\"container\" data-layout_slug=\"\" data-kind=\"Container\">\n<div class=\"row ddl-frontend-editor-row ddl-frontend-editor-editable\" data-id=\"\" data-name=\"Row 1\" data-type=\"row\" data-layout_slug=\"\" data-kind=\"Row\">\n<div class=\"col-sm-12 ddl-frontend-editor-cell ddl-frontend-editor-editable js-ddl-frontend-editor-cell\" data-id=\"\" data-name=\"Bild 2\" data-type=\"imagebox-cell\" data-layout_slug=\"\" data-kind=\"Cell\">\n<div class=\"thumbnail\">\n<p><img decoding=\"async\" class=\" img-responsive alignnone\" src=\"http:\/\/www.rosgartenmuseum.de\/wp-content\/uploads\/2016\/07\/Vermittlung.web_.jpg\" \/><\/p>\n<\/div>\n<\/div>\n<\/div>\n<div class=\"row ddl-frontend-editor-row ddl-frontend-editor-editable\" data-id=\"\" data-name=\"Row 2\" data-type=\"row\" data-layout_slug=\"\" data-kind=\"Row\">\n<div class=\"col-sm-12 ddl-frontend-editor-cell ddl-frontend-editor-editable js-ddl-frontend-editor-cell\" data-id=\"\" data-name=\"Visual Editor 2\" data-type=\"cell-text\" data-layout_slug=\"\" data-kind=\"Cell\">\n<p><strong>If you are interested or have any further questions, please contact:<\/strong><\/p>\n<p>Dr. Lisa Foege<br \/>\nTelefon +49 (0)7531 900-2851<br \/>\n<a href=\"mailto:Lisa.Foege@konstanz.de\"><span style=\"color: #e00613;\">Lisa.Foege@konstanz.de<\/span><\/a><\/p>\n<\/div>\n<\/div>\n<\/div>\n<div class=\"col-sm-6 ddl-frontend-editor-cell ddl-frontend-editor-editable js-ddl-frontend-editor-cell\" data-id=\"\" data-name=\"Visual Editor\" data-type=\"cell-text\" data-layout_slug=\"\" data-kind=\"Cell\">\n<p><strong>Costs for guided tours include admission and guide fee<\/strong><\/p>\n<p>(admission to Rosgarten Museum 3,00 \u20ac per person, reduced 1,50 \u20ac, groups of 10 persons or over 1,50 \u20ac)<\/p>\n<p>Guided tours must be booked in advance.<\/p>\n<p><strong>Foreign language<\/strong> tours upon request.<\/p>\n<p>Please note: Only <strong>English<\/strong> and <strong>Spanish<\/strong> guided tours are currently available.<\/p>\n<p>Due to our limited facilities, it is not possible to simultaneously conduct two guided tours on the same topic. Please feel free to contact us, we will find a solution.<\/p>\n<p>Guided tours by external guides are not permitted.<\/p>\n<p>Please make sure that we can start the tour on time. In the event of a delay of 15 minutes or more, the opened hour will be charged an additional 20 euros.<\/p>\n<p>&nbsp;<\/p>\n<p>Groups are <strong>limited to 25 persons<\/strong> (for pre-booked as well as public guided tours)<\/p>\n<p>&nbsp;<\/p>\n<p>Minimum number of participants for public house tours: 3<\/p>\n<p>&nbsp;<\/p>\n<p>Minimum number of participants for public guided tours across the city: 5<\/p>\n<p>&nbsp;<\/p>\n<p>For more information on our range of topics please see our leaflet.<\/p>\n<p>You can find summary information in this compilation<\/p>\n<p><a href=\"http:\/\/rosgartenmuseum.de\/wp-content\/uploads\/2019\/12\/F\u00fchrungen-im-Rosgartenmuseum.pdf\">F\u00fchrungen im Rosgartenmuseum<\/a><\/p>\n<\/div>\n<\/div>\n<\/div>\n<div class=\"container-fluid \">\n<div class=\"ddl-full-width-row row ddl-frontend-editor-row ddl-frontend-editor-editable\" data-id=\"\" data-name=\"Row 3\" data-type=\"row\" data-layout_slug=\"\" data-kind=\"Row\">\n<div class=\"col-sm-12 ddl-frontend-editor-cell ddl-frontend-editor-editable js-ddl-frontend-editor-cell\" data-id=\"\" data-name=\"Visual Editor 3\" data-type=\"cell-text\" data-layout_slug=\"\" data-kind=\"Cell\">\n<h2><span style=\"color: #e00613;\">TOURS OF THE HOUSE (FOR GROUPS)<\/span><\/h2>\n<\/div>\n<\/div>\n<\/div>\n<div class=\"container-fluid \">\n<div class=\"ddl-full-width-row row ddl-frontend-editor-row ddl-frontend-editor-editable\" data-id=\"\" data-name=\"Row 4\" data-type=\"row\" data-layout_slug=\"\" data-kind=\"Row\">\n<div class=\"col-sm-6 ddl-frontend-editor-cell ddl-frontend-editor-editable js-ddl-frontend-editor-cell\" data-id=\"\" data-name=\"Visual Editor 5\" data-type=\"cell-text\" data-layout_slug=\"\" data-kind=\"Cell\">\n<h5><strong>WEEKDAYS<\/strong><\/h5>\n<p>1 h <span style=\"color: #e00613;\">60 \u20ac<\/span><br \/>\n1,5 h <span style=\"color: #e00613;\">90 \u20ac<\/span><br \/>\n1 h foreign language <span style=\"color: #e00613;\">90 \u20ac<\/span><br \/>\n1,5 h foreign language <span style=\"color: #e00613;\">135 \u20ac<\/span><\/p>\n<h5><strong>WEEKENDS + AFTER 6 P.M.<\/strong><\/h5>\n<p>1 h <span style=\"color: #e00613;\">70 \u20ac<\/span><br \/>\n1,5 h <span style=\"color: #e00613;\">105 \u20ac<\/span><br \/>\n1 h foreign language <span style=\"color: #e00613;\">100 \u20ac<\/span><br \/>\n1,5 h, foreign language <span style=\"color: #e00613;\">150 \u20ac<\/span><\/p>\n<p>&nbsp;<\/p>\n<p>Tour lengths may vary slightly.<\/p>\n<\/div>\n<div class=\"col-sm-6 ddl-frontend-editor-cell ddl-frontend-editor-editable js-ddl-frontend-editor-cell\" data-id=\"\" data-name=\"Visual Editor 6\" data-type=\"cell-text\" data-layout_slug=\"\" data-kind=\"Cell\">\n<p>Group tours across our permanent and special exhibition can be individually booked. The tour topic may be adapted beforehand to your group\u2019s field of interest. We will be pleased to arrange a drink for you and your group after the tour. For this, we will gladly submit an individual offer.<\/p>\n<\/div>\n<\/div>\n<\/div>\n<div class=\"container-fluid \">\n<div class=\"ddl-full-width-row row ddl-frontend-editor-row ddl-frontend-editor-editable\" data-id=\"\" data-name=\"Row 11\" data-type=\"row\" data-layout_slug=\"\" data-kind=\"Row\">\n<div class=\"col-sm-12 ddl-frontend-editor-cell ddl-frontend-editor-editable js-ddl-frontend-editor-cell\" data-id=\"\" data-name=\"Visual Editor 20\" data-type=\"cell-text\" data-layout_slug=\"\" data-kind=\"Cell\">\n<hr \/>\n<\/div>\n<\/div>\n<\/div>\n<div class=\"container-fluid \">\n<div class=\"ddl-full-width-row row ddl-frontend-editor-row ddl-frontend-editor-editable\" data-id=\"\" data-name=\"Row 9\" data-type=\"row\" data-layout_slug=\"\" data-kind=\"Row\">\n<div class=\"col-sm-6 ddl-frontend-editor-cell ddl-frontend-editor-editable js-ddl-frontend-editor-cell\" data-id=\"\" data-name=\"Visual Editor 12\" data-type=\"cell-text\" data-layout_slug=\"\" data-kind=\"Cell\">\n<h5>GUIDED TOURS FOR SCHOOL CLASSES<\/h5>\n<p>Classes from the Constance district <span style=\"color: #e00613;\">1,50 \u20ac<\/span> \/ pupil<br \/>\nClasses from outside the Constance district <span style=\"color: #e00613;\">85 \u20ac<\/span><\/p>\n<p>&nbsp;<\/p>\n<\/div>\n<div class=\"col-sm-6 ddl-frontend-editor-cell ddl-frontend-editor-editable js-ddl-frontend-editor-cell\" data-id=\"\" data-name=\"Visual Editor 16\" data-type=\"cell-text\" data-layout_slug=\"\" data-kind=\"Cell\">\n<h5>THEMATIC TOURS<\/h5>\n<p>Of our permanent and special exhibitions, we offer different thematic tours adapted to the respective age-level.<\/p>\n<p><a href=\"http:\/\/www.rosgartenmuseum.de\/wp-content\/uploads\/2018\/05\/FuehrungsangebotRM.pdf\" target=\"_blank\" rel=\"noopener\"><span style=\"color: #e00613;\">&gt; Find out more<\/span><\/a><\/p>\n<p>&nbsp;<\/p>\n<\/div>\n<\/div>\n<\/div>\n<div class=\"container-fluid \">\n<div class=\"ddl-full-width-row row ddl-frontend-editor-row ddl-frontend-editor-editable\" data-id=\"\" data-name=\"Row 5\" data-type=\"row\" data-layout_slug=\"\" data-kind=\"Row\">\n<div class=\"col-sm-12 ddl-frontend-editor-cell ddl-frontend-editor-editable js-ddl-frontend-editor-cell\" data-id=\"\" data-name=\"Visual Editor 7\" data-type=\"cell-text\" data-layout_slug=\"\" data-kind=\"Cell\">\n<h2><span style=\"color: #e00613;\">WALKS ACROSS TOWN (FOR GROUPS)<\/span><\/h2>\n<\/div>\n<\/div>\n<\/div>\n<div class=\"container-fluid \">\n<div class=\"ddl-full-width-row row ddl-frontend-editor-row ddl-frontend-editor-editable\" data-id=\"\" data-name=\"Row 6\" data-type=\"row\" data-layout_slug=\"\" data-kind=\"Row\">\n<div class=\"col-sm-6 ddl-frontend-editor-cell ddl-frontend-editor-editable js-ddl-frontend-editor-cell\" data-id=\"\" data-name=\"Visual Editor 8\" data-type=\"cell-text\" data-layout_slug=\"\" data-kind=\"Cell\">\n<div class=\"page\" title=\"Page 1\">\n<div class=\"layoutArea\">\n<div class=\"column\">\n<h5>WEEKDAYS<\/h5>\n<p><span style=\"color: #e00613;\">110 \u20ac<\/span><br \/>\nforeign language <span style=\"color: #e00613;\">140 \u20ac<\/span><\/p>\n<h5>WEEKENDS + AFTER 6 P.M.<\/h5>\n<p><span style=\"color: #e00613;\">130 \u20ac<\/span><br \/>\nforeign language <span style=\"color: #e00613;\">150 \u20ac<\/span><\/p>\n<hr \/>\n<h5>FOR SCHOOL CLASSES<\/h5>\n<div class=\"page\" title=\"Page 1\">\n<div class=\"layoutArea\">\n<div class=\"column\">\n<p>Classes from the Constance district\u00a0 <span style=\"color: #e00613;\">4 \u20ac<\/span> \/ pupil<br \/>\nClasses from outside the Constance district <span style=\"color: #e00613;\">100 \u20ac<\/span><\/p>\n<\/div>\n<\/div>\n<\/div>\n<p>&nbsp;<\/p>\n<\/div>\n<\/div>\n<\/div>\n<\/div>\n<div class=\"col-sm-6 ddl-frontend-editor-cell ddl-frontend-editor-editable js-ddl-frontend-editor-cell\" data-id=\"\" data-name=\"Grid of cells 2\" data-type=\"container\" data-layout_slug=\"\" data-kind=\"Container\">\n<div class=\"row ddl-frontend-editor-row ddl-frontend-editor-editable\" data-id=\"\" data-name=\"Row 1\" data-type=\"row\" data-layout_slug=\"\" data-kind=\"Row\">\n<div class=\"col-sm-6 ddl-frontend-editor-cell ddl-frontend-editor-editable js-ddl-frontend-editor-cell\" data-id=\"\" data-name=\"Bild\" data-type=\"imagebox-cell\" data-layout_slug=\"\" data-kind=\"Cell\">\n<div class=\"thumbnail\">\n<p><img loading=\"lazy\" decoding=\"async\" class=\" img-responsive alignnone\" src=\"https:\/\/www.rosgartenmuseum.de\/wp-content\/uploads\/2019\/01\/friends2-1024x768.jpg\" width=\"1024\" height=\"768\" \/><\/p>\n<\/div>\n<\/div>\n<\/div>\n<div class=\"row ddl-frontend-editor-row ddl-frontend-editor-editable\" data-id=\"\" data-name=\"Row 2\" data-type=\"row\" data-layout_slug=\"\" data-kind=\"Row\">\n<div class=\"col-sm-12 ddl-frontend-editor-cell ddl-frontend-editor-editable js-ddl-frontend-editor-cell\" data-id=\"\" data-name=\"Visual Editor 9\" data-type=\"cell-text\" data-layout_slug=\"\" data-kind=\"Cell\">\n<p>Our guides also conduct enjoyable walking tours of the city of Constance. In roughly 1,5 hours, you\u2019ll come across amusing and interesting facts about the city\u2019s different historical periods. Next to the general tour, we also offer different thematic tours.<\/p>\n<p><strong>Duration: about 1,5 h<\/strong><\/p>\n<\/div>\n<\/div>\n<\/div>\n<\/div>\n<\/div>\n<div class=\"container-fluid \">\n<div class=\"ddl-full-width-row row ddl-frontend-editor-row ddl-frontend-editor-editable\" data-id=\"\" data-name=\"Row 7\" data-type=\"row\" data-layout_slug=\"\" data-kind=\"Row\">\n<div class=\"col-sm-12 ddl-frontend-editor-cell ddl-frontend-editor-editable js-ddl-frontend-editor-cell\" data-id=\"\" data-name=\"Visual Editor 10\" data-type=\"cell-text\" data-layout_slug=\"\" data-kind=\"Cell\">\n<h2><span style=\"color: #e00613;\">EDUCATIONAL OFFERINGS<\/span><\/h2>\n<\/div>\n<\/div>\n<\/div>\n<div class=\"container-fluid \">\n<div class=\"ddl-full-width-row row ddl-frontend-editor-row ddl-frontend-editor-editable\" data-id=\"\" data-name=\"Row 8\" data-type=\"row\" data-layout_slug=\"\" data-kind=\"Row\">\n<div class=\"col-sm-12 ddl-frontend-editor-cell ddl-frontend-editor-editable js-ddl-frontend-editor-cell\" data-id=\"\" data-name=\"Grid of cells 3\" data-type=\"container\" data-layout_slug=\"\" data-kind=\"Container\">\n<div class=\"row ddl-frontend-editor-row ddl-frontend-editor-editable\" data-id=\"\" data-name=\"Row 1\" data-type=\"row\" data-layout_slug=\"\" data-kind=\"Row\">\n<div class=\"col-sm-6 ddl-frontend-editor-cell ddl-frontend-editor-editable js-ddl-frontend-editor-cell\" data-id=\"\" data-name=\"Visual Editor 11\" data-type=\"cell-text\" data-layout_slug=\"\" data-kind=\"Cell\">\n<h5><span style=\"color: #808080;\">THEMA DES MONATS<\/span><\/h5>\n<p><span style=\"color: #808080; font-family: Arial;\">Wertvolle, seltene, kuriose Objekte und Kunstgegenst\u00e4nde aus den reichen Sammlungen der St\u00e4dtischen Museen und spannende Themen zur Stadt- und Regionalgeschichte, monatlich pr\u00e4sentiert in stilvollem Rahmen mit anschlie\u00dfendem Aperitif im Museumscaf\u00e9. <\/span><\/p>\n<p><span style=\"color: #808080; font-family: Arial;\">Alle Informationen finden Sie im <a href=\"https:\/\/www.rosgartenmuseum.de\/wp-content\/uploads\/2020\/12\/11xstaunen_2021_FINAL.pdf\" target=\"_blank\" rel=\"noopener\">Flyer.<\/a><\/span><\/p>\n<\/div>\n<div class=\"col-sm-6 ddl-frontend-editor-cell ddl-frontend-editor-editable js-ddl-frontend-editor-cell\" data-id=\"\" data-name=\"Visual Editor 15\" data-type=\"cell-text\" data-layout_slug=\"\" data-kind=\"Cell\">\n<h5><span style=\"color: #808080;\">MUSEENIOREN (Generation 60+)<\/span><\/h5>\n<p>Once a month, for people aged 60 or over, the Rosgarten Museum offers an entertaining afternoon at the museum. After a guided tour of about 1 hour, coffee and cake will be offered in the cosy museum caf\u00e9.<\/p>\n<p>10 \u20ac per person; registration required<\/p>\n<p><a href=\"http:\/\/rosgartenmuseum.de\/wp-content\/uploads\/2019\/12\/Museenioren_RM_Halbjahr1_2020_FINAL_WEB.pdf\" target=\"_blank\" rel=\"noopener\"><span style=\"color: #808080;\">&gt; Find out more<\/span><\/a><\/p>\n<\/div>\n<\/div>\n<div class=\"row ddl-frontend-editor-row ddl-frontend-editor-editable\" data-id=\"\" data-name=\"Row 2\" data-type=\"row\" data-layout_slug=\"\" data-kind=\"Row\">\n<div class=\"col-sm-12 ddl-frontend-editor-cell ddl-frontend-editor-editable js-ddl-frontend-editor-cell\" data-id=\"\" data-name=\"Visual Editor 19\" data-type=\"cell-text\" data-layout_slug=\"\" data-kind=\"Cell\">\n<hr \/>\n<\/div>\n<\/div>\n<div class=\"row ddl-frontend-editor-row ddl-frontend-editor-editable\" data-id=\"\" data-name=\"Row 3\" data-type=\"row\" data-layout_slug=\"\" data-kind=\"Row\">\n<div class=\"col-sm-6 ddl-frontend-editor-cell ddl-frontend-editor-editable js-ddl-frontend-editor-cell\" data-id=\"\" data-name=\"Visual Editor 13\" data-type=\"cell-text\" data-layout_slug=\"\" data-kind=\"Cell\">\n<h5>SPECIAL GUIDED TOURS FOR PARENTS WITH BABIES<\/h5>\n<p>To parents with babies (up to 2 years), we offer the possibility to visit our museum in a relaxed atmosphere. Special guided tours allow visitors to discover a wide range of topics at Rosgarten Museum.<\/p>\n<p>Find out more in our <a href=\"http:\/\/rosgartenmuseum.de\/wp-content\/uploads\/2019\/12\/Schnullerkind_A6_2020_WEB.pdf\" target=\"_blank\" rel=\"noopener\">leaflet<\/a>.<\/p>\n<\/div>\n<div class=\"col-sm-6 ddl-frontend-editor-cell ddl-frontend-editor-editable js-ddl-frontend-editor-cell\" data-id=\"\" data-name=\"Visual Editor 17\" data-type=\"cell-text\" data-layout_slug=\"\" data-kind=\"Cell\">\n<h5>GUIDED TOURS FOR BLIND AND PARTIALLY SIGHTED PERSONS<\/h5>\n<p>Explore the Rosgarten Museum with all your senses! For blind and visually impaired guests, upon request, we offer a guided tour of \u201cLeinersaal\u201d and \u201cZunftsaal\u201d. Duration of the tour: roughly 1 hour. In addition, we also offer a tour of selected works of art from our art inventory. We make art tangible with relief paintings and objects.<\/p>\n<p><span style=\"color: #808080;\">&gt; <a style=\"color: #808080;\" href=\"http:\/\/www.rosgartenmuseum.de\/wp-content\/uploads\/2018\/05\/FlyerBlindenfuehrungRM.pdf\" target=\"_blank\" rel=\"noopener\">Find out more<\/a><\/span><\/p>\n<\/div>\n<\/div>\n<div class=\"row ddl-frontend-editor-row ddl-frontend-editor-editable\" data-id=\"\" data-name=\"Row 5\" data-type=\"row\" data-layout_slug=\"\" data-kind=\"Row\">\n<div class=\"col-sm-12 ddl-frontend-editor-cell ddl-frontend-editor-editable js-ddl-frontend-editor-cell\" data-id=\"\" data-name=\"Visual Editor 21\" data-type=\"cell-text\" data-layout_slug=\"\" data-kind=\"Cell\">\n<hr \/>\n<\/div>\n<\/div>\n<div class=\"row ddl-frontend-editor-row ddl-frontend-editor-editable\" data-id=\"\" data-name=\"Row 6\" data-type=\"row\" data-layout_slug=\"\" data-kind=\"Row\">\n<div class=\"col-sm-6 ddl-frontend-editor-cell ddl-frontend-editor-editable js-ddl-frontend-editor-cell\" data-id=\"\" data-name=\"Visual Editor 22\" data-type=\"cell-text\" data-layout_slug=\"\" data-kind=\"Cell\">\n<h5>FAMILY PROGRAM<\/h5>\n<p>We take you on a journey of discovery through the centuries and you\u2019ll learn exciting things about the history of the museum and the city of Constance. We discover history in guided tours and workshops.<\/p>\n<p>For the dates please keep an eye on our calendar and the daily press, all dates are also listed on the page\u00a0<a href=\"http:\/\/www.hermine-termine.de\/\" target=\"_blank\" rel=\"noopener\">&#8220;Hermine Termine&#8221;<\/a> .<\/p>\n<\/div>\n<div class=\"col-sm-6 ddl-frontend-editor-cell ddl-frontend-editor-editable js-ddl-frontend-editor-cell\" data-id=\"\" data-name=\"Visual Editor 23\" data-type=\"cell-text\" data-layout_slug=\"\" data-kind=\"Cell\">\n<h5>KUNSTCLUB! &#8211; Das Leben ist eine Leinwand<\/h5>\n<p>Einfach mal wieder kreativ sein? Mit Farbe und Pinsel neue Weltern erfinden? Und nebenbei etwas \u00fcber Kunstgeschichte und einzelne Techniken erfahren? Dann sind Sie bei uns genau richtig. Der &#8220;Kunstclub!&#8221; ist eine Kooperation zwischen Rosgartenmuseum und der Kunstschule Konstanz und bietet an sechs Terminen eine Einf\u00fchrung in eine Kunsttechnik oder ein Thema an. Im Anschluss werden wir selbst kreativ und setzen dieses Thema oder diese Technik um. Vorkenntnisse sind nicht n\u00f6tig, Neugier aber unbedingt.<\/p>\n<p>20\u20ac\/Person und Termin (inkl. Material)<\/p>\n<p>Anmeldung unter: ines.stadie@konstanz.de oder 07531\/900-2914.<\/p>\n<p>&nbsp;<\/p>\n<\/div>\n<\/div>\n<div class=\"row ddl-frontend-editor-row ddl-frontend-editor-editable\" data-id=\"\" data-name=\"Row 7\" data-type=\"row\" data-layout_slug=\"\" data-kind=\"Row\">\n<div class=\"col-sm-12 ddl-frontend-editor-cell ddl-frontend-editor-editable js-ddl-frontend-editor-cell\" data-id=\"\" data-name=\"Visual Editor 24\" data-type=\"cell-text\" data-layout_slug=\"\" data-kind=\"Cell\">\n<hr \/>\n<\/div>\n<\/div>\n<div class=\"row ddl-frontend-editor-row ddl-frontend-editor-editable\" data-id=\"\" data-name=\"Row 6\" data-type=\"row\" data-layout_slug=\"\" data-kind=\"Row\">\n<div class=\"col-sm-6 ddl-frontend-editor-cell ddl-frontend-editor-editable js-ddl-frontend-editor-cell\" data-id=\"\" data-name=\"Visual Editor 22\" data-type=\"cell-text\" data-layout_slug=\"\" data-kind=\"Cell\">\n<h5>CHILDREN&#8217;S BIRTHDAYS<\/h5>\n<p id=\"tw-target-text\" class=\"tw-data-text tw-text-large tw-ta\" dir=\"ltr\" data-placeholder=\"\u00dcbersetzung\"><span lang=\"en\">Go on a journey of discovery with us. The Rosgarten Museum with its exciting stories is perfect for celebrating your birthday here. We tailor the workshop to your favorite topic in our house. Hot chocolate and cake should round off your celebration? We would be happy to make you an offer. You can find information <\/span><a href=\"http:\/\/rosgartenmuseum.de\/wp-content\/uploads\/2020\/02\/Infoblatt_Kindergeburtstag_Museum.pdf\" target=\"_blank\" rel=\"noopener\">here.<\/a><\/p>\n<\/div>\n<div class=\"col-sm-6 ddl-frontend-editor-cell ddl-frontend-editor-editable js-ddl-frontend-editor-cell\" data-id=\"\" data-name=\"Visual Editor 23\" data-type=\"cell-text\" data-layout_slug=\"\" data-kind=\"Cell\"><\/div>\n<\/div>\n<div class=\"row ddl-frontend-editor-row ddl-frontend-editor-editable\" data-id=\"\" data-name=\"Row 7\" data-type=\"row\" data-layout_slug=\"\" data-kind=\"Row\">\n<div class=\"col-sm-12 ddl-frontend-editor-cell ddl-frontend-editor-editable js-ddl-frontend-editor-cell\" data-id=\"\" data-name=\"Visual Editor 24\" data-type=\"cell-text\" data-layout_slug=\"\" data-kind=\"Cell\">\n<p>&nbsp;<\/p>\n<hr \/>\n<\/div>\n<\/div>\n<div class=\"row ddl-frontend-editor-row ddl-frontend-editor-editable\" data-id=\"\" data-name=\"Row 4\" data-type=\"row\" data-layout_slug=\"\" data-kind=\"Row\">\n<div class=\"col-sm-6 ddl-frontend-editor-cell ddl-frontend-editor-editable js-ddl-frontend-editor-cell\" data-id=\"\" data-name=\"Visual Editor 18\" data-type=\"cell-text\" data-layout_slug=\"\" data-kind=\"Cell\">\n<p><span style=\"color: #ffffff;\">o<\/span><\/p>\n<\/div>\n<div class=\"col-sm-6 ddl-frontend-editor-cell ddl-frontend-editor-editable js-ddl-frontend-editor-cell\" data-id=\"\" data-name=\"Visual Editor 14\" data-type=\"cell-text\" data-layout_slug=\"\" data-kind=\"Cell\">\n<div class=\"page\" title=\"Page 1\">\n<div class=\"layoutArea\">\n<div class=\"column\">\n<p><strong>If you are interested or have any questions, please contact:<\/strong><br \/>\nInes Stadie<br \/>\nTel. 07531\/900-2914<br \/>\n<a href=\"mailto:Ines.Stadie@konstanz.de\"><span style=\"color: #e00613;\">Ines.Stadie@konstanz.de<\/span><\/a><\/p>\n<hr \/>\n<p>&nbsp;<\/p>\n<\/div>\n<\/div>\n<\/div>\n<\/div>\n<\/div>\n<\/div>\n<\/div>\n<\/div>\n","protected":false},"excerpt":{"rendered":"<p>GENERAL INFORMATION ON OUR GUIDED TOURS If you are interested or have any further questions, please contact: Dr. Lisa Foege Telefon +49 (0)7531 900-2851 Lisa.Foege@konstanz.de Costs for guided tours include admission and guide fee (admission to Rosgarten Museum 3,00 \u20ac per person, reduced 1,50 \u20ac, groups of 10 persons or over 1,50 \u20ac) Guided tours must be booked in advance.<a class=\"readmore\" href=\"https:\/\/www.rosgartenmuseum.de\/en\/kunstvermittlung_old\/\"><\/p>\n<p>read more<\/a><\/p>\n","protected":false},"author":1,"featured_media":5509,"parent":0,"menu_order":0,"comment_status":"closed","ping_status":"closed","template":"","meta":{"_acf_changed":false,"_vp_format_video_url":"","_vp_image_focal_point":[],"footnotes":""},"class_list":["post-5507","page","type-page","status-publish","has-post-thumbnail","hentry"],"acf":[],"_links":{"self":[{"href":"https:\/\/www.rosgartenmuseum.de\/en\/wp-json\/wp\/v2\/pages\/5507","targetHints":{"allow":["GET"]}}],"collection":[{"href":"https:\/\/www.rosgartenmuseum.de\/en\/wp-json\/wp\/v2\/pages"}],"about":[{"href":"https:\/\/www.rosgartenmuseum.de\/en\/wp-json\/wp\/v2\/types\/page"}],"author":[{"embeddable":true,"href":"https:\/\/www.rosgartenmuseum.de\/en\/wp-json\/wp\/v2\/users\/1"}],"replies":[{"embeddable":true,"href":"https:\/\/www.rosgartenmuseum.de\/en\/wp-json\/wp\/v2\/comments?post=5507"}],"version-history":[{"count":20,"href":"https:\/\/www.rosgartenmuseum.de\/en\/wp-json\/wp\/v2\/pages\/5507\/revisions"}],"predecessor-version":[{"id":7916,"href":"https:\/\/www.rosgartenmuseum.de\/en\/wp-json\/wp\/v2\/pages\/5507\/revisions\/7916"}],"wp:featuredmedia":[{"embeddable":true,"href":"https:\/\/www.rosgartenmuseum.de\/en\/wp-json\/wp\/v2\/media\/5509"}],"wp:attachment":[{"href":"https:\/\/www.rosgartenmuseum.de\/en\/wp-json\/wp\/v2\/media?parent=5507"}],"curies":[{"name":"wp","href":"https:\/\/api.w.org\/{rel}","templated":true}]}}